{"id":17163,"date":"2023-11-21T13:29:59","date_gmt":"2023-11-21T12:29:59","guid":{"rendered":"https:\/\/www.camping-loupignada.com\/campingurlaub-in-landes\/"},"modified":"2023-11-22T09:00:09","modified_gmt":"2023-11-22T08:00:09","slug":"campingurlaub-in-landes","status":"publish","type":"page","link":"https:\/\/www.camping-loupignada.com\/de\/campingurlaub-in-landes\/","title":{"rendered":"Landes"},"content":{"rendered":"<section id=\"ls-section-block_a44d305db45580706acc79c352171238\" class=\"ls-section   page-one has-p-t p-t-5 has-p-b p-b-3\" >\r\n        <div class=\"container container--wide\">\r\n        \n\n<h1 class=\"ls__heading wp-block-heading has-text-align-center\">Urlaub in den Landes<\/h1>\n\n\n\n<p class=\"ls-paragraph has-text-align-center\">M\u00f6chten Sie eine neue Region voller nat\u00fcrlicher Sch\u00f6nheit, <strong>Outdoor-Aktivit\u00e4ten<\/strong> und <strong>Kultur<\/strong> erkunden und kennenlernen? Suchen Sie nicht weiter als die <strong>Region Les Landes<\/strong> in Frankreich. Mit <strong>wundersch\u00f6nen Str\u00e4nden<\/strong>, sanft geschwungenen H\u00fcgeln und einem <strong>gem\u00e4\u00dfigten Klima<\/strong> ist <strong>Les Landes<\/strong> perfekt f\u00fcr alle, die einen kurzen Ausflug oder einen l\u00e4ngeren Urlaub suchen. Werfen wir einen Blick auf das, was diese Region zu bieten hat.<\/p>\n\n\r\n    <\/div>\r\n<\/section>\n\n<section id=\"ls-section-block_5b39e63346cd49622591d6a4aab85f03\" class=\"ls-section  home-sixth page-two has-p-t p-t-0\" >\r\n        <div class=\"container container--full\">\r\n        \n\n<div class=\"wp-block-columns are-vertically-aligned-center is-layout-flex wp-container-core-columns-is-layout-9d6595d7 wp-block-columns-is-layout-flex\">\n<div class=\"wp-block-column is-vertically-aligned-center column-text-parallax is-layout-flow wp-block-column-is-layout-flow\">\n<h2 class=\"ls__heading wp-block-heading\">Zwischen den Str\u00e4nden und den W\u00e4ldern der Landes<\/h2>\n\n\n\n<p class=\"ls-paragraph\">Die Region Landes liegt im <strong>S\u00fcdwesten Frankreichs<\/strong> an der Atlantikk\u00fcste. Ondres, wo sich der <a href=\"https:\/\/www.camping-loupignada.com\/de\/\">Campingplatz Lou Pignada<\/a> befindet, ist eine Stadt am Meer, die an eine Region grenzt, die genauso touristisch ist wie Les Landes: das <strong>Baskenland<\/strong>!<\/p>\n\n\n\n<p class=\"ls-paragraph\">Die Region Les Landes ist bekannt f\u00fcr ihre atemberaubenden <strong>Str\u00e4nde<\/strong>, gr\u00fcnen <strong>W\u00e4lder<\/strong> und <strong>Pinien<\/strong>, die nur in dieser Region des Landes vorkommen. Die Region Les Landes bildet n\u00e4mlich ein Dreieck von etwa 220 km L\u00e4nge und 100 km Breite und besteht haupts\u00e4chlich aus einem gro\u00dfen Waldgebiet. Der Wald der Landes ist einer der gr\u00f6\u00dften Europas und besteht haupts\u00e4chlich aus <strong>Seekiefern<\/strong>.  <\/p>\n\n\n\n<p class=\"ls-paragraph addReadMore showlesscontent\">Der Wald der Landes ist ein empfindliches \u00d6kosystem, das h\u00e4ufig von schweren St\u00fcrmen und verheerenden Br\u00e4nden heimgesucht wird. Wir appellieren daher an Sie, diese nat\u00fcrliche Umgebung zu respektieren.<br><br>Mit \u00fcber <strong>106 Kilometern sonniger K\u00fcstenlinie am Atlantik<\/strong> geh\u00f6ren die 37 Str\u00e4nde der Landes zu den Top-Reisezielen in Europa. Jeden Sommer str\u00f6men Millionen von Menschen auf der Suche nach Wassergl\u00fcck, blauem Himmel und goldenem Sand an diese Ufer!<\/p>\n<\/div>\n\n\n\n<div class=\"wp-block-column is-vertically-aligned-center is-layout-flow wp-block-column-is-layout-flow\">\n<figure class=\"wp-block-image size-full animated fadeIn delay-100ms slow\"><a href=\"https:\/\/www.camping-loupignada.com\/wp-content\/uploads\/2023\/11\/les-plages-des-landes.jpg\"><img decoding=\"async\" width=\"800\" height=\"600\" src=\"https:\/\/www.camping-loupignada.com\/wp-content\/uploads\/2023\/11\/les-plages-des-landes.jpg\" alt=\"die Str\u00e4nde der Heide\" class=\"wp-image-13983\" srcset=\"https:\/\/www.camping-loupignada.com\/wp-content\/uploads\/2023\/11\/les-plages-des-landes.jpg 800w, https:\/\/www.camping-loupignada.com\/wp-content\/uploads\/2023\/11\/les-plages-des-landes-300x225.jpg 300w, https:\/\/www.camping-loupignada.com\/wp-content\/uploads\/2023\/11\/les-plages-des-landes-768x576.jpg 768w\" sizes=\"(max-width: 800px) 100vw, 800px\" \/><\/a><\/figure>\n<\/div>\n\n\n\n<div class=\"wp-block-column is-vertically-aligned-center is-layout-flow wp-block-column-is-layout-flow\">\n<figure class=\"wp-block-image size-full animated fadeIn slow\"><a href=\"https:\/\/www.camping-loupignada.com\/wp-content\/uploads\/2023\/11\/decouvrir-les-forets-landaises.jpg\"><img decoding=\"async\" width=\"800\" height=\"600\" src=\"https:\/\/www.camping-loupignada.com\/wp-content\/uploads\/2023\/11\/decouvrir-les-forets-landaises.jpg\" alt=\"decouvrir les forets landaises\" class=\"wp-image-13978\" srcset=\"https:\/\/www.camping-loupignada.com\/wp-content\/uploads\/2023\/11\/decouvrir-les-forets-landaises.jpg 800w, https:\/\/www.camping-loupignada.com\/wp-content\/uploads\/2023\/11\/decouvrir-les-forets-landaises-300x225.jpg 300w, https:\/\/www.camping-loupignada.com\/wp-content\/uploads\/2023\/11\/decouvrir-les-forets-landaises-768x576.jpg 768w\" sizes=\"(max-width: 800px) 100vw, 800px\" \/><\/a><\/figure>\n<\/div>\n<\/div>\n\n\r\n    <\/div>\r\n<\/section>\n\n<section id=\"ls-section-block_9cf2beaf392660e9063aa4dfd9a5e04e\" class=\"ls-section  home-sixth page-three has-p-t p-t-0\" >\r\n        <div class=\"container container--full\">\r\n        \n\n<div class=\"wp-block-columns are-vertically-aligned-center is-layout-flex wp-container-core-columns-is-layout-9d6595d7 wp-block-columns-is-layout-flex\">\n<div class=\"wp-block-column is-vertically-aligned-center is-layout-flow wp-block-column-is-layout-flow\">\n<figure class=\"wp-block-image size-full animated fadeIn delay-200ms slow\"><a href=\"https:\/\/www.camping-loupignada.com\/wp-content\/uploads\/2023\/11\/velo-dans-les-forets-des-landes.jpg\"><img decoding=\"async\" width=\"800\" height=\"600\" src=\"https:\/\/www.camping-loupignada.com\/wp-content\/uploads\/2023\/11\/velo-dans-les-forets-des-landes.jpg\" alt=\"radfahren in den w\u00e4ldern der landes\" class=\"wp-image-13988\" srcset=\"https:\/\/www.camping-loupignada.com\/wp-content\/uploads\/2023\/11\/velo-dans-les-forets-des-landes.jpg 800w, https:\/\/www.camping-loupignada.com\/wp-content\/uploads\/2023\/11\/velo-dans-les-forets-des-landes-300x225.jpg 300w, https:\/\/www.camping-loupignada.com\/wp-content\/uploads\/2023\/11\/velo-dans-les-forets-des-landes-768x576.jpg 768w\" sizes=\"(max-width: 800px) 100vw, 800px\" \/><\/a><\/figure>\n<\/div>\n\n\n\n<div class=\"wp-block-column is-vertically-aligned-center is-layout-flow wp-block-column-is-layout-flow\"><div class=\"wp-block-image animated fadeInUp slow\">\n<figure class=\"aligncenter size-full is-resized\"><a href=\"https:\/\/www.camping-loupignada.com\/wp-content\/uploads\/2023\/11\/surf-dans-les-landes.jpg\"><img decoding=\"async\" width=\"800\" height=\"600\" src=\"https:\/\/www.camping-loupignada.com\/wp-content\/uploads\/2023\/11\/surf-dans-les-landes.jpg\" alt=\"surfen in den landes\" class=\"wp-image-13972\" style=\"width:335px;height:670px\" srcset=\"https:\/\/www.camping-loupignada.com\/wp-content\/uploads\/2023\/11\/surf-dans-les-landes.jpg 800w, https:\/\/www.camping-loupignada.com\/wp-content\/uploads\/2023\/11\/surf-dans-les-landes-300x225.jpg 300w, https:\/\/www.camping-loupignada.com\/wp-content\/uploads\/2023\/11\/surf-dans-les-landes-768x576.jpg 768w\" sizes=\"(max-width: 800px) 100vw, 800px\" \/><\/a><\/figure>\n<\/div><\/div>\n\n\n\n<div class=\"wp-block-column is-vertically-aligned-center column-text-parallax is-layout-flow wp-block-column-is-layout-flow\">\n<h2 class=\"ls__heading wp-block-heading\">Ein ideales Reiseziel f\u00fcr Sportler<\/h2>\n\n\n\n<p class=\"ls-paragraph\">F\u00fcr Sportbegeisterte ist die Silberk\u00fcste das perfekte Reiseziel!<\/p>\n\n\n\n<p class=\"ls-paragraph\">Das milde Klima ist ideal f\u00fcr <strong>Outdoor-Aktivit\u00e4ten<\/strong> wie <strong>Schwimmen<\/strong>, <strong>Kajakfahren<\/strong>, <strong>Kanufahren<\/strong> und <strong>Surfen<\/strong> &#8211; beliebte Aktivit\u00e4ten bei Einheimischen und Touristen.<\/p>\n\n\n\n<p class=\"ls-paragraph\"><strong>Fahrradfans<\/strong> freuen sich in den Landes: Es ist eine der drei am h\u00e4ufigsten ausge\u00fcbten Aktivit\u00e4ten nach dem Faulenzen am Strand und dem Wandern. Mit \u00fcber <strong>300 km Radwegen<\/strong> und 1 700 km Routen f\u00fcr Radfahrer sind die M\u00f6glichkeiten endlos! Genie\u00dfen Sie die Vielfalt der Landschaften, indem Sie zwischen Meer und Wald auf einem Mountainbike oder Trekkingrad (je nach Zustand der Piste) in die Pedale treten. Oder nutzen Sie einfach zwei R\u00e4der, um von Strand zu Strand zu fahren, M\u00e4rkte und Seen zu besuchen, ohne dabei ins Schwitzen zu geraten!<\/p>\n<\/div>\n<\/div>\n\n\r\n    <\/div>\r\n<\/section>\n\n<section id=\"ls-section-block_5b39e63346cd49622591d6a4aab85f03\" class=\"ls-section  home-sixth page-two has-p-t p-t-0\" >\r\n        <div class=\"container container--full\">\r\n        \n\n<div class=\"wp-block-columns are-vertically-aligned-center is-layout-flex wp-container-core-columns-is-layout-9d6595d7 wp-block-columns-is-layout-flex\">\n<div class=\"wp-block-column is-vertically-aligned-center column-text-parallax is-layout-flow wp-block-column-is-layout-flow\">\n<h2 class=\"ls__heading wp-block-heading\">Was k\u00f6nnen Sie w\u00e4hrend Ihres Aufenthalts in Les Landes unternehmen?<\/h2>\n\n\n\n<p class=\"ls-paragraph\">Das Departement <a href=\"https:\/\/www.landes-ferien.com\/\" target=\"_blank\" rel=\"noreferrer noopener nofollow\">Landes<\/a> ist reich an einem bedeutenden<strong> nat\u00fcrlichen<\/strong>, aber auch architektonischen und historischen<strong> Erbe<\/strong> und bietet eine F\u00fclle von Sehensw\u00fcrdigkeiten, die es zu besichtigen gilt. Die charmanten St\u00e4dte, Ferienorte und D\u00f6rfer entlang der K\u00fcste oder zwischen den S\u00fc\u00dfwasserseen haben alle ihren eigenen Charakter.  Die Meinungen \u00fcber dieses Dorf in den Landes, das seine einzigartige Atmosph\u00e4re den extravaganten baskisch-l\u00e4ndischen Villen verdankt, die zwischen den beiden Weltkriegen gebaut wurden, sind einhellig.  <\/p>\n\n\n\n<p class=\"ls-paragraph\">Die Stadt <strong>Dax<\/strong> ist ein historischer Kurort. Sie k\u00f6nnen dort seine erstaunliche Kathedrale mit neugriechischer Architektur besichtigen, die nur 40min von Ihrer Unterkunft in einem <strong>Campingplatz in den Landes<\/strong> entfernt liegt. Verpassen Sie nicht, in einem ganz anderen Stil, das mittelalterliche St\u00e4dtchen <strong>La-Bastide-d&#8217;Armagnac<\/strong>. <\/p>\n\n\n\n<p class=\"ls-paragraph addReadMore showlesscontent\">Die reichsten Naturgebiete umgeben Sie ebenfalls: Dazu geh\u00f6ren das Naturschutzgebiet des Stroms von Huchet, die <strong> Sumpfgebiet von Orx<\/strong>, das <strong>\u00e9tang de la Prade<\/strong> in <strong>Messanges<\/strong> oder die Teiche von Aureilhan in der N\u00e4he von  <strong>Mimizan<\/strong>, von <strong>Biscarrosse<\/strong> und <strong>Parentis<\/strong> (Campingplatz Biscarrosse) oder von <strong>Cazaux<\/strong> und <strong>Sanguinet<\/strong>, und nat\u00fcrlich der riesige Wald von Les Landes.<\/p>\n<\/div>\n\n\n\n<div class=\"wp-block-column is-vertically-aligned-center is-layout-flow wp-block-column-is-layout-flow\">\n<figure class=\"wp-block-image size-full animated fadeIn delay-100ms slow\"><a href=\"https:\/\/www.camping-loupignada.com\/wp-content\/uploads\/2023\/11\/decouvrir-la-place-dhossegor.jpg\"><img decoding=\"async\" width=\"800\" height=\"600\" src=\"https:\/\/www.camping-loupignada.com\/wp-content\/uploads\/2023\/11\/decouvrir-la-place-dhossegor.jpg\" alt=\"decouvrir la place d'hossegor\" class=\"wp-image-13995\" srcset=\"https:\/\/www.camping-loupignada.com\/wp-content\/uploads\/2023\/11\/decouvrir-la-place-dhossegor.jpg 800w, https:\/\/www.camping-loupignada.com\/wp-content\/uploads\/2023\/11\/decouvrir-la-place-dhossegor-300x225.jpg 300w, https:\/\/www.camping-loupignada.com\/wp-content\/uploads\/2023\/11\/decouvrir-la-place-dhossegor-768x576.jpg 768w\" sizes=\"(max-width: 800px) 100vw, 800px\" \/><\/a><\/figure>\n<\/div>\n\n\n\n<div class=\"wp-block-column is-vertically-aligned-center is-layout-flow wp-block-column-is-layout-flow\">\n<figure class=\"wp-block-image size-full animated fadeIn slow\"><a href=\"https:\/\/www.camping-loupignada.com\/wp-content\/uploads\/2023\/11\/adecouvrir-les-arenes-de-dax.jpg\"><img decoding=\"async\" width=\"800\" height=\"600\" src=\"https:\/\/www.camping-loupignada.com\/wp-content\/uploads\/2023\/11\/adecouvrir-les-arenes-de-dax.jpg\" alt=\"die arenen von dax entdecken\" class=\"wp-image-13967\" srcset=\"https:\/\/www.camping-loupignada.com\/wp-content\/uploads\/2023\/11\/adecouvrir-les-arenes-de-dax.jpg 800w, https:\/\/www.camping-loupignada.com\/wp-content\/uploads\/2023\/11\/adecouvrir-les-arenes-de-dax-300x225.jpg 300w, https:\/\/www.camping-loupignada.com\/wp-content\/uploads\/2023\/11\/adecouvrir-les-arenes-de-dax-768x576.jpg 768w\" sizes=\"(max-width: 800px) 100vw, 800px\" \/><\/a><\/figure>\n<\/div>\n<\/div>\n\n\r\n    <\/div>\r\n<\/section>","protected":false},"excerpt":{"rendered":"","protected":false},"author":1,"featured_media":14017,"parent":0,"menu_order":0,"comment_status":"closed","ping_status":"closed","template":"","meta":{"_acf_changed":false,"footnotes":""},"sujet":[],"class_list":["post-17163","page","type-page","status-publish","has-post-thumbnail","hentry"],"acf":[],"yoast_head":"<!-- This site is optimized with the Yoast SEO plugin v23.4 - https:\/\/yoast.com\/wordpress\/plugins\/seo\/ -->\n<title>Urlaub in den Landes: ein unumg\u00e4ngliches Reiseziel<\/title>\n<meta name=\"description\" content=\"Entdecken Sie die Landes, eine Region, die reich an Outdoor-Aktivit\u00e4ten, Gastronomie und kulturellem Erbe ist. Nutzen Sie seine Reicht\u00fcmer f\u00fcr einen unvergesslichen Urlaub.\" \/>\n<meta name=\"robots\" content=\"index, follow, max-snippet:-1, max-image-preview:large, max-video-preview:-1\" \/>\n<link rel=\"canonical\" href=\"https:\/\/www.camping-loupignada.com\/de\/campingurlaub-in-landes\/\" \/>\n<meta property=\"og:locale\" content=\"de_DE\" \/>\n<meta property=\"og:type\" content=\"article\" \/>\n<meta property=\"og:title\" content=\"Urlaub in den Landes: ein unumg\u00e4ngliches Reiseziel\" \/>\n<meta property=\"og:description\" content=\"Entdecken Sie die Landes, eine Region, die reich an Outdoor-Aktivit\u00e4ten, Gastronomie und kulturellem Erbe ist. Nutzen Sie seine Reicht\u00fcmer f\u00fcr einen unvergesslichen Urlaub.\" \/>\n<meta property=\"og:url\" content=\"https:\/\/www.camping-loupignada.com\/de\/campingurlaub-in-landes\/\" \/>\n<meta property=\"og:site_name\" content=\"Camping Lou Pignada\" \/>\n<meta property=\"article:modified_time\" content=\"2023-11-22T08:00:09+00:00\" \/>\n<meta property=\"og:image\" content=\"https:\/\/www.camping-loupignada.com\/wp-content\/uploads\/2023\/11\/activites-dans-les-landes.jpg\" \/>\n\t<meta property=\"og:image:width\" content=\"1920\" \/>\n\t<meta property=\"og:image:height\" content=\"550\" \/>\n\t<meta property=\"og:image:type\" content=\"image\/jpeg\" \/>\n<meta name=\"twitter:card\" content=\"summary_large_image\" \/>\n<meta name=\"twitter:label1\" content=\"Gesch\u00e4tzte Lesezeit\" \/>\n\t<meta name=\"twitter:data1\" content=\"4\u00a0Minuten\" \/>\n<script type=\"application\/ld+json\" class=\"yoast-schema-graph\">{\"@context\":\"https:\/\/schema.org\",\"@graph\":[{\"@type\":\"WebPage\",\"@id\":\"https:\/\/www.camping-loupignada.com\/de\/campingurlaub-in-landes\/\",\"url\":\"https:\/\/www.camping-loupignada.com\/de\/campingurlaub-in-landes\/\",\"name\":\"Urlaub in den Landes: ein unumg\u00e4ngliches Reiseziel\",\"isPartOf\":{\"@id\":\"https:\/\/www.camping-loupignada.com\/#website\"},\"primaryImageOfPage\":{\"@id\":\"https:\/\/www.camping-loupignada.com\/de\/campingurlaub-in-landes\/#primaryimage\"},\"image\":{\"@id\":\"https:\/\/www.camping-loupignada.com\/de\/campingurlaub-in-landes\/#primaryimage\"},\"thumbnailUrl\":\"https:\/\/www.camping-loupignada.com\/wp-content\/uploads\/2023\/11\/activites-dans-les-landes.jpg\",\"datePublished\":\"2023-11-21T12:29:59+00:00\",\"dateModified\":\"2023-11-22T08:00:09+00:00\",\"description\":\"Entdecken Sie die Landes, eine Region, die reich an Outdoor-Aktivit\u00e4ten, Gastronomie und kulturellem Erbe ist. Nutzen Sie seine Reicht\u00fcmer f\u00fcr einen unvergesslichen Urlaub.\",\"breadcrumb\":{\"@id\":\"https:\/\/www.camping-loupignada.com\/de\/campingurlaub-in-landes\/#breadcrumb\"},\"inLanguage\":\"de\",\"potentialAction\":[{\"@type\":\"ReadAction\",\"target\":[\"https:\/\/www.camping-loupignada.com\/de\/campingurlaub-in-landes\/\"]}]},{\"@type\":\"ImageObject\",\"inLanguage\":\"de\",\"@id\":\"https:\/\/www.camping-loupignada.com\/de\/campingurlaub-in-landes\/#primaryimage\",\"url\":\"https:\/\/www.camping-loupignada.com\/wp-content\/uploads\/2023\/11\/activites-dans-les-landes.jpg\",\"contentUrl\":\"https:\/\/www.camping-loupignada.com\/wp-content\/uploads\/2023\/11\/activites-dans-les-landes.jpg\",\"width\":1920,\"height\":550,\"caption\":\"aktivit\u00e4ten in landes\"},{\"@type\":\"BreadcrumbList\",\"@id\":\"https:\/\/www.camping-loupignada.com\/de\/campingurlaub-in-landes\/#breadcrumb\",\"itemListElement\":[{\"@type\":\"ListItem\",\"position\":1,\"name\":\"Campingplatz Landes\",\"item\":\"https:\/\/www.camping-loupignada.com\/de\/\"},{\"@type\":\"ListItem\",\"position\":2,\"name\":\"Aufenthalt Camping Landes\"}]},{\"@type\":\"WebSite\",\"@id\":\"https:\/\/www.camping-loupignada.com\/#website\",\"url\":\"https:\/\/www.camping-loupignada.com\/\",\"name\":\"Camping Lou Pignada\",\"description\":\"\",\"publisher\":{\"@id\":\"https:\/\/www.camping-loupignada.com\/#organization\"},\"potentialAction\":[{\"@type\":\"SearchAction\",\"target\":{\"@type\":\"EntryPoint\",\"urlTemplate\":\"https:\/\/www.camping-loupignada.com\/?s={search_term_string}\"},\"query-input\":{\"@type\":\"PropertyValueSpecification\",\"valueRequired\":true,\"valueName\":\"search_term_string\"}}],\"inLanguage\":\"de\"},{\"@type\":\"Organization\",\"@id\":\"https:\/\/www.camping-loupignada.com\/#organization\",\"name\":\"Camping Lou Pignada\",\"url\":\"https:\/\/www.camping-loupignada.com\/\",\"logo\":{\"@type\":\"ImageObject\",\"inLanguage\":\"de\",\"@id\":\"https:\/\/www.camping-loupignada.com\/#\/schema\/logo\/image\/\",\"url\":\"https:\/\/www.camping-loupignada.com\/wp-content\/uploads\/2023\/10\/cropped-logo.png\",\"contentUrl\":\"https:\/\/www.camping-loupignada.com\/wp-content\/uploads\/2023\/10\/cropped-logo.png\",\"width\":300,\"height\":300,\"caption\":\"Camping Lou Pignada\"},\"image\":{\"@id\":\"https:\/\/www.camping-loupignada.com\/#\/schema\/logo\/image\/\"}}]}<\/script>\n<!-- \/ Yoast SEO plugin. -->","yoast_head_json":{"title":"Urlaub in den Landes: ein unumg\u00e4ngliches Reiseziel","description":"Entdecken Sie die Landes, eine Region, die reich an Outdoor-Aktivit\u00e4ten, Gastronomie und kulturellem Erbe ist. Nutzen Sie seine Reicht\u00fcmer f\u00fcr einen unvergesslichen Urlaub.","robots":{"index":"index","follow":"follow","max-snippet":"max-snippet:-1","max-image-preview":"max-image-preview:large","max-video-preview":"max-video-preview:-1"},"canonical":"https:\/\/www.camping-loupignada.com\/de\/campingurlaub-in-landes\/","og_locale":"de_DE","og_type":"article","og_title":"Urlaub in den Landes: ein unumg\u00e4ngliches Reiseziel","og_description":"Entdecken Sie die Landes, eine Region, die reich an Outdoor-Aktivit\u00e4ten, Gastronomie und kulturellem Erbe ist. Nutzen Sie seine Reicht\u00fcmer f\u00fcr einen unvergesslichen Urlaub.","og_url":"https:\/\/www.camping-loupignada.com\/de\/campingurlaub-in-landes\/","og_site_name":"Camping Lou Pignada","article_modified_time":"2023-11-22T08:00:09+00:00","og_image":[{"width":1920,"height":550,"url":"https:\/\/www.camping-loupignada.com\/wp-content\/uploads\/2023\/11\/activites-dans-les-landes.jpg","type":"image\/jpeg"}],"twitter_card":"summary_large_image","twitter_misc":{"Gesch\u00e4tzte Lesezeit":"4\u00a0Minuten"},"schema":{"@context":"https:\/\/schema.org","@graph":[{"@type":"WebPage","@id":"https:\/\/www.camping-loupignada.com\/de\/campingurlaub-in-landes\/","url":"https:\/\/www.camping-loupignada.com\/de\/campingurlaub-in-landes\/","name":"Urlaub in den Landes: ein unumg\u00e4ngliches Reiseziel","isPartOf":{"@id":"https:\/\/www.camping-loupignada.com\/#website"},"primaryImageOfPage":{"@id":"https:\/\/www.camping-loupignada.com\/de\/campingurlaub-in-landes\/#primaryimage"},"image":{"@id":"https:\/\/www.camping-loupignada.com\/de\/campingurlaub-in-landes\/#primaryimage"},"thumbnailUrl":"https:\/\/www.camping-loupignada.com\/wp-content\/uploads\/2023\/11\/activites-dans-les-landes.jpg","datePublished":"2023-11-21T12:29:59+00:00","dateModified":"2023-11-22T08:00:09+00:00","description":"Entdecken Sie die Landes, eine Region, die reich an Outdoor-Aktivit\u00e4ten, Gastronomie und kulturellem Erbe ist. Nutzen Sie seine Reicht\u00fcmer f\u00fcr einen unvergesslichen Urlaub.","breadcrumb":{"@id":"https:\/\/www.camping-loupignada.com\/de\/campingurlaub-in-landes\/#breadcrumb"},"inLanguage":"de","potentialAction":[{"@type":"ReadAction","target":["https:\/\/www.camping-loupignada.com\/de\/campingurlaub-in-landes\/"]}]},{"@type":"ImageObject","inLanguage":"de","@id":"https:\/\/www.camping-loupignada.com\/de\/campingurlaub-in-landes\/#primaryimage","url":"https:\/\/www.camping-loupignada.com\/wp-content\/uploads\/2023\/11\/activites-dans-les-landes.jpg","contentUrl":"https:\/\/www.camping-loupignada.com\/wp-content\/uploads\/2023\/11\/activites-dans-les-landes.jpg","width":1920,"height":550,"caption":"aktivit\u00e4ten in landes"},{"@type":"BreadcrumbList","@id":"https:\/\/www.camping-loupignada.com\/de\/campingurlaub-in-landes\/#breadcrumb","itemListElement":[{"@type":"ListItem","position":1,"name":"Campingplatz Landes","item":"https:\/\/www.camping-loupignada.com\/de\/"},{"@type":"ListItem","position":2,"name":"Aufenthalt Camping Landes"}]},{"@type":"WebSite","@id":"https:\/\/www.camping-loupignada.com\/#website","url":"https:\/\/www.camping-loupignada.com\/","name":"Camping Lou Pignada","description":"","publisher":{"@id":"https:\/\/www.camping-loupignada.com\/#organization"},"potentialAction":[{"@type":"SearchAction","target":{"@type":"EntryPoint","urlTemplate":"https:\/\/www.camping-loupignada.com\/?s={search_term_string}"},"query-input":{"@type":"PropertyValueSpecification","valueRequired":true,"valueName":"search_term_string"}}],"inLanguage":"de"},{"@type":"Organization","@id":"https:\/\/www.camping-loupignada.com\/#organization","name":"Camping Lou Pignada","url":"https:\/\/www.camping-loupignada.com\/","logo":{"@type":"ImageObject","inLanguage":"de","@id":"https:\/\/www.camping-loupignada.com\/#\/schema\/logo\/image\/","url":"https:\/\/www.camping-loupignada.com\/wp-content\/uploads\/2023\/10\/cropped-logo.png","contentUrl":"https:\/\/www.camping-loupignada.com\/wp-content\/uploads\/2023\/10\/cropped-logo.png","width":300,"height":300,"caption":"Camping Lou Pignada"},"image":{"@id":"https:\/\/www.camping-loupignada.com\/#\/schema\/logo\/image\/"}}]}},"_links":{"self":[{"href":"https:\/\/www.camping-loupignada.com\/de\/wp-json\/wp\/v2\/pages\/17163","targetHints":{"allow":["GET"]}}],"collection":[{"href":"https:\/\/www.camping-loupignada.com\/de\/wp-json\/wp\/v2\/pages"}],"about":[{"href":"https:\/\/www.camping-loupignada.com\/de\/wp-json\/wp\/v2\/types\/page"}],"author":[{"embeddable":true,"href":"https:\/\/www.camping-loupignada.com\/de\/wp-json\/wp\/v2\/users\/1"}],"replies":[{"embeddable":true,"href":"https:\/\/www.camping-loupignada.com\/de\/wp-json\/wp\/v2\/comments?post=17163"}],"version-history":[{"count":6,"href":"https:\/\/www.camping-loupignada.com\/de\/wp-json\/wp\/v2\/pages\/17163\/revisions"}],"predecessor-version":[{"id":17467,"href":"https:\/\/www.camping-loupignada.com\/de\/wp-json\/wp\/v2\/pages\/17163\/revisions\/17467"}],"wp:featuredmedia":[{"embeddable":true,"href":"https:\/\/www.camping-loupignada.com\/de\/wp-json\/wp\/v2\/media\/14017"}],"wp:attachment":[{"href":"https:\/\/www.camping-loupignada.com\/de\/wp-json\/wp\/v2\/media?parent=17163"}],"wp:term":[{"taxonomy":"sujet","embeddable":true,"href":"https:\/\/www.camping-loupignada.com\/de\/wp-json\/wp\/v2\/sujet?post=17163"}],"curies":[{"name":"wp","href":"https:\/\/api.w.org\/{rel}","templated":true}]}}