{"id":17264,"date":"2023-11-21T13:44:39","date_gmt":"2023-11-21T12:44:39","guid":{"rendered":"https:\/\/www.camping-loupignada.com\/spanische-baskische-feiertage\/"},"modified":"2023-11-22T10:38:20","modified_gmt":"2023-11-22T09:38:20","slug":"spanische-baskische-feiertage","status":"publish","type":"page","link":"https:\/\/www.camping-loupignada.com\/de\/spanische-baskische-feiertage\/","title":{"rendered":"Spanisches Baskenland"},"content":{"rendered":"<section id=\"ls-section-block_d5d52ca5f172a0eef70f60e0369a7c1d\" class=\"ls-section   page-one has-p-t p-t-5 has-p-b p-b-3\" >\r\n        <div class=\"container container--wide\">\r\n        \n\n<h1 class=\"ls__heading wp-block-heading has-text-align-center\">Tourismus im spanischen Baskenland  <\/h1>\n\n\n\n<p class=\"ls-paragraph has-text-align-center\">Die geografische Lage des <a href=\"https:\/\/www.camping-loupignada.com\/de\/\">Campingplatzes Lou Pignada Landes<\/a>, erm\u00f6glicht es Ihnen, das spanische Baskenland zu erkunden. W\u00e4hrend Ihres Familienurlaubs an der Atlantikk\u00fcste auf einem Campingplatz oder in einem Mobilheim in Loupignada sind Sie ganz in der N\u00e4he der baskischen K\u00fcste mit ihren feinen Sandstr\u00e4nden und den ber\u00fchmten Wellen des Atlantiks, die ideal zum Surfen sind!<\/p>\n\n\n\n<p class=\"ls-paragraph has-text-align-center\">Surfen an den <strong>Str\u00e4nden Arrietara<\/strong> und Atxabiribil in Sopela, ein Boot am<strong> Strand La Concha in San Sebasti\u00e1n<\/strong> mieten  Auf dem Gipfel des Berges Jaizkibel k\u00f6nnen Sie von der Burgruine San Enriqu\u00e9 aus einen Panoramablick auf den Golf von Biskaya und die M\u00fcndung des Bidasoa genie\u00dfen, oder Sie ziehen Ihre Wanderschuhe an und folgen dem GR38, um eine Wanderung durch die muschelf\u00f6rmige Bucht zu unternehmen.<strong>abuleuse weinstra\u00dfe<\/strong>  und Fisch von Laguardia aus kaufen, ein Fahrrad mieten, um an der K\u00fcste entlang zu fahren oder der Strecke des Klassikers von San Sebasti\u00e1n zu folgen, baskisches Pelota oder baskische Kraftspiele (Steine heben, Holz hacken, Tauziehen) ausprobieren, auf einem Golfplatz inmitten von Gr\u00fcn entspannen&#8230;<\/p>\n\n\n\n<p class=\"ls-paragraph has-text-align-center\">Das <strong>spanische Baskenland<\/strong> ist ein Land mit wundersch\u00f6nen K\u00fcsten- und Berglandschaften und ein riesiger Spielplatz, auf dem Sie mit Ihrer Familie oder mit Freunden zahlreiche Sport- und Freizeitaktivit\u00e4ten durchf\u00fchren k\u00f6nnen. Urlauber, die einen Aufenthalt auf dem spanischen Campingplatz Baskenland am <strong>Meer<\/strong> genie\u00dfen m\u00f6chten, haben die Wahl zwischen verschiedenen Unterk\u00fcnften: Mobilheime in der N\u00e4he des<strong>Wasserparks<\/strong> mit beheiztem Pool oder gr\u00fcne Camping- und Caravaning-Stellpl\u00e4tze f\u00fcr Wohnmobile am Fu\u00dfe der Pyren\u00e4en.<\/p>\n\n\r\n    <\/div>\r\n<\/section>\n\n<section id=\"ls-section-block_a2d931cee1170855e9d191ee86f1df78\" class=\"ls-section  home-sixth page-two has-p-t p-t-0\" >\r\n        <div class=\"container container--full\">\r\n        \n\n<div class=\"wp-block-columns are-vertically-aligned-center is-layout-flex wp-container-core-columns-is-layout-9d6595d7 wp-block-columns-is-layout-flex\">\n<div class=\"wp-block-column is-vertically-aligned-center column-text-parallax is-layout-flow wp-block-column-is-layout-flow\">\n<h2 class=\"ls__heading wp-block-heading\">Kultur der Region Baskenland<br><\/h2>\n\n\n\n<p class=\"ls-paragraph\">Bei Ihrem n\u00e4chsten Urlaub im spanischen Baskenland werden Sie von der Kultur dieser wundersch\u00f6nen Region verzaubert sein. Es ist unm\u00f6glich, Euskadi zu besuchen, ohne in eine Tapas-Bar zu gehen und k\u00f6stliche Pintxos zu essen. Auf der Terrasse oder am Tresen werden sie meist mit einem handwerklich gebrauten Bier oder einem Glas Wein genossen.  <\/p>\n\n\n\n<p class=\"ls-paragraph\">Sie werden verschiedene Arten davon elegant pr\u00e4sentiert sehen, manchmal Dutzende. Pintxos mit Serranoschinken, Auberginen und Kabeljau sind ein Muss, aber jede Bar stellt ihre eigenen Spezialit\u00e4ten her. Die auf den ersten Blick schwer zu erfassende baskische Sprache ist eines der wichtigsten Identit\u00e4tsmerkmale der Region und hat neben dem Spanischen den Rang einer Amtssprache. Nutzen Sie Ihren Aufenthalt, um ein paar W\u00f6rter zu lernen, die H\u00e4ndler und Einheimischen werden es Ihnen danken.<\/p>\n\n\n\n<p class=\"ls-paragraph addReadMore showlesscontent\">Im spanischen Baskenland finden jedes Jahr gro\u00dfe kulturelle Veranstaltungen wie das Internationale Filmfestival von San Sebasti\u00e1n statt. Um ganz in die baskische Kultur einzutauchen, begeben Sie sich w\u00e4hrend der Semana Grande in das Herz von San Sebasti\u00e1n und besuchen Sie im August die Feierlichkeiten zu Ehren der Virgen Blanca in Vitoria.  <a href=\"https:\/\/www.camping-loupignada.com\/de\/urlaub-im-baskenland\/\">Das Baskenland<\/a> ist auch f\u00fcr seine traditionellen T\u00e4nze wie Kaxarranka, Ezpatadantza und Arku Datza ber\u00fchmt, die man bei Prozessionen und verschiedenen Festivit\u00e4ten sehen kann.<\/p>\n<\/div>\n\n\n\n<div class=\"wp-block-column is-vertically-aligned-center is-layout-flow wp-block-column-is-layout-flow\">\n<iframe width=\"100%\" height=\"500\" src=\"https:\/\/www.youtube.com\/embed\/dtJBJwCVXrc?si=655l11kP9kbHUvgD\" title=\"YouTube-Videoplayer\" frameborder=\"0\" allow=\"accelerometer; autoplay; clipboard-write; encrypted-media; gyroscope; picture-in-picture; web-share\" allowfullscreen=\"\"><\/iframe>\n<\/div>\n<\/div>\n\n\r\n    <\/div>\r\n<\/section>\n\n<section id=\"ls-section-block_c04cf30a9e93071c53c1f01dc2e9a7c6\" class=\"ls-section  home-sixth page-three has-p-t p-t-0\" >\r\n        <div class=\"container container--full\">\r\n        \n\n<div class=\"wp-block-columns are-vertically-aligned-center is-layout-flex wp-container-core-columns-is-layout-9d6595d7 wp-block-columns-is-layout-flex\">\n<div class=\"wp-block-column is-vertically-aligned-center is-layout-flow wp-block-column-is-layout-flow\">\n<iframe width=\"100%\" height=\"500\" src=\"https:\/\/www.youtube.com\/embed\/ygmPCoAj6zM?si=ulJcC4UIyGTjg1QY\" title=\"YouTube-Videoplayer\" frameborder=\"0\" allow=\"accelerometer; autoplay; clipboard-write; encrypted-media; gyroscope; picture-in-picture; web-share\" allowfullscreen=\"\"><\/iframe>\n<\/div>\n\n\n\n<div class=\"wp-block-column is-vertically-aligned-center column-text-parallax is-layout-flow wp-block-column-is-layout-flow\">\n<h2 class=\"ls__heading wp-block-heading\">Orte von Interesse im Baskenland in Spanischem Territorium<\/h2>\n\n\n\n<p class=\"ls-paragraph\">Das Guggenheim-Museum in Bilbao zeichnet sich durch sein erstaunliches modernes Design aus und ist das Flaggschiff des kulturellen Erbes des spanischen Baskenlandes.  <\/p>\n\n\n\n<p class=\"ls-paragraph\">Die Hauptstadt von Vizcaya im Baskenland beherbergt au\u00dferdem eine sch\u00f6ne Kathedrale (Kathedrale von Santiago), mehrere Kirchen (Sankt Antonius, Sankt Petrus, Sankt Nikolaus, Sankt Franziskus von Assisi) und mehrere sehr sch\u00f6ne Geb\u00e4ude wie den Ch\u00e1varri-Palast.<\/p>\n\n\n\n<p class=\"ls-paragraph\">In San Sebasti\u00e1n k\u00f6nnen Sie die Kathedrale des Guten Hirten und das Castillo de la Mota auf dem Berg Urgull zwischen der Stadt und dem Kantabrischen Meer bewundern.<\/p>\n<\/div>\n<\/div>\n\n\r\n    <\/div>\r\n<\/section>\n\n<section id=\"ls-section-block_a2d931cee1170855e9d191ee86f1df78\" class=\"ls-section  home-sixth page-two has-p-t p-t-0\" >\r\n        <div class=\"container container--full\">\r\n        \n\n<div class=\"wp-block-columns are-vertically-aligned-center is-layout-flex wp-container-core-columns-is-layout-9d6595d7 wp-block-columns-is-layout-flex\">\n<div class=\"wp-block-column is-vertically-aligned-center column-text-parallax is-layout-flow wp-block-column-is-layout-flow\">\n<p class=\"ls-paragraph\">Das spanische Baskenland ist \u00fcbers\u00e4t mit wundersch\u00f6nen St\u00e4dten, die Tradition und Moderne miteinander verbinden, und au\u00dfergew\u00f6hnlichen Sehensw\u00fcrdigkeiten: das Fischerdorf Fontarrabie mit seinen bunten H\u00e4usern und seinem mittelalterlichen Zentrum, Laguardia mit seinen gepflasterten Stra\u00dfen und Weinkellern, die Einsiedelei von San Juan de Gaztelugatxe hoch \u00fcber dem Meer, von der nur der Zugang einen Umweg wert ist, der Schrein von Loyola&#8230;  <\/p>\n\n\n\n<p class=\"ls-paragraph\">Schlie\u00dflich werden Kulturliebhaber Spa\u00df daran haben, sich in den G\u00e4ngen der Museen von Vitoria-Gasteiz zu verirren: Museum Artium, Museum der Waffenschmiede von Alava, Naturwissenschaftliches Museum von Alava&#8230;<\/p>\n\n\n\n<p class=\"ls-paragraph\">Auf dem Programm: Tapas-Mittagessen (&#8222;Pintxos&#8220; auf Baskisch) in  Hondarribia  um sich auf die spanische Zeit einzustellen, nur 15min mit dem Boot von der Stadt Hendaye entfernt, kulturelle Besichtigung in  Bilbao  mit u.a. dem ber\u00fchmten Guggenheim-Museum oder auch Entdeckung von  die wundersch\u00f6ne alte und kosmopolitische Stadt San Sebastian  !<\/p>\n\n\n\n<p class=\"ls-paragraph\">Wie man bei uns auf Baskisch sagt: <strong>Ongi Etorri!<\/strong> (Willkommen!).<\/p>\n<\/div>\n\n\n\n<div class=\"wp-block-column is-vertically-aligned-center is-layout-flow wp-block-column-is-layout-flow\">\n<iframe width=\"100%\" height=\"500\" src=\"https:\/\/www.youtube.com\/embed\/N3iys9P4q-w?si=ncOPHuCqofv6SFJh\" title=\"YouTube-Videoplayer\" frameborder=\"0\" allow=\"accelerometer; autoplay; clipboard-write; encrypted-media; gyroscope; picture-in-picture; web-share\" allowfullscreen=\"\"><\/iframe>\n<\/div>\n<\/div>\n\n\r\n    <\/div>\r\n<\/section>","protected":false},"excerpt":{"rendered":"","protected":false},"author":1,"featured_media":14042,"parent":0,"menu_order":0,"comment_status":"closed","ping_status":"closed","template":"","meta":{"_acf_changed":false,"footnotes":""},"sujet":[],"class_list":["post-17264","page","type-page","status-publish","has-post-thumbnail","hentry"],"acf":[],"yoast_head":"<!-- This site is optimized with the Yoast SEO plugin v23.4 - https:\/\/yoast.com\/wordpress\/plugins\/seo\/ -->\n<title>Urlaub im spanischen Baskenland | Was gibt es im spanischen Baskenland zu sehen?<\/title>\n<meta name=\"description\" content=\"Die Region des spanischen Baskenlandes ist reich an Reicht\u00fcmern aller Art: Von unserem Campingplatz Lou Piagnada aus sind Sie nur einen Katzensprung vom spanischen Baskenland entfernt.\" \/>\n<meta name=\"robots\" content=\"index, follow, max-snippet:-1, max-image-preview:large, max-video-preview:-1\" \/>\n<link rel=\"canonical\" href=\"https:\/\/www.camping-loupignada.com\/de\/spanische-baskische-feiertage\/\" \/>\n<meta property=\"og:locale\" content=\"de_DE\" \/>\n<meta property=\"og:type\" content=\"article\" \/>\n<meta property=\"og:title\" content=\"Urlaub im spanischen Baskenland | Was gibt es im spanischen Baskenland zu sehen?\" \/>\n<meta property=\"og:description\" content=\"Die Region des spanischen Baskenlandes ist reich an Reicht\u00fcmern aller Art: Von unserem Campingplatz Lou Piagnada aus sind Sie nur einen Katzensprung vom spanischen Baskenland entfernt.\" \/>\n<meta property=\"og:url\" content=\"https:\/\/www.camping-loupignada.com\/de\/spanische-baskische-feiertage\/\" \/>\n<meta property=\"og:site_name\" content=\"Camping Lou Pignada\" \/>\n<meta property=\"article:modified_time\" content=\"2023-11-22T09:38:20+00:00\" \/>\n<meta property=\"og:image\" content=\"https:\/\/www.camping-loupignada.com\/wp-content\/uploads\/2023\/11\/visiter-le-pays-basque-espagnol.jpg\" \/>\n\t<meta property=\"og:image:width\" content=\"2000\" \/>\n\t<meta property=\"og:image:height\" content=\"500\" \/>\n\t<meta property=\"og:image:type\" content=\"image\/jpeg\" \/>\n<meta name=\"twitter:card\" content=\"summary_large_image\" \/>\n<meta name=\"twitter:label1\" content=\"Gesch\u00e4tzte Lesezeit\" \/>\n\t<meta name=\"twitter:data1\" content=\"4\u00a0Minuten\" \/>\n<script type=\"application\/ld+json\" class=\"yoast-schema-graph\">{\"@context\":\"https:\/\/schema.org\",\"@graph\":[{\"@type\":\"WebPage\",\"@id\":\"https:\/\/www.camping-loupignada.com\/de\/spanische-baskische-feiertage\/\",\"url\":\"https:\/\/www.camping-loupignada.com\/de\/spanische-baskische-feiertage\/\",\"name\":\"Urlaub im spanischen Baskenland | Was gibt es im spanischen Baskenland zu sehen?\",\"isPartOf\":{\"@id\":\"https:\/\/www.camping-loupignada.com\/#website\"},\"primaryImageOfPage\":{\"@id\":\"https:\/\/www.camping-loupignada.com\/de\/spanische-baskische-feiertage\/#primaryimage\"},\"image\":{\"@id\":\"https:\/\/www.camping-loupignada.com\/de\/spanische-baskische-feiertage\/#primaryimage\"},\"thumbnailUrl\":\"https:\/\/www.camping-loupignada.com\/wp-content\/uploads\/2023\/11\/visiter-le-pays-basque-espagnol.jpg\",\"datePublished\":\"2023-11-21T12:44:39+00:00\",\"dateModified\":\"2023-11-22T09:38:20+00:00\",\"description\":\"Die Region des spanischen Baskenlandes ist reich an Reicht\u00fcmern aller Art: Von unserem Campingplatz Lou Piagnada aus sind Sie nur einen Katzensprung vom spanischen Baskenland entfernt.\",\"breadcrumb\":{\"@id\":\"https:\/\/www.camping-loupignada.com\/de\/spanische-baskische-feiertage\/#breadcrumb\"},\"inLanguage\":\"de\",\"potentialAction\":[{\"@type\":\"ReadAction\",\"target\":[\"https:\/\/www.camping-loupignada.com\/de\/spanische-baskische-feiertage\/\"]}]},{\"@type\":\"ImageObject\",\"inLanguage\":\"de\",\"@id\":\"https:\/\/www.camping-loupignada.com\/de\/spanische-baskische-feiertage\/#primaryimage\",\"url\":\"https:\/\/www.camping-loupignada.com\/wp-content\/uploads\/2023\/11\/visiter-le-pays-basque-espagnol.jpg\",\"contentUrl\":\"https:\/\/www.camping-loupignada.com\/wp-content\/uploads\/2023\/11\/visiter-le-pays-basque-espagnol.jpg\",\"width\":2000,\"height\":500,\"caption\":\"das spanische Baskenland besuchen\"},{\"@type\":\"BreadcrumbList\",\"@id\":\"https:\/\/www.camping-loupignada.com\/de\/spanische-baskische-feiertage\/#breadcrumb\",\"itemListElement\":[{\"@type\":\"ListItem\",\"position\":1,\"name\":\"Campingplatz Landes\",\"item\":\"https:\/\/www.camping-loupignada.com\/de\/\"},{\"@type\":\"ListItem\",\"position\":2,\"name\":\"Urlaub Spanisches Baskenland\"}]},{\"@type\":\"WebSite\",\"@id\":\"https:\/\/www.camping-loupignada.com\/#website\",\"url\":\"https:\/\/www.camping-loupignada.com\/\",\"name\":\"Camping Lou Pignada\",\"description\":\"\",\"publisher\":{\"@id\":\"https:\/\/www.camping-loupignada.com\/#organization\"},\"potentialAction\":[{\"@type\":\"SearchAction\",\"target\":{\"@type\":\"EntryPoint\",\"urlTemplate\":\"https:\/\/www.camping-loupignada.com\/?s={search_term_string}\"},\"query-input\":{\"@type\":\"PropertyValueSpecification\",\"valueRequired\":true,\"valueName\":\"search_term_string\"}}],\"inLanguage\":\"de\"},{\"@type\":\"Organization\",\"@id\":\"https:\/\/www.camping-loupignada.com\/#organization\",\"name\":\"Camping Lou Pignada\",\"url\":\"https:\/\/www.camping-loupignada.com\/\",\"logo\":{\"@type\":\"ImageObject\",\"inLanguage\":\"de\",\"@id\":\"https:\/\/www.camping-loupignada.com\/#\/schema\/logo\/image\/\",\"url\":\"https:\/\/www.camping-loupignada.com\/wp-content\/uploads\/2023\/10\/cropped-logo.png\",\"contentUrl\":\"https:\/\/www.camping-loupignada.com\/wp-content\/uploads\/2023\/10\/cropped-logo.png\",\"width\":300,\"height\":300,\"caption\":\"Camping Lou Pignada\"},\"image\":{\"@id\":\"https:\/\/www.camping-loupignada.com\/#\/schema\/logo\/image\/\"}}]}<\/script>\n<!-- \/ Yoast SEO plugin. -->","yoast_head_json":{"title":"Urlaub im spanischen Baskenland | Was gibt es im spanischen Baskenland zu sehen?","description":"Die Region des spanischen Baskenlandes ist reich an Reicht\u00fcmern aller Art: Von unserem Campingplatz Lou Piagnada aus sind Sie nur einen Katzensprung vom spanischen Baskenland entfernt.","robots":{"index":"index","follow":"follow","max-snippet":"max-snippet:-1","max-image-preview":"max-image-preview:large","max-video-preview":"max-video-preview:-1"},"canonical":"https:\/\/www.camping-loupignada.com\/de\/spanische-baskische-feiertage\/","og_locale":"de_DE","og_type":"article","og_title":"Urlaub im spanischen Baskenland | Was gibt es im spanischen Baskenland zu sehen?","og_description":"Die Region des spanischen Baskenlandes ist reich an Reicht\u00fcmern aller Art: Von unserem Campingplatz Lou Piagnada aus sind Sie nur einen Katzensprung vom spanischen Baskenland entfernt.","og_url":"https:\/\/www.camping-loupignada.com\/de\/spanische-baskische-feiertage\/","og_site_name":"Camping Lou Pignada","article_modified_time":"2023-11-22T09:38:20+00:00","og_image":[{"width":2000,"height":500,"url":"https:\/\/www.camping-loupignada.com\/wp-content\/uploads\/2023\/11\/visiter-le-pays-basque-espagnol.jpg","type":"image\/jpeg"}],"twitter_card":"summary_large_image","twitter_misc":{"Gesch\u00e4tzte Lesezeit":"4\u00a0Minuten"},"schema":{"@context":"https:\/\/schema.org","@graph":[{"@type":"WebPage","@id":"https:\/\/www.camping-loupignada.com\/de\/spanische-baskische-feiertage\/","url":"https:\/\/www.camping-loupignada.com\/de\/spanische-baskische-feiertage\/","name":"Urlaub im spanischen Baskenland | Was gibt es im spanischen Baskenland zu sehen?","isPartOf":{"@id":"https:\/\/www.camping-loupignada.com\/#website"},"primaryImageOfPage":{"@id":"https:\/\/www.camping-loupignada.com\/de\/spanische-baskische-feiertage\/#primaryimage"},"image":{"@id":"https:\/\/www.camping-loupignada.com\/de\/spanische-baskische-feiertage\/#primaryimage"},"thumbnailUrl":"https:\/\/www.camping-loupignada.com\/wp-content\/uploads\/2023\/11\/visiter-le-pays-basque-espagnol.jpg","datePublished":"2023-11-21T12:44:39+00:00","dateModified":"2023-11-22T09:38:20+00:00","description":"Die Region des spanischen Baskenlandes ist reich an Reicht\u00fcmern aller Art: Von unserem Campingplatz Lou Piagnada aus sind Sie nur einen Katzensprung vom spanischen Baskenland entfernt.","breadcrumb":{"@id":"https:\/\/www.camping-loupignada.com\/de\/spanische-baskische-feiertage\/#breadcrumb"},"inLanguage":"de","potentialAction":[{"@type":"ReadAction","target":["https:\/\/www.camping-loupignada.com\/de\/spanische-baskische-feiertage\/"]}]},{"@type":"ImageObject","inLanguage":"de","@id":"https:\/\/www.camping-loupignada.com\/de\/spanische-baskische-feiertage\/#primaryimage","url":"https:\/\/www.camping-loupignada.com\/wp-content\/uploads\/2023\/11\/visiter-le-pays-basque-espagnol.jpg","contentUrl":"https:\/\/www.camping-loupignada.com\/wp-content\/uploads\/2023\/11\/visiter-le-pays-basque-espagnol.jpg","width":2000,"height":500,"caption":"das spanische Baskenland besuchen"},{"@type":"BreadcrumbList","@id":"https:\/\/www.camping-loupignada.com\/de\/spanische-baskische-feiertage\/#breadcrumb","itemListElement":[{"@type":"ListItem","position":1,"name":"Campingplatz Landes","item":"https:\/\/www.camping-loupignada.com\/de\/"},{"@type":"ListItem","position":2,"name":"Urlaub Spanisches Baskenland"}]},{"@type":"WebSite","@id":"https:\/\/www.camping-loupignada.com\/#website","url":"https:\/\/www.camping-loupignada.com\/","name":"Camping Lou Pignada","description":"","publisher":{"@id":"https:\/\/www.camping-loupignada.com\/#organization"},"potentialAction":[{"@type":"SearchAction","target":{"@type":"EntryPoint","urlTemplate":"https:\/\/www.camping-loupignada.com\/?s={search_term_string}"},"query-input":{"@type":"PropertyValueSpecification","valueRequired":true,"valueName":"search_term_string"}}],"inLanguage":"de"},{"@type":"Organization","@id":"https:\/\/www.camping-loupignada.com\/#organization","name":"Camping Lou Pignada","url":"https:\/\/www.camping-loupignada.com\/","logo":{"@type":"ImageObject","inLanguage":"de","@id":"https:\/\/www.camping-loupignada.com\/#\/schema\/logo\/image\/","url":"https:\/\/www.camping-loupignada.com\/wp-content\/uploads\/2023\/10\/cropped-logo.png","contentUrl":"https:\/\/www.camping-loupignada.com\/wp-content\/uploads\/2023\/10\/cropped-logo.png","width":300,"height":300,"caption":"Camping Lou Pignada"},"image":{"@id":"https:\/\/www.camping-loupignada.com\/#\/schema\/logo\/image\/"}}]}},"_links":{"self":[{"href":"https:\/\/www.camping-loupignada.com\/de\/wp-json\/wp\/v2\/pages\/17264","targetHints":{"allow":["GET"]}}],"collection":[{"href":"https:\/\/www.camping-loupignada.com\/de\/wp-json\/wp\/v2\/pages"}],"about":[{"href":"https:\/\/www.camping-loupignada.com\/de\/wp-json\/wp\/v2\/types\/page"}],"author":[{"embeddable":true,"href":"https:\/\/www.camping-loupignada.com\/de\/wp-json\/wp\/v2\/users\/1"}],"replies":[{"embeddable":true,"href":"https:\/\/www.camping-loupignada.com\/de\/wp-json\/wp\/v2\/comments?post=17264"}],"version-history":[{"count":2,"href":"https:\/\/www.camping-loupignada.com\/de\/wp-json\/wp\/v2\/pages\/17264\/revisions"}],"predecessor-version":[{"id":17559,"href":"https:\/\/www.camping-loupignada.com\/de\/wp-json\/wp\/v2\/pages\/17264\/revisions\/17559"}],"wp:featuredmedia":[{"embeddable":true,"href":"https:\/\/www.camping-loupignada.com\/de\/wp-json\/wp\/v2\/media\/14042"}],"wp:attachment":[{"href":"https:\/\/www.camping-loupignada.com\/de\/wp-json\/wp\/v2\/media?parent=17264"}],"wp:term":[{"taxonomy":"sujet","embeddable":true,"href":"https:\/\/www.camping-loupignada.com\/de\/wp-json\/wp\/v2\/sujet?post=17264"}],"curies":[{"name":"wp","href":"https:\/\/api.w.org\/{rel}","templated":true}]}}