{"id":17274,"date":"2023-11-21T13:45:07","date_gmt":"2023-11-21T12:45:07","guid":{"rendered":"https:\/\/www.camping-loupignada.com\/legale-erwaehnungen\/"},"modified":"2024-01-09T16:07:35","modified_gmt":"2024-01-09T15:07:35","slug":"legale-erwaehnungen","status":"publish","type":"page","link":"https:\/\/www.camping-loupignada.com\/de\/legale-erwaehnungen\/","title":{"rendered":"Rechtliche Hinweise"},"content":{"rendered":"<section id=\"ls-section-block_8023a827704cf57b3a097eeced2b4e0f\" class=\"ls-section  has-m-b m-b-0 has-p-b p-b-1\" >\r\n        <div class=\"container container--wide\">\r\n        \n\n<h1 class=\"ls__heading wp-block-heading has-text-align-center\">Rechtliche Hinweise<\/h1>\n\n\r\n    <\/div>\r\n<\/section><section id=\"ls-section-block_099e8e7fc899c662b978a479c4aff9e9\" class=\"ls-section  has-m-t m-t-0 has-p-t p-t-0\" >\r\n        <div class=\"container container--wide\">\r\n        \n\n<h2 class=\"ls__heading wp-block-heading\">Verantwortlich f\u00fcr die Seite<\/h2>\n\n\n\n<p class=\"ls-paragraph\"><strong>CAMPING LOU PIGNADA<\/strong><br\/>741 Avenue de la Plage<br\/>40440 ONDRES &#8211; FRANKREICH<br\/>Tel. 05 59 45 30 65<br\/>E-Mail: info@camping-loupignada.com<br\/>SIREN: 434635223<br\/>SIRET: 43463522300010<br\/>Firmenname: SARL CAMPING LOU PIGNADA<br\/>Stammkapital: 8.000\u20ac<br\/>Intrakommunale Mehrwertsteuer: FR59434635223<br\/>Verantwortlich f\u00fcr die Ver\u00f6ffentlichung: Frau Val\u00e9rie SANTOCILDES<\/p>\n\n\n\n<h2 class=\"ls__heading wp-block-heading\">REALISIERUNG<\/h2>\n\n\n\n<p class=\"ls-paragraph\"><strong>GEEK TONIC<\/strong><br\/>Vertreten durch Herrn Yohan Darmayan in seiner Funktion als Gesch\u00e4ftsf\u00fchrer<br\/>Hauptsitz: 50 AV. DU LAC MARION 64200 BIARRITZ<br\/>Tel: 05 32 74 11 52<br\/>E-Mail: support@geek-tonic.com<br\/>Website: <a href=\"https:\/\/www.geek-tonic.com\/\">www.geek-tonic.com<\/a><br\/>SIRET: 89746755100015<br\/>APE: 6201Z<\/p>\n\n\n\n<h2 class=\"ls__heading wp-block-heading\">URHEBERRECHTE UND COPYRIGHTS<\/h2>\n\n\n\n<p class=\"ls-paragraph\">Der gesamte Inhalt dieser Website unterliegt dem Urheberrecht sowie dem geistigen Eigentum der franz\u00f6sischen Gesetzgebung. Jegliche Vervielf\u00e4ltigung (einschlie\u00dflich Fotos, Icons und herunterladbarer Dokumente) ist ohne vorherige Zustimmung von GEEK TONIC untersagt. Die Vervielf\u00e4ltigung der gesamten oder eines Teils der Website auf einem elektronischen Datentr\u00e4ger in einem Papier- oder elektronischen Format ist untersagt. GEEK TONIC \u00fcbernimmt keine Verantwortung f\u00fcr den Inhalt auf der Website. GEEK TONIC \u00fcbernimmt auch keine Verantwortung f\u00fcr externe Links, die auf die vorliegende Seite verweisen.<\/p>\n\n\n\n<h2 class=\"ls__heading wp-block-heading\" id=\"m-t-6\">PERS\u00d6NLICHE DATEN UND NAMENTLICHE INFORMATIONEN<\/h2>\n\n\n\n<p class=\"ls-paragraph\">Sie haben ein Recht auf Zugang, \u00c4nderung, Berichtigung und L\u00f6schung der Sie betreffenden Daten gem\u00e4\u00df Artikel 34 des Gesetzes &#8222;Informatique et Libert\u00e9s&#8220; Nr. 78-17 vom 6. Januar 1978, ge\u00e4ndert am 6. August 2018. Um dieses Recht auf Zugang zu entfalten, k\u00f6nnen Sie dies durch eine einfache schriftliche Anfrage an den Herausgeber der Website tun.<\/p>\n\n\n\n<h2 class=\"ls__heading wp-block-heading\">LEGISLATION<\/h2>\n\n\n\n<p class=\"ls-paragraph\">Gem\u00e4\u00df dem Gesetz vom 11. M\u00e4rz 1957 (Art. 41) und dem Gesetz \u00fcber geistiges Eigentum vom 1. Juli 1992 ist es verboten, einen Teil der Website ohne vorherige Genehmigung des Herausgebers der Website teilweise oder vollst\u00e4ndig zu reproduzieren. Logos, Visualisierungen, Fotos, Videos, Grafikcharts und Texte sind Eigentum ihrer jeweiligen Besitzer. Diese Website kann ohne ihr Wissen mit anderen Websites \u00fcber Hypermedia-Links verbunden worden sein. Der Herausgeber der Website \u00fcbernimmt keine Verantwortung f\u00fcr die Informationen, die auf diesen anderen Websites dargestellt werden. Der Internetnutzer erkennt an, dass die Nutzung dieser Website dem franz\u00f6sischen Recht unterliegt.<\/p>\n\n\r\n    <\/div>\r\n<\/section>","protected":false},"excerpt":{"rendered":"","protected":false},"author":1,"featured_media":0,"parent":0,"menu_order":0,"comment_status":"closed","ping_status":"closed","template":"","meta":{"_acf_changed":false,"footnotes":""},"sujet":[],"class_list":["post-17274","page","type-page","status-publish","hentry"],"acf":[],"yoast_head":"<!-- This site is optimized with the Yoast SEO plugin v23.4 - https:\/\/yoast.com\/wordpress\/plugins\/seo\/ -->\n<title>Rechtliche Hinweise - Camping Lou Pignada<\/title>\n<meta name=\"robots\" content=\"noindex, nofollow\" \/>\n<meta property=\"og:locale\" content=\"de_DE\" \/>\n<meta property=\"og:type\" content=\"article\" \/>\n<meta property=\"og:title\" content=\"Rechtliche Hinweise - Camping Lou Pignada\" \/>\n<meta property=\"og:url\" content=\"https:\/\/www.camping-loupignada.com\/de\/legale-erwaehnungen\/\" \/>\n<meta property=\"og:site_name\" content=\"Camping Lou Pignada\" \/>\n<meta property=\"article:modified_time\" content=\"2024-01-09T15:07:35+00:00\" \/>\n<meta name=\"twitter:card\" content=\"summary_large_image\" \/>\n<meta name=\"twitter:label1\" content=\"Gesch\u00e4tzte Lesezeit\" \/>\n\t<meta name=\"twitter:data1\" content=\"2\u00a0Minuten\" \/>\n<script type=\"application\/ld+json\" class=\"yoast-schema-graph\">{\"@context\":\"https:\/\/schema.org\",\"@graph\":[{\"@type\":\"WebPage\",\"@id\":\"https:\/\/www.camping-loupignada.com\/de\/legale-erwaehnungen\/\",\"url\":\"https:\/\/www.camping-loupignada.com\/de\/legale-erwaehnungen\/\",\"name\":\"Rechtliche Hinweise - Camping Lou Pignada\",\"isPartOf\":{\"@id\":\"https:\/\/www.camping-loupignada.com\/#website\"},\"datePublished\":\"2023-11-21T12:45:07+00:00\",\"dateModified\":\"2024-01-09T15:07:35+00:00\",\"breadcrumb\":{\"@id\":\"https:\/\/www.camping-loupignada.com\/de\/legale-erwaehnungen\/#breadcrumb\"},\"inLanguage\":\"de\",\"potentialAction\":[{\"@type\":\"ReadAction\",\"target\":[\"https:\/\/www.camping-loupignada.com\/de\/legale-erwaehnungen\/\"]}]},{\"@type\":\"BreadcrumbList\",\"@id\":\"https:\/\/www.camping-loupignada.com\/de\/legale-erwaehnungen\/#breadcrumb\",\"itemListElement\":[{\"@type\":\"ListItem\",\"position\":1,\"name\":\"Campingplatz Landes\",\"item\":\"https:\/\/www.camping-loupignada.com\/de\/\"},{\"@type\":\"ListItem\",\"position\":2,\"name\":\"Rechtliche Hinweise\"}]},{\"@type\":\"WebSite\",\"@id\":\"https:\/\/www.camping-loupignada.com\/#website\",\"url\":\"https:\/\/www.camping-loupignada.com\/\",\"name\":\"Camping Lou Pignada\",\"description\":\"\",\"publisher\":{\"@id\":\"https:\/\/www.camping-loupignada.com\/#organization\"},\"potentialAction\":[{\"@type\":\"SearchAction\",\"target\":{\"@type\":\"EntryPoint\",\"urlTemplate\":\"https:\/\/www.camping-loupignada.com\/?s={search_term_string}\"},\"query-input\":{\"@type\":\"PropertyValueSpecification\",\"valueRequired\":true,\"valueName\":\"search_term_string\"}}],\"inLanguage\":\"de\"},{\"@type\":\"Organization\",\"@id\":\"https:\/\/www.camping-loupignada.com\/#organization\",\"name\":\"Camping Lou Pignada\",\"url\":\"https:\/\/www.camping-loupignada.com\/\",\"logo\":{\"@type\":\"ImageObject\",\"inLanguage\":\"de\",\"@id\":\"https:\/\/www.camping-loupignada.com\/#\/schema\/logo\/image\/\",\"url\":\"https:\/\/www.camping-loupignada.com\/wp-content\/uploads\/2023\/10\/cropped-logo.png\",\"contentUrl\":\"https:\/\/www.camping-loupignada.com\/wp-content\/uploads\/2023\/10\/cropped-logo.png\",\"width\":300,\"height\":300,\"caption\":\"Camping Lou Pignada\"},\"image\":{\"@id\":\"https:\/\/www.camping-loupignada.com\/#\/schema\/logo\/image\/\"}}]}<\/script>\n<!-- \/ Yoast SEO plugin. -->","yoast_head_json":{"title":"Rechtliche Hinweise - Camping Lou Pignada","robots":{"index":"noindex","follow":"nofollow"},"og_locale":"de_DE","og_type":"article","og_title":"Rechtliche Hinweise - Camping Lou Pignada","og_url":"https:\/\/www.camping-loupignada.com\/de\/legale-erwaehnungen\/","og_site_name":"Camping Lou Pignada","article_modified_time":"2024-01-09T15:07:35+00:00","twitter_card":"summary_large_image","twitter_misc":{"Gesch\u00e4tzte Lesezeit":"2\u00a0Minuten"},"schema":{"@context":"https:\/\/schema.org","@graph":[{"@type":"WebPage","@id":"https:\/\/www.camping-loupignada.com\/de\/legale-erwaehnungen\/","url":"https:\/\/www.camping-loupignada.com\/de\/legale-erwaehnungen\/","name":"Rechtliche Hinweise - Camping Lou Pignada","isPartOf":{"@id":"https:\/\/www.camping-loupignada.com\/#website"},"datePublished":"2023-11-21T12:45:07+00:00","dateModified":"2024-01-09T15:07:35+00:00","breadcrumb":{"@id":"https:\/\/www.camping-loupignada.com\/de\/legale-erwaehnungen\/#breadcrumb"},"inLanguage":"de","potentialAction":[{"@type":"ReadAction","target":["https:\/\/www.camping-loupignada.com\/de\/legale-erwaehnungen\/"]}]},{"@type":"BreadcrumbList","@id":"https:\/\/www.camping-loupignada.com\/de\/legale-erwaehnungen\/#breadcrumb","itemListElement":[{"@type":"ListItem","position":1,"name":"Campingplatz Landes","item":"https:\/\/www.camping-loupignada.com\/de\/"},{"@type":"ListItem","position":2,"name":"Rechtliche Hinweise"}]},{"@type":"WebSite","@id":"https:\/\/www.camping-loupignada.com\/#website","url":"https:\/\/www.camping-loupignada.com\/","name":"Camping Lou Pignada","description":"","publisher":{"@id":"https:\/\/www.camping-loupignada.com\/#organization"},"potentialAction":[{"@type":"SearchAction","target":{"@type":"EntryPoint","urlTemplate":"https:\/\/www.camping-loupignada.com\/?s={search_term_string}"},"query-input":{"@type":"PropertyValueSpecification","valueRequired":true,"valueName":"search_term_string"}}],"inLanguage":"de"},{"@type":"Organization","@id":"https:\/\/www.camping-loupignada.com\/#organization","name":"Camping Lou Pignada","url":"https:\/\/www.camping-loupignada.com\/","logo":{"@type":"ImageObject","inLanguage":"de","@id":"https:\/\/www.camping-loupignada.com\/#\/schema\/logo\/image\/","url":"https:\/\/www.camping-loupignada.com\/wp-content\/uploads\/2023\/10\/cropped-logo.png","contentUrl":"https:\/\/www.camping-loupignada.com\/wp-content\/uploads\/2023\/10\/cropped-logo.png","width":300,"height":300,"caption":"Camping Lou Pignada"},"image":{"@id":"https:\/\/www.camping-loupignada.com\/#\/schema\/logo\/image\/"}}]}},"_links":{"self":[{"href":"https:\/\/www.camping-loupignada.com\/de\/wp-json\/wp\/v2\/pages\/17274","targetHints":{"allow":["GET"]}}],"collection":[{"href":"https:\/\/www.camping-loupignada.com\/de\/wp-json\/wp\/v2\/pages"}],"about":[{"href":"https:\/\/www.camping-loupignada.com\/de\/wp-json\/wp\/v2\/types\/page"}],"author":[{"embeddable":true,"href":"https:\/\/www.camping-loupignada.com\/de\/wp-json\/wp\/v2\/users\/1"}],"replies":[{"embeddable":true,"href":"https:\/\/www.camping-loupignada.com\/de\/wp-json\/wp\/v2\/comments?post=17274"}],"version-history":[{"count":1,"href":"https:\/\/www.camping-loupignada.com\/de\/wp-json\/wp\/v2\/pages\/17274\/revisions"}],"predecessor-version":[{"id":17275,"href":"https:\/\/www.camping-loupignada.com\/de\/wp-json\/wp\/v2\/pages\/17274\/revisions\/17275"}],"wp:attachment":[{"href":"https:\/\/www.camping-loupignada.com\/de\/wp-json\/wp\/v2\/media?parent=17274"}],"wp:term":[{"taxonomy":"sujet","embeddable":true,"href":"https:\/\/www.camping-loupignada.com\/de\/wp-json\/wp\/v2\/sujet?post=17274"}],"curies":[{"name":"wp","href":"https:\/\/api.w.org\/{rel}","templated":true}]}}