{"id":17415,"date":"2023-11-22T08:43:02","date_gmt":"2023-11-22T07:43:02","guid":{"rendered":"https:\/\/www.camping-loupignada.com\/family-campsite-landes\/"},"modified":"2023-11-24T15:37:40","modified_gmt":"2023-11-24T14:37:40","slug":"family-campsite-landes","status":"publish","type":"page","link":"https:\/\/www.camping-loupignada.com\/en\/family-campsite-landes\/","title":{"rendered":"Family campsite in the Landes"},"content":{"rendered":"<section id=\"ls-section-block_abb59ec9f3e0ffbf9cd17f6c484b359b\" class=\"ls-section   page-one has-p-t p-t-5 has-p-b p-b-3\" >\r\n        <div class=\"container container--wide\">\r\n        \n\n<h1 class=\"ls__heading wp-block-heading has-text-align-center\">Lou Pignada, a family campsite in Landes<\/h1>\n\n\n\n<p class=\"ls-paragraph has-text-align-center\">Have you planned your next vacation in France? Does the Landes department strike you as the perfect destination? Are you looking for accommodation on the coast between Capbreton and Biscarrosse? Would you be interested in a <strong>family campsite in the Landes<\/strong>? Book your vacation rental today at <a href=\"https:\/\/www.camping-loupignada.com\/en\/\">Lou Pignada<\/a>, your <strong>4-star family campsite in the Landes<\/strong> and enjoy an unforgettable stay in a mobile home in the heart of nature, between lake, ocean and pine forest &#8211; the perfect setting!<\/p>\n\n\r\n    <\/div>\r\n<\/section><section id=\"ls-section-block_5a9b201ab40911551002485884a4806f\" class=\"ls-section  home-sixth page-two has-p-t p-t-0\" >\r\n        <div class=\"container container--full\">\r\n        \n\n<div class=\"wp-block-columns are-vertically-aligned-center is-layout-flex wp-container-core-columns-is-layout-9d6595d7 wp-block-columns-is-layout-flex\">\n<div class=\"wp-block-column is-vertically-aligned-center column-text-parallax is-layout-flow wp-block-column-is-layout-flow\">\n<h2 class=\"ls__heading wp-block-heading\">Ideal accommodation for a family holiday at our campsite in the Landes<\/h2>\n\n\n\n<p class=\"ls-paragraph\">To discover the Landes region, book your accommodation at Lou Pignada, <strong>your family campsite in the Landes<\/strong>! Our establishment offers a wide range of accommodation to suit both your family and your budget.<\/p>\n\n\n\n<p class=\"ls-paragraph\">We offer bungalows for 5 or 6 people, <a href=\"https:\/\/www.camping-loupignada.com\/en\/mobile-home-rental-in-landes\/\">mobile homes<\/a> of various sizes and even chalets for a rustic feel. We look forward to hearing from you! We&#8217;ll make sure you get the accommodation you want.<\/p>\n\n\n\n<p class=\"ls-paragraph addReadMore showlesscontent\">Whether it&#8217;s for a weekend or a longer stay, Lou Pignada, a <strong>family campsite in the Landes<\/strong>, welcomes you and offers you rental accommodation at very competitive prices, as well as strategic pitches for your tents, motorhomes and caravans on the traditional camping area.<\/p>\n<\/div>\n\n\n\n<div class=\"wp-block-column is-vertically-aligned-center is-layout-flow wp-block-column-is-layout-flow\">\n<figure class=\"wp-block-image size-full animated fadeIn delay-100ms slow\"><a href=\"https:\/\/www.camping-loupignada.com\/wp-content\/uploads\/2023\/11\/louer-mobil-home-camping-familiale-landes_resultat.webp\"><img decoding=\"async\" width=\"800\" height=\"533\" src=\"https:\/\/www.camping-loupignada.com\/wp-content\/uploads\/2023\/11\/louer-mobil-home-camping-familiale-landes_resultat.webp\" alt=\"rent mobil home camping familiale landes result\" class=\"wp-image-14724\" srcset=\"https:\/\/www.camping-loupignada.com\/wp-content\/uploads\/2023\/11\/louer-mobil-home-camping-familiale-landes_resultat.webp 800w, https:\/\/www.camping-loupignada.com\/wp-content\/uploads\/2023\/11\/louer-mobil-home-camping-familiale-landes_resultat-300x200.webp 300w, https:\/\/www.camping-loupignada.com\/wp-content\/uploads\/2023\/11\/louer-mobil-home-camping-familiale-landes_resultat-768x512.webp 768w\" sizes=\"(max-width: 800px) 100vw, 800px\" \/><\/a><\/figure>\n<\/div>\n\n\n\n<div class=\"wp-block-column is-vertically-aligned-center is-layout-flow wp-block-column-is-layout-flow\">\n<figure class=\"wp-block-image size-full animated fadeIn slow\"><a href=\"https:\/\/www.camping-loupignada.com\/wp-content\/uploads\/2023\/11\/mobil-hoem-famille-dans-les-landes_resultat.webp\"><img decoding=\"async\" width=\"800\" height=\"533\" src=\"https:\/\/www.camping-loupignada.com\/wp-content\/uploads\/2023\/11\/mobil-hoem-famille-dans-les-landes_resultat.webp\" alt=\"mobil hoem famille dans les landes results\" class=\"wp-image-14783\" srcset=\"https:\/\/www.camping-loupignada.com\/wp-content\/uploads\/2023\/11\/mobil-hoem-famille-dans-les-landes_resultat.webp 800w, https:\/\/www.camping-loupignada.com\/wp-content\/uploads\/2023\/11\/mobil-hoem-famille-dans-les-landes_resultat-300x200.webp 300w, https:\/\/www.camping-loupignada.com\/wp-content\/uploads\/2023\/11\/mobil-hoem-famille-dans-les-landes_resultat-768x512.webp 768w\" sizes=\"(max-width: 800px) 100vw, 800px\" \/><\/a><\/figure>\n<\/div>\n<\/div>\n\n\r\n    <\/div>\r\n<\/section><section id=\"ls-section-block_91a2468ae31a0d47b332669103819887\" class=\"ls-section  home-sixth page-three has-p-t p-t-0\" >\r\n        <div class=\"container container--full\">\r\n        \n\n<div class=\"wp-block-columns are-vertically-aligned-center is-layout-flex wp-container-core-columns-is-layout-9d6595d7 wp-block-columns-is-layout-flex\">\n<div class=\"wp-block-column is-vertically-aligned-center is-layout-flow wp-block-column-is-layout-flow\">\n<figure class=\"wp-block-image size-full animated fadeIn delay-200ms slow\"><a href=\"https:\/\/www.camping-loupignada.com\/wp-content\/uploads\/2023\/11\/camping-activites-familiales-dans-les-landes_resultat.webp\"><img decoding=\"async\" width=\"800\" height=\"533\" src=\"https:\/\/www.camping-loupignada.com\/wp-content\/uploads\/2023\/11\/camping-activites-familiales-dans-les-landes_resultat.webp\" alt=\"camping family activities in the landes results\" class=\"wp-image-14763\" srcset=\"https:\/\/www.camping-loupignada.com\/wp-content\/uploads\/2023\/11\/camping-activites-familiales-dans-les-landes_resultat.webp 800w, https:\/\/www.camping-loupignada.com\/wp-content\/uploads\/2023\/11\/camping-activites-familiales-dans-les-landes_resultat-300x200.webp 300w, https:\/\/www.camping-loupignada.com\/wp-content\/uploads\/2023\/11\/camping-activites-familiales-dans-les-landes_resultat-768x512.webp 768w\" sizes=\"(max-width: 800px) 100vw, 800px\" \/><\/a><\/figure>\n<\/div>\n\n\n\n<div class=\"wp-block-column is-vertically-aligned-center is-layout-flow wp-block-column-is-layout-flow\"><div class=\"wp-block-image animated fadeInUp slow\">\n<figure class=\"aligncenter size-full is-resized\"><a href=\"https:\/\/www.camping-loupignada.com\/wp-content\/uploads\/2023\/11\/camping-animations-familiales-dans-les-landes.jpg\"><img decoding=\"async\" width=\"2000\" height=\"1333\" src=\"https:\/\/www.camping-loupignada.com\/wp-content\/uploads\/2023\/11\/camping-animations-familiales-dans-les-landes.jpg\" alt=\"camping family activities in the landes\" class=\"wp-image-14735\" style=\"width:335px;height:670px\" srcset=\"https:\/\/www.camping-loupignada.com\/wp-content\/uploads\/2023\/11\/camping-animations-familiales-dans-les-landes.jpg 2000w, https:\/\/www.camping-loupignada.com\/wp-content\/uploads\/2023\/11\/camping-animations-familiales-dans-les-landes-300x200.jpg 300w, https:\/\/www.camping-loupignada.com\/wp-content\/uploads\/2023\/11\/camping-animations-familiales-dans-les-landes-1024x682.jpg 1024w, https:\/\/www.camping-loupignada.com\/wp-content\/uploads\/2023\/11\/camping-animations-familiales-dans-les-landes-768x512.jpg 768w, https:\/\/www.camping-loupignada.com\/wp-content\/uploads\/2023\/11\/camping-animations-familiales-dans-les-landes-1536x1024.jpg 1536w\" sizes=\"(max-width: 2000px) 100vw, 2000px\" \/><\/a><\/figure>\n<\/div><\/div>\n\n\n\n<div class=\"wp-block-column is-vertically-aligned-center column-text-parallax is-layout-flow wp-block-column-is-layout-flow\">\n<h2 class=\"ls__heading wp-block-heading\">Activities and entertainment for the whole family at our Landes campsite<\/h2>\n\n\n\n<p class=\"ls-paragraph\">Much more than just a campsite offering mobile home rentals, Lou Pignada is a superb establishment specially designed to make your family holiday even more exciting. What&#8217;s more, our <strong>family campsite<\/strong> offers a whole range of <a href=\"https:\/\/www.camping-loupignada.com\/en\/landes-campsite-with-entertainment\/\">activities and entertainment<\/a> for children and adults to keep you entertained and satisfy all your expectations. The campsite also has a <strong>children&#8217;s club<\/strong>, so that the little ones can make the most of their <strong>family vacation in the Landes<\/strong>.<\/p>\n\n\n\n<p class=\"ls-paragraph\">Lou Pignada is a <strong>family campsite with swimming pool in the Landes<\/strong>. It even boasts an entire aquatic area, including<a href=\"https:\/\/www.camping-loupignada.com\/en\/landes-campsite-with-swimming-pool\/\">a heated pool<\/a> for year-round enjoyment, two outdoor pools with paddling pools for maximum fun, and a solarium for filling up on vitamin D.<\/p>\n\n\n\n<p class=\"ls-paragraph addReadMore showlesscontent\">For even more entertainment, Lou Pignada, <strong>your 4-star family campsite in the Landes<\/strong>, offers a full program of activities and evenings for young and old all year round.<\/p>\n<\/div>\n<\/div>\n\n\r\n    <\/div>\r\n<\/section><section id=\"ls-section-block_5a9b201ab40911551002485884a4806f\" class=\"ls-section  home-sixth page-two has-p-t p-t-0\" >\r\n        <div class=\"container container--full\">\r\n        \n\n<div class=\"wp-block-columns are-vertically-aligned-center is-layout-flex wp-container-core-columns-is-layout-9d6595d7 wp-block-columns-is-layout-flex\">\n<div class=\"wp-block-column is-vertically-aligned-center column-text-parallax is-layout-flow wp-block-column-is-layout-flow\">\n<h2 class=\"ls__heading wp-block-heading\">Family activities around our campsite in Ondres<\/h2>\n\n\n\n<p class=\"ls-paragraph\">If you&#8217;re looking for a <strong>family campsite by the sea in the Landes<\/strong>, the Lou Pignada vacation village is certainly your best bet. In fact, this campsite is located in Ondres, in the heart of the Landes forest and just a stone&#8217;s throw from the region&#8217;s most beautiful beaches: les Sabl\u00e8res, l&#8217;Estacade, les ch\u00eanes li\u00e8ges, Soustons and Moliets-et-Maa.<\/p>\n\n\n\n<p class=\"ls-paragraph\">Enjoy the pine forests that cover the entire department, the fine sands of the Atlantic coast, the lakes surrounding Biscarrosse and Azur, and above all the splendour of the Landes countryside, just a few kilometers from our vacation estate! At our family campsite in the Landes, we invite you to discover and explore the Landes by bike, the coastline that stretches from the Arcachon Basin to the Basque Country.<\/p>\n\n\n\n<p class=\"ls-paragraph addReadMore showlesscontent\">Don&#8217;t forget to visit Ondres, Vieux Boucau, Mont-de-Marsan, Capbreton, Mimizan, Seignosse and Hossegor! You&#8217;ll be pleasantly surprised by the beauty of the Landes.<br\/><br\/>Escape to Aquitaine and let yourself be carried away by the charm of the Landes thanks to our <strong>family campsite<\/strong>, Lou Pignada, one of the best campsites in the department! Can&#8217;t wait? We invite you to take a look at our guests&#8217; reviews for a taste of what to expect at <strong>Landes <\/strong>Lou Pignada <strong>family campsite <\/strong>.<\/p>\n<\/div>\n\n\n\n<div class=\"wp-block-column is-vertically-aligned-center is-layout-flow wp-block-column-is-layout-flow\">\n<figure class=\"wp-block-image size-full animated fadeIn delay-200ms slow\"><a href=\"https:\/\/www.camping-loupignada.com\/wp-content\/uploads\/2023\/11\/decouvrir-les-plages-dondres.jpg\"><img decoding=\"async\" width=\"800\" height=\"600\" src=\"https:\/\/www.camping-loupignada.com\/wp-content\/uploads\/2023\/11\/decouvrir-les-plages-dondres.jpg\" alt=\"discover the beaches of ondres\" class=\"wp-image-14247\" srcset=\"https:\/\/www.camping-loupignada.com\/wp-content\/uploads\/2023\/11\/decouvrir-les-plages-dondres.jpg 800w, https:\/\/www.camping-loupignada.com\/wp-content\/uploads\/2023\/11\/decouvrir-les-plages-dondres-300x225.jpg 300w, https:\/\/www.camping-loupignada.com\/wp-content\/uploads\/2023\/11\/decouvrir-les-plages-dondres-768x576.jpg 768w\" sizes=\"(max-width: 800px) 100vw, 800px\" \/><\/a><\/figure>\n<\/div>\n\n\n\n<div class=\"wp-block-column is-vertically-aligned-center is-layout-flow wp-block-column-is-layout-flow\">\n<figure class=\"wp-block-image size-full animated fadeIn delay-500ms slow\"><a href=\"https:\/\/www.camping-loupignada.com\/wp-content\/uploads\/2023\/09\/velo-plage-landes-camping-lou-pignada_resultat.webp\"><img decoding=\"async\" width=\"650\" height=\"900\" src=\"https:\/\/www.camping-loupignada.com\/wp-content\/uploads\/2023\/09\/velo-plage-landes-camping-lou-pignada_resultat.webp\" alt=\"Bicycle beach Landes Camping Lou Pignada\" class=\"wp-image-368\" srcset=\"https:\/\/www.camping-loupignada.com\/wp-content\/uploads\/2023\/09\/velo-plage-landes-camping-lou-pignada_resultat.webp 650w, https:\/\/www.camping-loupignada.com\/wp-content\/uploads\/2023\/09\/velo-plage-landes-camping-lou-pignada_resultat-217x300.webp 217w\" sizes=\"(max-width: 650px) 100vw, 650px\" \/><\/a><\/figure>\n<\/div>\n<\/div>\n\n\r\n    <\/div>\r\n<\/section><section id=\"ls-section-block_93428a7d6b0d8dea5edaed72ffa46631\" class=\"ls-section  page-four\" >\r\n        <div class=\"container container--wide\">\r\n        \n\n<div id=\"ls-heading ls-titre-div-block_3af4e8ae466126b428ad866e204ca0c3\" class=\"ls-titre-div aligncenter h2-like\" >\n    Discover our services, swimming pool and accommodations<\/div>\n\n\n<div id=\"ls-maillage-block_f6679cf0378785b293ffcef22f5d8d36\" class=\"ls-maillage cta-style-normal\" data-rows=\"3\">\r\n    <div class=\"wp-block-columns\"><div class=\"wp-block-column\"><div class=\"ls-cta\">\n\n<a href=\"https:\/\/www.camping-loupignada.com\/en\/landes-campsite-with-swimming-pool\/\" target=\"\" rel=\"noopener\" class=\"ls-cta__link\">\n\n\t<div class=\"ls-cta__image\"><img decoding=\"async\" src=\"https:\/\/www.camping-loupignada.com\/wp-content\/uploads\/2023\/12\/camping-avec-piscine-ondres.webp\" alt=\"campsite with swimming pool ondres\"><\/div>\n\t<div class=\"ls-cta__title\">\n\t\tThe swimming pool\t\t<span class=\"lou-pignada-return\"><\/span>\n\t<\/div>\n\n\t\t\n<\/a><\/div><\/div><div class=\"wp-block-column\"><div class=\"ls-cta\">\n\n<a href=\"https:\/\/www.camping-loupignada.com\/en\/holiday-rental-landes\/\" target=\"\" rel=\"noopener\" class=\"ls-cta__link\">\n\n\t<div class=\"ls-cta__image\"><img decoding=\"async\" src=\"https:\/\/www.camping-loupignada.com\/wp-content\/uploads\/2023\/11\/louer-un-mobilhome-dans-les-landes.jpg\" alt=\"rent a mobile home in the landes\"><\/div>\n\t<div class=\"ls-cta__title\">\n\t\tLodging\t\t<span class=\"lou-pignada-return\"><\/span>\n\t<\/div>\n\n\t\t\n<\/a><\/div><\/div><div class=\"wp-block-column\"><div class=\"ls-cta\">\n\n<a href=\"https:\/\/www.camping-loupignada.com\/en\/our-services\/\" target=\"\" rel=\"noopener\" class=\"ls-cta__link\">\n\n\t<div class=\"ls-cta__image\"><img decoding=\"async\" src=\"https:\/\/www.camping-loupignada.com\/wp-content\/uploads\/2023\/11\/Lou-pignada-restaurant_resultat_resultat.webp\" alt=\"Lou pignada restaurant resultat resultat\"><\/div>\n\t<div class=\"ls-cta__title\">\n\t\tServices\t\t<span class=\"lou-pignada-return\"><\/span>\n\t<\/div>\n\n\t\t\n<\/a><\/div><\/div><\/div><\/div>\n\r\n    <\/div>\r\n<\/section>","protected":false},"excerpt":{"rendered":"","protected":false},"author":1,"featured_media":14779,"parent":0,"menu_order":0,"comment_status":"closed","ping_status":"closed","template":"","meta":{"_acf_changed":false,"footnotes":""},"sujet":[],"class_list":["post-17415","page","type-page","status-publish","has-post-thumbnail","hentry"],"acf":[],"yoast_head":"<!-- This site is optimized with the Yoast SEO plugin v23.4 - https:\/\/yoast.com\/wordpress\/plugins\/seo\/ -->\n<title>Family camping in Landes | Family vacations in Ondres, Landes<\/title>\n<meta name=\"description\" content=\"Family vacations at our Lou Pignada family campsite in the Landes: water sports, playgrounds, entertainment and much more.\" \/>\n<meta name=\"robots\" content=\"index, follow, max-snippet:-1, max-image-preview:large, max-video-preview:-1\" \/>\n<link rel=\"canonical\" href=\"https:\/\/www.camping-loupignada.com\/en\/family-campsite-landes\/\" \/>\n<meta property=\"og:locale\" content=\"en_US\" \/>\n<meta property=\"og:type\" content=\"article\" \/>\n<meta property=\"og:title\" content=\"Family camping in Landes | Family vacations in Ondres, Landes\" \/>\n<meta property=\"og:description\" content=\"Family vacations at our Lou Pignada family campsite in the Landes: water sports, playgrounds, entertainment and much more.\" \/>\n<meta property=\"og:url\" content=\"https:\/\/www.camping-loupignada.com\/en\/family-campsite-landes\/\" \/>\n<meta property=\"og:site_name\" content=\"Camping Lou Pignada\" \/>\n<meta property=\"article:modified_time\" content=\"2023-11-24T14:37:40+00:00\" \/>\n<meta property=\"og:image\" content=\"https:\/\/www.camping-loupignada.com\/wp-content\/uploads\/2023\/11\/camping-familial-a-ondres.jpg\" \/>\n\t<meta property=\"og:image:width\" content=\"1920\" \/>\n\t<meta property=\"og:image:height\" content=\"600\" \/>\n\t<meta property=\"og:image:type\" content=\"image\/jpeg\" \/>\n<meta name=\"twitter:card\" content=\"summary_large_image\" \/>\n<meta name=\"twitter:label1\" content=\"Est. reading time\" \/>\n\t<meta name=\"twitter:data1\" content=\"3 minutes\" \/>\n<script type=\"application\/ld+json\" class=\"yoast-schema-graph\">{\"@context\":\"https:\/\/schema.org\",\"@graph\":[{\"@type\":\"WebPage\",\"@id\":\"https:\/\/www.camping-loupignada.com\/en\/family-campsite-landes\/\",\"url\":\"https:\/\/www.camping-loupignada.com\/en\/family-campsite-landes\/\",\"name\":\"Family camping in Landes | Family vacations in Ondres, Landes\",\"isPartOf\":{\"@id\":\"https:\/\/www.camping-loupignada.com\/#website\"},\"primaryImageOfPage\":{\"@id\":\"https:\/\/www.camping-loupignada.com\/en\/family-campsite-landes\/#primaryimage\"},\"image\":{\"@id\":\"https:\/\/www.camping-loupignada.com\/en\/family-campsite-landes\/#primaryimage\"},\"thumbnailUrl\":\"https:\/\/www.camping-loupignada.com\/wp-content\/uploads\/2023\/11\/camping-familial-a-ondres.jpg\",\"datePublished\":\"2023-11-22T07:43:02+00:00\",\"dateModified\":\"2023-11-24T14:37:40+00:00\",\"description\":\"Family vacations at our Lou Pignada family campsite in the Landes: water sports, playgrounds, entertainment and much more.\",\"breadcrumb\":{\"@id\":\"https:\/\/www.camping-loupignada.com\/en\/family-campsite-landes\/#breadcrumb\"},\"inLanguage\":\"en-US\",\"potentialAction\":[{\"@type\":\"ReadAction\",\"target\":[\"https:\/\/www.camping-loupignada.com\/en\/family-campsite-landes\/\"]}]},{\"@type\":\"ImageObject\",\"inLanguage\":\"en-US\",\"@id\":\"https:\/\/www.camping-loupignada.com\/en\/family-campsite-landes\/#primaryimage\",\"url\":\"https:\/\/www.camping-loupignada.com\/wp-content\/uploads\/2023\/11\/camping-familial-a-ondres.jpg\",\"contentUrl\":\"https:\/\/www.camping-loupignada.com\/wp-content\/uploads\/2023\/11\/camping-familial-a-ondres.jpg\",\"width\":1920,\"height\":600,\"caption\":\"family camping in ondres\"},{\"@type\":\"BreadcrumbList\",\"@id\":\"https:\/\/www.camping-loupignada.com\/en\/family-campsite-landes\/#breadcrumb\",\"itemListElement\":[{\"@type\":\"ListItem\",\"position\":1,\"name\":\"Campsite Landes\",\"item\":\"https:\/\/www.camping-loupignada.com\/en\/\"},{\"@type\":\"ListItem\",\"position\":2,\"name\":\"Family campsite in Ondres\"}]},{\"@type\":\"WebSite\",\"@id\":\"https:\/\/www.camping-loupignada.com\/#website\",\"url\":\"https:\/\/www.camping-loupignada.com\/\",\"name\":\"Camping Lou Pignada\",\"description\":\"\",\"publisher\":{\"@id\":\"https:\/\/www.camping-loupignada.com\/#organization\"},\"potentialAction\":[{\"@type\":\"SearchAction\",\"target\":{\"@type\":\"EntryPoint\",\"urlTemplate\":\"https:\/\/www.camping-loupignada.com\/?s={search_term_string}\"},\"query-input\":{\"@type\":\"PropertyValueSpecification\",\"valueRequired\":true,\"valueName\":\"search_term_string\"}}],\"inLanguage\":\"en-US\"},{\"@type\":\"Organization\",\"@id\":\"https:\/\/www.camping-loupignada.com\/#organization\",\"name\":\"Camping Lou Pignada\",\"url\":\"https:\/\/www.camping-loupignada.com\/\",\"logo\":{\"@type\":\"ImageObject\",\"inLanguage\":\"en-US\",\"@id\":\"https:\/\/www.camping-loupignada.com\/#\/schema\/logo\/image\/\",\"url\":\"https:\/\/www.camping-loupignada.com\/wp-content\/uploads\/2023\/10\/cropped-logo.png\",\"contentUrl\":\"https:\/\/www.camping-loupignada.com\/wp-content\/uploads\/2023\/10\/cropped-logo.png\",\"width\":300,\"height\":300,\"caption\":\"Camping Lou Pignada\"},\"image\":{\"@id\":\"https:\/\/www.camping-loupignada.com\/#\/schema\/logo\/image\/\"}}]}<\/script>\n<!-- \/ Yoast SEO plugin. -->","yoast_head_json":{"title":"Family camping in Landes | Family vacations in Ondres, Landes","description":"Family vacations at our Lou Pignada family campsite in the Landes: water sports, playgrounds, entertainment and much more.","robots":{"index":"index","follow":"follow","max-snippet":"max-snippet:-1","max-image-preview":"max-image-preview:large","max-video-preview":"max-video-preview:-1"},"canonical":"https:\/\/www.camping-loupignada.com\/en\/family-campsite-landes\/","og_locale":"en_US","og_type":"article","og_title":"Family camping in Landes | Family vacations in Ondres, Landes","og_description":"Family vacations at our Lou Pignada family campsite in the Landes: water sports, playgrounds, entertainment and much more.","og_url":"https:\/\/www.camping-loupignada.com\/en\/family-campsite-landes\/","og_site_name":"Camping Lou Pignada","article_modified_time":"2023-11-24T14:37:40+00:00","og_image":[{"width":1920,"height":600,"url":"https:\/\/www.camping-loupignada.com\/wp-content\/uploads\/2023\/11\/camping-familial-a-ondres.jpg","type":"image\/jpeg"}],"twitter_card":"summary_large_image","twitter_misc":{"Est. reading time":"3 minutes"},"schema":{"@context":"https:\/\/schema.org","@graph":[{"@type":"WebPage","@id":"https:\/\/www.camping-loupignada.com\/en\/family-campsite-landes\/","url":"https:\/\/www.camping-loupignada.com\/en\/family-campsite-landes\/","name":"Family camping in Landes | Family vacations in Ondres, Landes","isPartOf":{"@id":"https:\/\/www.camping-loupignada.com\/#website"},"primaryImageOfPage":{"@id":"https:\/\/www.camping-loupignada.com\/en\/family-campsite-landes\/#primaryimage"},"image":{"@id":"https:\/\/www.camping-loupignada.com\/en\/family-campsite-landes\/#primaryimage"},"thumbnailUrl":"https:\/\/www.camping-loupignada.com\/wp-content\/uploads\/2023\/11\/camping-familial-a-ondres.jpg","datePublished":"2023-11-22T07:43:02+00:00","dateModified":"2023-11-24T14:37:40+00:00","description":"Family vacations at our Lou Pignada family campsite in the Landes: water sports, playgrounds, entertainment and much more.","breadcrumb":{"@id":"https:\/\/www.camping-loupignada.com\/en\/family-campsite-landes\/#breadcrumb"},"inLanguage":"en-US","potentialAction":[{"@type":"ReadAction","target":["https:\/\/www.camping-loupignada.com\/en\/family-campsite-landes\/"]}]},{"@type":"ImageObject","inLanguage":"en-US","@id":"https:\/\/www.camping-loupignada.com\/en\/family-campsite-landes\/#primaryimage","url":"https:\/\/www.camping-loupignada.com\/wp-content\/uploads\/2023\/11\/camping-familial-a-ondres.jpg","contentUrl":"https:\/\/www.camping-loupignada.com\/wp-content\/uploads\/2023\/11\/camping-familial-a-ondres.jpg","width":1920,"height":600,"caption":"family camping in ondres"},{"@type":"BreadcrumbList","@id":"https:\/\/www.camping-loupignada.com\/en\/family-campsite-landes\/#breadcrumb","itemListElement":[{"@type":"ListItem","position":1,"name":"Campsite Landes","item":"https:\/\/www.camping-loupignada.com\/en\/"},{"@type":"ListItem","position":2,"name":"Family campsite in Ondres"}]},{"@type":"WebSite","@id":"https:\/\/www.camping-loupignada.com\/#website","url":"https:\/\/www.camping-loupignada.com\/","name":"Camping Lou Pignada","description":"","publisher":{"@id":"https:\/\/www.camping-loupignada.com\/#organization"},"potentialAction":[{"@type":"SearchAction","target":{"@type":"EntryPoint","urlTemplate":"https:\/\/www.camping-loupignada.com\/?s={search_term_string}"},"query-input":{"@type":"PropertyValueSpecification","valueRequired":true,"valueName":"search_term_string"}}],"inLanguage":"en-US"},{"@type":"Organization","@id":"https:\/\/www.camping-loupignada.com\/#organization","name":"Camping Lou Pignada","url":"https:\/\/www.camping-loupignada.com\/","logo":{"@type":"ImageObject","inLanguage":"en-US","@id":"https:\/\/www.camping-loupignada.com\/#\/schema\/logo\/image\/","url":"https:\/\/www.camping-loupignada.com\/wp-content\/uploads\/2023\/10\/cropped-logo.png","contentUrl":"https:\/\/www.camping-loupignada.com\/wp-content\/uploads\/2023\/10\/cropped-logo.png","width":300,"height":300,"caption":"Camping Lou Pignada"},"image":{"@id":"https:\/\/www.camping-loupignada.com\/#\/schema\/logo\/image\/"}}]}},"_links":{"self":[{"href":"https:\/\/www.camping-loupignada.com\/en\/wp-json\/wp\/v2\/pages\/17415","targetHints":{"allow":["GET"]}}],"collection":[{"href":"https:\/\/www.camping-loupignada.com\/en\/wp-json\/wp\/v2\/pages"}],"about":[{"href":"https:\/\/www.camping-loupignada.com\/en\/wp-json\/wp\/v2\/types\/page"}],"author":[{"embeddable":true,"href":"https:\/\/www.camping-loupignada.com\/en\/wp-json\/wp\/v2\/users\/1"}],"replies":[{"embeddable":true,"href":"https:\/\/www.camping-loupignada.com\/en\/wp-json\/wp\/v2\/comments?post=17415"}],"version-history":[{"count":4,"href":"https:\/\/www.camping-loupignada.com\/en\/wp-json\/wp\/v2\/pages\/17415\/revisions"}],"predecessor-version":[{"id":17894,"href":"https:\/\/www.camping-loupignada.com\/en\/wp-json\/wp\/v2\/pages\/17415\/revisions\/17894"}],"wp:featuredmedia":[{"embeddable":true,"href":"https:\/\/www.camping-loupignada.com\/en\/wp-json\/wp\/v2\/media\/14779"}],"wp:attachment":[{"href":"https:\/\/www.camping-loupignada.com\/en\/wp-json\/wp\/v2\/media?parent=17415"}],"wp:term":[{"taxonomy":"sujet","embeddable":true,"href":"https:\/\/www.camping-loupignada.com\/en\/wp-json\/wp\/v2\/sujet?post=17415"}],"curies":[{"name":"wp","href":"https:\/\/api.w.org\/{rel}","templated":true}]}}