{"id":17171,"date":"2023-11-21T13:30:18","date_gmt":"2023-11-21T12:30:18","guid":{"rendered":"https:\/\/www.camping-loupignada.com\/camping-vacaciones-en-landes\/"},"modified":"2023-11-22T08:58:29","modified_gmt":"2023-11-22T07:58:29","slug":"camping-vacaciones-en-landes","status":"publish","type":"page","link":"https:\/\/www.camping-loupignada.com\/es\/camping-vacaciones-en-landes\/","title":{"rendered":"Landes"},"content":{"rendered":"<section id=\"ls-section-block_c5aa103b07f3ddf0b55de93009bc74c3\" class=\"ls-section   page-one has-p-t p-t-5 has-p-b p-b-3\" >\r\n        <div class=\"container container--wide\">\r\n        \n\n<h1 class=\"ls__heading wp-block-heading has-text-align-center\">Vacaciones en las Landas<\/h1>\n\n\n\n<p class=\"ls-paragraph has-text-align-center\">\u00bfLe gustar\u00eda explorar y descubrir una nueva regi\u00f3n llena de belleza natural, <strong>actividades al aire libre<\/strong> y <strong>cultura<\/strong>? No busque m\u00e1s all\u00e1 de la <strong>regi\u00f3n<\/strong> francesa <strong>de Las Landas<\/strong>. Con <strong>hermosas playas<\/strong>, colinas onduladas y un <strong>clima templado<\/strong>, <strong>las Landas<\/strong> son perfectas para quienes buscan una escapada o unas largas vacaciones. Echemos un vistazo a lo que ofrece esta regi\u00f3n.<\/p>\n\n\r\n    <\/div>\r\n<\/section>\n\n<section id=\"ls-section-block_057fe4ed9f4b754d4f390cc171996e6b\" class=\"ls-section  home-sixth page-two has-p-t p-t-0\" >\r\n        <div class=\"container container--full\">\r\n        \n\n<div class=\"wp-block-columns are-vertically-aligned-center is-layout-flex wp-container-core-columns-is-layout-9d6595d7 wp-block-columns-is-layout-flex\">\n<div class=\"wp-block-column is-vertically-aligned-center column-text-parallax is-layout-flow wp-block-column-is-layout-flow\">\n<h2 class=\"ls__heading wp-block-heading\">Entre playas y bosques de las Landas<\/h2>\n\n\n\n<p class=\"ls-paragraph\">La regi\u00f3n de Las Landas est\u00e1 situada en <strong>el suroeste de Francia<\/strong>, en la costa atl\u00e1ntica. Ondres, donde se encuentra el <a href=\"https:\/\/www.camping-loupignada.com\/es\/\">camping Lou Pignada<\/a>, es una ciudad costera fronteriza con una regi\u00f3n tan tur\u00edstica como las Landas: \u00a1el <strong>Pa\u00eds<\/strong> Vasco!<\/p>\n\n\n\n<p class=\"ls-paragraph\">La regi\u00f3n de las Landas es famosa por sus impresionantes <strong>playas<\/strong>, sus frondosos <strong>bosques<\/strong> verdes y sus <strong>pinos<\/strong>, \u00fanicos en esta parte del pa\u00eds. La regi\u00f3n de las Landas forma un tri\u00e1ngulo de unos 220 km de largo y 100 km de ancho, y est\u00e1 formada principalmente por grandes bosques. El bosque de las Landas es uno de los m\u00e1s extensos de Europa, formado principalmente por <strong>pinos mar\u00edtimos<\/strong>.  <\/p>\n\n\n\n<p class=\"ls-paragraph addReadMore showlesscontent\">El bosque de las Landas es un ecosistema fr\u00e1gil, puesto a prueba con frecuencia por tormentas intensas e incendios devastadores. Por ello, le instamos a respetar este entorno natural.<br><br>Con m\u00e1s de <strong>106 kil\u00f3metros de costa ba\u00f1ada por el sol<\/strong> del Oc\u00e9ano Atl\u00e1ntico, las 37 playas de la regi\u00f3n de Las Landas se encuentran entre los mejores destinos de Europa. Cada verano, millones de personas acuden a estas costas en busca de delicias acu\u00e1ticas, cielos azules y arenas doradas.<\/p>\n<\/div>\n\n\n\n<div class=\"wp-block-column is-vertically-aligned-center is-layout-flow wp-block-column-is-layout-flow\">\n<figure class=\"wp-block-image size-full animated fadeIn delay-100ms slow\"><a href=\"https:\/\/www.camping-loupignada.com\/wp-content\/uploads\/2023\/11\/les-plages-des-landes.jpg\"><img decoding=\"async\" width=\"800\" height=\"600\" src=\"https:\/\/www.camping-loupignada.com\/wp-content\/uploads\/2023\/11\/les-plages-des-landes.jpg\" alt=\"las playas de las landas\" class=\"wp-image-13983\" srcset=\"https:\/\/www.camping-loupignada.com\/wp-content\/uploads\/2023\/11\/les-plages-des-landes.jpg 800w, https:\/\/www.camping-loupignada.com\/wp-content\/uploads\/2023\/11\/les-plages-des-landes-300x225.jpg 300w, https:\/\/www.camping-loupignada.com\/wp-content\/uploads\/2023\/11\/les-plages-des-landes-768x576.jpg 768w\" sizes=\"(max-width: 800px) 100vw, 800px\" \/><\/a><\/figure>\n<\/div>\n\n\n\n<div class=\"wp-block-column is-vertically-aligned-center is-layout-flow wp-block-column-is-layout-flow\">\n<figure class=\"wp-block-image size-full animated fadeIn slow\"><a href=\"https:\/\/www.camping-loupignada.com\/wp-content\/uploads\/2023\/11\/decouvrir-les-forets-landaises.jpg\"><img decoding=\"async\" width=\"800\" height=\"600\" src=\"https:\/\/www.camping-loupignada.com\/wp-content\/uploads\/2023\/11\/decouvrir-les-forets-landaises.jpg\" alt=\"descubra los bosques de las landas\" class=\"wp-image-13978\" srcset=\"https:\/\/www.camping-loupignada.com\/wp-content\/uploads\/2023\/11\/decouvrir-les-forets-landaises.jpg 800w, https:\/\/www.camping-loupignada.com\/wp-content\/uploads\/2023\/11\/decouvrir-les-forets-landaises-300x225.jpg 300w, https:\/\/www.camping-loupignada.com\/wp-content\/uploads\/2023\/11\/decouvrir-les-forets-landaises-768x576.jpg 768w\" sizes=\"(max-width: 800px) 100vw, 800px\" \/><\/a><\/figure>\n<\/div>\n<\/div>\n\n\r\n    <\/div>\r\n<\/section>\n\n<section id=\"ls-section-block_5cdf8bb68d285ec9577cd17d02ce3b34\" class=\"ls-section  home-sixth page-three has-p-t p-t-0\" >\r\n        <div class=\"container container--full\">\r\n        \n\n<div class=\"wp-block-columns are-vertically-aligned-center is-layout-flex wp-container-core-columns-is-layout-9d6595d7 wp-block-columns-is-layout-flex\">\n<div class=\"wp-block-column is-vertically-aligned-center is-layout-flow wp-block-column-is-layout-flow\">\n<figure class=\"wp-block-image size-full animated fadeIn delay-200ms slow\"><a href=\"https:\/\/www.camping-loupignada.com\/wp-content\/uploads\/2023\/11\/velo-dans-les-forets-des-landes.jpg\"><img decoding=\"async\" width=\"800\" height=\"600\" src=\"https:\/\/www.camping-loupignada.com\/wp-content\/uploads\/2023\/11\/velo-dans-les-forets-des-landes.jpg\" alt=\"ciclismo en los bosques de las landas\" class=\"wp-image-13988\" srcset=\"https:\/\/www.camping-loupignada.com\/wp-content\/uploads\/2023\/11\/velo-dans-les-forets-des-landes.jpg 800w, https:\/\/www.camping-loupignada.com\/wp-content\/uploads\/2023\/11\/velo-dans-les-forets-des-landes-300x225.jpg 300w, https:\/\/www.camping-loupignada.com\/wp-content\/uploads\/2023\/11\/velo-dans-les-forets-des-landes-768x576.jpg 768w\" sizes=\"(max-width: 800px) 100vw, 800px\" \/><\/a><\/figure>\n<\/div>\n\n\n\n<div class=\"wp-block-column is-vertically-aligned-center is-layout-flow wp-block-column-is-layout-flow\"><div class=\"wp-block-image animated fadeInUp slow\">\n<figure class=\"aligncenter size-full is-resized\"><a href=\"https:\/\/www.camping-loupignada.com\/wp-content\/uploads\/2023\/11\/surf-dans-les-landes.jpg\"><img decoding=\"async\" width=\"800\" height=\"600\" src=\"https:\/\/www.camping-loupignada.com\/wp-content\/uploads\/2023\/11\/surf-dans-les-landes.jpg\" alt=\"surf en las landas\" class=\"wp-image-13972\" style=\"width:335px;height:670px\" srcset=\"https:\/\/www.camping-loupignada.com\/wp-content\/uploads\/2023\/11\/surf-dans-les-landes.jpg 800w, https:\/\/www.camping-loupignada.com\/wp-content\/uploads\/2023\/11\/surf-dans-les-landes-300x225.jpg 300w, https:\/\/www.camping-loupignada.com\/wp-content\/uploads\/2023\/11\/surf-dans-les-landes-768x576.jpg 768w\" sizes=\"(max-width: 800px) 100vw, 800px\" \/><\/a><\/figure>\n<\/div><\/div>\n\n\n\n<div class=\"wp-block-column is-vertically-aligned-center column-text-parallax is-layout-flow wp-block-column-is-layout-flow\">\n<h2 class=\"ls__heading wp-block-heading\">Un destino ideal para los amantes del deporte<\/h2>\n\n\n\n<p class=\"ls-paragraph\">Para los aficionados al deporte, la Costa de Plata es el destino ideal.<\/p>\n\n\n\n<p class=\"ls-paragraph\">El clima templado es ideal para <strong>actividades<\/strong> al aire libre como <strong>nataci\u00f3n<\/strong>, <strong>kayak<\/strong>, <strong>pirag\u00fcismo<\/strong> y <strong>surf<\/strong>, muy populares entre lugare\u00f1os y turistas.<\/p>\n\n\n\n<p class=\"ls-paragraph\"><strong>Los aficionados al ciclismo<\/strong> estar\u00e1n encantados en las Landas: es una de las tres actividades m\u00e1s populares, despu\u00e9s del descanso en la playa y el senderismo. Con m\u00e1s de <strong>300 km de carriles bici<\/strong> y 1.700 km de rutas para ciclistas, \u00a1las posibilidades son infinitas! Disfrute de una gran variedad de paisajes mientras pedalea entre el mar y el bosque en bicicleta de monta\u00f1a o VTC (seg\u00fan el estado de la pista). O simplemente utilice las dos ruedas para ir de playa en playa, visitar mercados y lagos \u00a1sin sudar!<\/p>\n<\/div>\n<\/div>\n\n\r\n    <\/div>\r\n<\/section>\n\n<section id=\"ls-section-block_057fe4ed9f4b754d4f390cc171996e6b\" class=\"ls-section  home-sixth page-two has-p-t p-t-0\" >\r\n        <div class=\"container container--full\">\r\n        \n\n<div class=\"wp-block-columns are-vertically-aligned-center is-layout-flex wp-container-core-columns-is-layout-9d6595d7 wp-block-columns-is-layout-flex\">\n<div class=\"wp-block-column is-vertically-aligned-center column-text-parallax is-layout-flow wp-block-column-is-layout-flow\">\n<h2 class=\"ls__heading wp-block-heading\">\u00bfQu\u00e9 hacer durante su estancia en las Landas?<\/h2>\n\n\n\n<p class=\"ls-paragraph\">Con su rico<strong> patrimonio natural<\/strong>, arquitect\u00f3nico e hist\u00f3rico, el departamento de <a href=\"https:\/\/www.landas-vacaciones.com\/\" target=\"_blank\" rel=\"noreferrer noopener nofollow\">las Landas<\/a> est\u00e1 repleto de lugares que visitar. Las encantadoras ciudades, complejos tur\u00edsticos y pueblos que bordean la costa o se enclavan entre los lagos de agua dulce tienen todos su propio car\u00e1cter \u00fanico: entre los lugares de visita obligada figuran  <strong>Hossegor<\/strong>. Este pueblo de las Landas debe su ambiente \u00fanico a las extravagantes villas vasco-landesas construidas entre las dos guerras mundiales.  <\/p>\n\n\n\n<p class=\"ls-paragraph\"><strong>Dax<\/strong> es una hist\u00f3rica ciudad balneario. Puede visitar su asombrosa catedral neogriega, a s\u00f3lo 40 minutos de su alojamiento <strong>en el camping de las Landas<\/strong>. En un estilo completamente diferente, no se pierda el pueblo medieval de <strong>La-Bastide-d&#8217;Armagnac<\/strong>. <\/p>\n\n\n\n<p class=\"ls-paragraph addReadMore showlesscontent\">Tambi\u00e9n est\u00e1 rodeado de algunos de los parajes naturales m\u00e1s ricos del mundo, como la reserva natural de la corriente de Huchet, el <strong> Marais d&#8217;Orx<\/strong><strong>estanque de la Prade<\/strong> en  <strong>Messanges<\/strong> o los estanques de Aureilhan cerca de  <strong>Mimizan<\/strong>, <strong>Biscarrosse<\/strong> y <strong>Parentis<\/strong> (camping de Biscarrosse), <strong>Cazaux<\/strong> y <strong>Sanguinet<\/strong> y, por supuesto, el inmenso bosque de las Landas.<\/p>\n<\/div>\n\n\n\n<div class=\"wp-block-column is-vertically-aligned-center is-layout-flow wp-block-column-is-layout-flow\">\n<figure class=\"wp-block-image size-full animated fadeIn delay-100ms slow\"><a href=\"https:\/\/www.camping-loupignada.com\/wp-content\/uploads\/2023\/11\/decouvrir-la-place-dhossegor.jpg\"><img decoding=\"async\" width=\"800\" height=\"600\" src=\"https:\/\/www.camping-loupignada.com\/wp-content\/uploads\/2023\/11\/decouvrir-la-place-dhossegor.jpg\" alt=\"descubra la place d'hossegor\" class=\"wp-image-13995\" srcset=\"https:\/\/www.camping-loupignada.com\/wp-content\/uploads\/2023\/11\/decouvrir-la-place-dhossegor.jpg 800w, https:\/\/www.camping-loupignada.com\/wp-content\/uploads\/2023\/11\/decouvrir-la-place-dhossegor-300x225.jpg 300w, https:\/\/www.camping-loupignada.com\/wp-content\/uploads\/2023\/11\/decouvrir-la-place-dhossegor-768x576.jpg 768w\" sizes=\"(max-width: 800px) 100vw, 800px\" \/><\/a><\/figure>\n<\/div>\n\n\n\n<div class=\"wp-block-column is-vertically-aligned-center is-layout-flow wp-block-column-is-layout-flow\">\n<figure class=\"wp-block-image size-full animated fadeIn slow\"><a href=\"https:\/\/www.camping-loupignada.com\/wp-content\/uploads\/2023\/11\/adecouvrir-les-arenes-de-dax.jpg\"><img decoding=\"async\" width=\"800\" height=\"600\" src=\"https:\/\/www.camping-loupignada.com\/wp-content\/uploads\/2023\/11\/adecouvrir-les-arenes-de-dax.jpg\" alt=\"descubra las arenas de dax\" class=\"wp-image-13967\" srcset=\"https:\/\/www.camping-loupignada.com\/wp-content\/uploads\/2023\/11\/adecouvrir-les-arenes-de-dax.jpg 800w, https:\/\/www.camping-loupignada.com\/wp-content\/uploads\/2023\/11\/adecouvrir-les-arenes-de-dax-300x225.jpg 300w, https:\/\/www.camping-loupignada.com\/wp-content\/uploads\/2023\/11\/adecouvrir-les-arenes-de-dax-768x576.jpg 768w\" sizes=\"(max-width: 800px) 100vw, 800px\" \/><\/a><\/figure>\n<\/div>\n<\/div>\n\n\r\n    <\/div>\r\n<\/section>","protected":false},"excerpt":{"rendered":"","protected":false},"author":1,"featured_media":14018,"parent":0,"menu_order":0,"comment_status":"closed","ping_status":"closed","template":"","meta":{"_acf_changed":false,"footnotes":""},"sujet":[],"class_list":["post-17171","page","type-page","status-publish","has-post-thumbnail","hentry"],"acf":[],"yoast_head":"<!-- This site is optimized with the Yoast SEO plugin v23.4 - https:\/\/yoast.com\/wordpress\/plugins\/seo\/ -->\n<title>Vacaciones en las Landas: un destino tur\u00edstico imprescindible<\/title>\n<meta name=\"description\" content=\"Venga a descubrir las Landas, una regi\u00f3n rica en actividades al aire libre, gastronom\u00eda y patrimonio cultural. Aproveche sus riquezas para pasar unas vacaciones inolvidables.\" \/>\n<meta name=\"robots\" content=\"index, follow, max-snippet:-1, max-image-preview:large, max-video-preview:-1\" \/>\n<link rel=\"canonical\" href=\"https:\/\/www.camping-loupignada.com\/es\/camping-vacaciones-en-landes\/\" \/>\n<meta property=\"og:locale\" content=\"es_ES\" \/>\n<meta property=\"og:type\" content=\"article\" \/>\n<meta property=\"og:title\" content=\"Vacaciones en las Landas: un destino tur\u00edstico imprescindible\" \/>\n<meta property=\"og:description\" content=\"Venga a descubrir las Landas, una regi\u00f3n rica en actividades al aire libre, gastronom\u00eda y patrimonio cultural. Aproveche sus riquezas para pasar unas vacaciones inolvidables.\" \/>\n<meta property=\"og:url\" content=\"https:\/\/www.camping-loupignada.com\/es\/camping-vacaciones-en-landes\/\" \/>\n<meta property=\"og:site_name\" content=\"Camping Lou Pignada\" \/>\n<meta property=\"article:modified_time\" content=\"2023-11-22T07:58:29+00:00\" \/>\n<meta property=\"og:image\" content=\"https:\/\/www.camping-loupignada.com\/wp-content\/uploads\/2023\/11\/activites-dans-les-landes.jpg\" \/>\n\t<meta property=\"og:image:width\" content=\"1920\" \/>\n\t<meta property=\"og:image:height\" content=\"550\" \/>\n\t<meta property=\"og:image:type\" content=\"image\/jpeg\" \/>\n<meta name=\"twitter:card\" content=\"summary_large_image\" \/>\n<meta name=\"twitter:label1\" content=\"Tiempo de lectura\" \/>\n\t<meta name=\"twitter:data1\" content=\"5 minutos\" \/>\n<script type=\"application\/ld+json\" class=\"yoast-schema-graph\">{\"@context\":\"https:\/\/schema.org\",\"@graph\":[{\"@type\":\"WebPage\",\"@id\":\"https:\/\/www.camping-loupignada.com\/es\/camping-vacaciones-en-landes\/\",\"url\":\"https:\/\/www.camping-loupignada.com\/es\/camping-vacaciones-en-landes\/\",\"name\":\"Vacaciones en las Landas: un destino tur\u00edstico imprescindible\",\"isPartOf\":{\"@id\":\"https:\/\/www.camping-loupignada.com\/#website\"},\"primaryImageOfPage\":{\"@id\":\"https:\/\/www.camping-loupignada.com\/es\/camping-vacaciones-en-landes\/#primaryimage\"},\"image\":{\"@id\":\"https:\/\/www.camping-loupignada.com\/es\/camping-vacaciones-en-landes\/#primaryimage\"},\"thumbnailUrl\":\"https:\/\/www.camping-loupignada.com\/wp-content\/uploads\/2023\/11\/activites-dans-les-landes.jpg\",\"datePublished\":\"2023-11-21T12:30:18+00:00\",\"dateModified\":\"2023-11-22T07:58:29+00:00\",\"description\":\"Venga a descubrir las Landas, una regi\u00f3n rica en actividades al aire libre, gastronom\u00eda y patrimonio cultural. Aproveche sus riquezas para pasar unas vacaciones inolvidables.\",\"breadcrumb\":{\"@id\":\"https:\/\/www.camping-loupignada.com\/es\/camping-vacaciones-en-landes\/#breadcrumb\"},\"inLanguage\":\"es\",\"potentialAction\":[{\"@type\":\"ReadAction\",\"target\":[\"https:\/\/www.camping-loupignada.com\/es\/camping-vacaciones-en-landes\/\"]}]},{\"@type\":\"ImageObject\",\"inLanguage\":\"es\",\"@id\":\"https:\/\/www.camping-loupignada.com\/es\/camping-vacaciones-en-landes\/#primaryimage\",\"url\":\"https:\/\/www.camping-loupignada.com\/wp-content\/uploads\/2023\/11\/activites-dans-les-landes.jpg\",\"contentUrl\":\"https:\/\/www.camping-loupignada.com\/wp-content\/uploads\/2023\/11\/activites-dans-les-landes.jpg\",\"width\":1920,\"height\":550,\"caption\":\"actividades en los landes\"},{\"@type\":\"BreadcrumbList\",\"@id\":\"https:\/\/www.camping-loupignada.com\/es\/camping-vacaciones-en-landes\/#breadcrumb\",\"itemListElement\":[{\"@type\":\"ListItem\",\"position\":1,\"name\":\"Camping Landas\",\"item\":\"https:\/\/www.camping-loupignada.com\/es\/\"},{\"@type\":\"ListItem\",\"position\":2,\"name\":\"camping vacaciones Landas\"}]},{\"@type\":\"WebSite\",\"@id\":\"https:\/\/www.camping-loupignada.com\/#website\",\"url\":\"https:\/\/www.camping-loupignada.com\/\",\"name\":\"Camping Lou Pignada\",\"description\":\"\",\"publisher\":{\"@id\":\"https:\/\/www.camping-loupignada.com\/#organization\"},\"potentialAction\":[{\"@type\":\"SearchAction\",\"target\":{\"@type\":\"EntryPoint\",\"urlTemplate\":\"https:\/\/www.camping-loupignada.com\/?s={search_term_string}\"},\"query-input\":{\"@type\":\"PropertyValueSpecification\",\"valueRequired\":true,\"valueName\":\"search_term_string\"}}],\"inLanguage\":\"es\"},{\"@type\":\"Organization\",\"@id\":\"https:\/\/www.camping-loupignada.com\/#organization\",\"name\":\"Camping Lou Pignada\",\"url\":\"https:\/\/www.camping-loupignada.com\/\",\"logo\":{\"@type\":\"ImageObject\",\"inLanguage\":\"es\",\"@id\":\"https:\/\/www.camping-loupignada.com\/#\/schema\/logo\/image\/\",\"url\":\"https:\/\/www.camping-loupignada.com\/wp-content\/uploads\/2023\/10\/cropped-logo.png\",\"contentUrl\":\"https:\/\/www.camping-loupignada.com\/wp-content\/uploads\/2023\/10\/cropped-logo.png\",\"width\":300,\"height\":300,\"caption\":\"Camping Lou Pignada\"},\"image\":{\"@id\":\"https:\/\/www.camping-loupignada.com\/#\/schema\/logo\/image\/\"}}]}<\/script>\n<!-- \/ Yoast SEO plugin. -->","yoast_head_json":{"title":"Vacaciones en las Landas: un destino tur\u00edstico imprescindible","description":"Venga a descubrir las Landas, una regi\u00f3n rica en actividades al aire libre, gastronom\u00eda y patrimonio cultural. Aproveche sus riquezas para pasar unas vacaciones inolvidables.","robots":{"index":"index","follow":"follow","max-snippet":"max-snippet:-1","max-image-preview":"max-image-preview:large","max-video-preview":"max-video-preview:-1"},"canonical":"https:\/\/www.camping-loupignada.com\/es\/camping-vacaciones-en-landes\/","og_locale":"es_ES","og_type":"article","og_title":"Vacaciones en las Landas: un destino tur\u00edstico imprescindible","og_description":"Venga a descubrir las Landas, una regi\u00f3n rica en actividades al aire libre, gastronom\u00eda y patrimonio cultural. Aproveche sus riquezas para pasar unas vacaciones inolvidables.","og_url":"https:\/\/www.camping-loupignada.com\/es\/camping-vacaciones-en-landes\/","og_site_name":"Camping Lou Pignada","article_modified_time":"2023-11-22T07:58:29+00:00","og_image":[{"width":1920,"height":550,"url":"https:\/\/www.camping-loupignada.com\/wp-content\/uploads\/2023\/11\/activites-dans-les-landes.jpg","type":"image\/jpeg"}],"twitter_card":"summary_large_image","twitter_misc":{"Tiempo de lectura":"5 minutos"},"schema":{"@context":"https:\/\/schema.org","@graph":[{"@type":"WebPage","@id":"https:\/\/www.camping-loupignada.com\/es\/camping-vacaciones-en-landes\/","url":"https:\/\/www.camping-loupignada.com\/es\/camping-vacaciones-en-landes\/","name":"Vacaciones en las Landas: un destino tur\u00edstico imprescindible","isPartOf":{"@id":"https:\/\/www.camping-loupignada.com\/#website"},"primaryImageOfPage":{"@id":"https:\/\/www.camping-loupignada.com\/es\/camping-vacaciones-en-landes\/#primaryimage"},"image":{"@id":"https:\/\/www.camping-loupignada.com\/es\/camping-vacaciones-en-landes\/#primaryimage"},"thumbnailUrl":"https:\/\/www.camping-loupignada.com\/wp-content\/uploads\/2023\/11\/activites-dans-les-landes.jpg","datePublished":"2023-11-21T12:30:18+00:00","dateModified":"2023-11-22T07:58:29+00:00","description":"Venga a descubrir las Landas, una regi\u00f3n rica en actividades al aire libre, gastronom\u00eda y patrimonio cultural. Aproveche sus riquezas para pasar unas vacaciones inolvidables.","breadcrumb":{"@id":"https:\/\/www.camping-loupignada.com\/es\/camping-vacaciones-en-landes\/#breadcrumb"},"inLanguage":"es","potentialAction":[{"@type":"ReadAction","target":["https:\/\/www.camping-loupignada.com\/es\/camping-vacaciones-en-landes\/"]}]},{"@type":"ImageObject","inLanguage":"es","@id":"https:\/\/www.camping-loupignada.com\/es\/camping-vacaciones-en-landes\/#primaryimage","url":"https:\/\/www.camping-loupignada.com\/wp-content\/uploads\/2023\/11\/activites-dans-les-landes.jpg","contentUrl":"https:\/\/www.camping-loupignada.com\/wp-content\/uploads\/2023\/11\/activites-dans-les-landes.jpg","width":1920,"height":550,"caption":"actividades en los landes"},{"@type":"BreadcrumbList","@id":"https:\/\/www.camping-loupignada.com\/es\/camping-vacaciones-en-landes\/#breadcrumb","itemListElement":[{"@type":"ListItem","position":1,"name":"Camping Landas","item":"https:\/\/www.camping-loupignada.com\/es\/"},{"@type":"ListItem","position":2,"name":"camping vacaciones Landas"}]},{"@type":"WebSite","@id":"https:\/\/www.camping-loupignada.com\/#website","url":"https:\/\/www.camping-loupignada.com\/","name":"Camping Lou Pignada","description":"","publisher":{"@id":"https:\/\/www.camping-loupignada.com\/#organization"},"potentialAction":[{"@type":"SearchAction","target":{"@type":"EntryPoint","urlTemplate":"https:\/\/www.camping-loupignada.com\/?s={search_term_string}"},"query-input":{"@type":"PropertyValueSpecification","valueRequired":true,"valueName":"search_term_string"}}],"inLanguage":"es"},{"@type":"Organization","@id":"https:\/\/www.camping-loupignada.com\/#organization","name":"Camping Lou Pignada","url":"https:\/\/www.camping-loupignada.com\/","logo":{"@type":"ImageObject","inLanguage":"es","@id":"https:\/\/www.camping-loupignada.com\/#\/schema\/logo\/image\/","url":"https:\/\/www.camping-loupignada.com\/wp-content\/uploads\/2023\/10\/cropped-logo.png","contentUrl":"https:\/\/www.camping-loupignada.com\/wp-content\/uploads\/2023\/10\/cropped-logo.png","width":300,"height":300,"caption":"Camping Lou Pignada"},"image":{"@id":"https:\/\/www.camping-loupignada.com\/#\/schema\/logo\/image\/"}}]}},"_links":{"self":[{"href":"https:\/\/www.camping-loupignada.com\/es\/wp-json\/wp\/v2\/pages\/17171","targetHints":{"allow":["GET"]}}],"collection":[{"href":"https:\/\/www.camping-loupignada.com\/es\/wp-json\/wp\/v2\/pages"}],"about":[{"href":"https:\/\/www.camping-loupignada.com\/es\/wp-json\/wp\/v2\/types\/page"}],"author":[{"embeddable":true,"href":"https:\/\/www.camping-loupignada.com\/es\/wp-json\/wp\/v2\/users\/1"}],"replies":[{"embeddable":true,"href":"https:\/\/www.camping-loupignada.com\/es\/wp-json\/wp\/v2\/comments?post=17171"}],"version-history":[{"count":4,"href":"https:\/\/www.camping-loupignada.com\/es\/wp-json\/wp\/v2\/pages\/17171\/revisions"}],"predecessor-version":[{"id":17461,"href":"https:\/\/www.camping-loupignada.com\/es\/wp-json\/wp\/v2\/pages\/17171\/revisions\/17461"}],"wp:featuredmedia":[{"embeddable":true,"href":"https:\/\/www.camping-loupignada.com\/es\/wp-json\/wp\/v2\/media\/14018"}],"wp:attachment":[{"href":"https:\/\/www.camping-loupignada.com\/es\/wp-json\/wp\/v2\/media?parent=17171"}],"wp:term":[{"taxonomy":"sujet","embeddable":true,"href":"https:\/\/www.camping-loupignada.com\/es\/wp-json\/wp\/v2\/sujet?post=17171"}],"curies":[{"name":"wp","href":"https:\/\/api.w.org\/{rel}","templated":true}]}}