{"id":17203,"date":"2023-11-21T13:37:50","date_gmt":"2023-11-21T12:37:50","guid":{"rendered":"https:\/\/www.camping-loupignada.com\/nuestros-servicios\/"},"modified":"2023-12-22T16:09:08","modified_gmt":"2023-12-22T15:09:08","slug":"nuestros-servicios","status":"publish","type":"page","link":"https:\/\/www.camping-loupignada.com\/es\/nuestros-servicios\/","title":{"rendered":"Los servicios"},"content":{"rendered":"<section id=\"ls-section-block_de3baf4ec26b7003cdb3070906f67a14\" class=\"ls-section   page-one has-p-t p-t-5 has-p-b p-b-3\" >\r\n        <div class=\"container container--wide\">\r\n        \n\n<h1 class=\"ls__heading wp-block-heading has-text-align-center\">Servicios en el camping Lou Pignada<\/h1>\n\n\n\n<p class=\"ls-paragraph has-text-align-center\">Disfrute de unas vacaciones tranquilas en el magn\u00edfico <a href=\"https:\/\/www.camping-loupignada.com\/es\/\">camping de Lou Pignada<\/a>, en las Landas, enclavado en la exuberante vegetaci\u00f3n de la regi\u00f3n de las Landas. Con acceso a la piscina climatizada y cerca de la playa de Ondres, este camping para caravanas ofrece vacaciones tanto en temporada baja como alta. Por si fuera poco, en este <strong>fant\u00e1stico remanso de<\/strong> paz tambi\u00e9n podr\u00e1 disfrutar de un sinf\u00edn de nuevas experiencias deportivas y de ocio.<\/p>\n\n\r\n    <\/div>\r\n<\/section><section id=\"ls-section-block_74bf4406d95769986a15a063dc57d75b\" class=\"ls-section  home-sixth page-two has-p-t p-t-0\" >\r\n        <div class=\"container container--full\">\r\n        \n\n<div class=\"wp-block-columns are-vertically-aligned-center is-layout-flex wp-container-core-columns-is-layout-9d6595d7 wp-block-columns-is-layout-flex\">\n<div class=\"wp-block-column is-vertically-aligned-center column-text-parallax is-layout-flow wp-block-column-is-layout-flow\">\n<h2 class=\"ls__heading wp-block-heading\">Mostrador de recepci\u00f3n<\/h2>\n\n\n\n<p class=\"ls-paragraph\">En temporada, puede visitar la recepci\u00f3n del camping todos los d\u00edas de <strong>9:00 a 13:00<\/strong> y de <strong>14:00 a 19:00<\/strong>. Nuestro amable personal estar\u00e1 encantado de darte muchas ideas para hacer turismo, incluidos mapas de la zona y de las ciudades cercanas o rutas ciclistas y detalles de los mercados locales de las ciudades cercanas. Ac\u00e9rquese ahora y conozca las previsiones meteorol\u00f3gicas actualizadas para vivir una experiencia inolvidable.<\/p>\n\n\n\n<h2 class=\"ls__heading wp-block-heading\">El bar<\/h2>\n\n\n\n<p class=\"ls-paragraph\">Rel\u00e1jese con los c\u00f3cteles exclusivos del bar en un ambiente emocionante. Tambi\u00e9n puedes aprovechar sus ofertas especiales de Happy Hour en determinados d\u00edas a precios imbatibles.<\/p>\n<\/div>\n\n\n\n<div class=\"wp-block-column is-vertically-aligned-center is-layout-flow wp-block-column-is-layout-flow\">\n<figure class=\"wp-block-image size-full animated fadeIn delay-100ms slow\"><a href=\"https:\/\/www.camping-loupignada.com\/wp-content\/uploads\/2023\/10\/Lou-pignada-14_resultat.webp\"><img decoding=\"async\" width=\"800\" height=\"534\" src=\"https:\/\/www.camping-loupignada.com\/wp-content\/uploads\/2023\/10\/Lou-pignada-14_resultat.webp\" alt=\"camping lou pinada\" class=\"wp-image-12995\" srcset=\"https:\/\/www.camping-loupignada.com\/wp-content\/uploads\/2023\/10\/Lou-pignada-14_resultat.webp 800w, https:\/\/www.camping-loupignada.com\/wp-content\/uploads\/2023\/10\/Lou-pignada-14_resultat-300x200.webp 300w, https:\/\/www.camping-loupignada.com\/wp-content\/uploads\/2023\/10\/Lou-pignada-14_resultat-768x513.webp 768w\" sizes=\"(max-width: 800px) 100vw, 800px\" \/><\/a><\/figure>\n<\/div>\n\n\n\n<div class=\"wp-block-column is-vertically-aligned-center is-layout-flow wp-block-column-is-layout-flow\">\n<figure class=\"wp-block-image size-full animated fadeIn slow\"><a href=\"https:\/\/www.camping-loupignada.com\/wp-content\/uploads\/2023\/10\/Lou-pignada-18_resultat.webp\"><img decoding=\"async\" width=\"800\" height=\"534\" src=\"https:\/\/www.camping-loupignada.com\/wp-content\/uploads\/2023\/10\/Lou-pignada-18_resultat.webp\" alt=\"descubra el bar camping landes\" class=\"wp-image-13001\" srcset=\"https:\/\/www.camping-loupignada.com\/wp-content\/uploads\/2023\/10\/Lou-pignada-18_resultat.webp 800w, https:\/\/www.camping-loupignada.com\/wp-content\/uploads\/2023\/10\/Lou-pignada-18_resultat-300x200.webp 300w, https:\/\/www.camping-loupignada.com\/wp-content\/uploads\/2023\/10\/Lou-pignada-18_resultat-768x513.webp 768w\" sizes=\"(max-width: 800px) 100vw, 800px\" \/><\/a><\/figure>\n<\/div>\n<\/div>\n\n\r\n    <\/div>\r\n<\/section><section id=\"ls-section-block_98eaa2eb5ca81eaba542ed2d3c4d844f\" class=\"ls-section  home-sixth page-three has-p-t p-t-0\" >\r\n        <div class=\"container container--full\">\r\n        \n\n<div class=\"wp-block-columns are-vertically-aligned-center is-layout-flex wp-container-core-columns-is-layout-9d6595d7 wp-block-columns-is-layout-flex\">\n<div class=\"wp-block-column is-vertically-aligned-center is-layout-flow wp-block-column-is-layout-flow\">\n<figure class=\"wp-block-image size-full animated fadeIn delay-200ms slow\"><a href=\"https:\/\/www.camping-loupignada.com\/wp-content\/uploads\/2023\/10\/Lou-pignada4.jpg\"><img decoding=\"async\" width=\"667\" height=\"1000\" src=\"https:\/\/www.camping-loupignada.com\/wp-content\/uploads\/2023\/10\/Lou-pignada4.jpg\" alt=\"restaurante camping lou pignada\" class=\"wp-image-12955\" srcset=\"https:\/\/www.camping-loupignada.com\/wp-content\/uploads\/2023\/10\/Lou-pignada4.jpg 667w, https:\/\/www.camping-loupignada.com\/wp-content\/uploads\/2023\/10\/Lou-pignada4-200x300.jpg 200w\" sizes=\"(max-width: 667px) 100vw, 667px\" \/><\/a><\/figure>\n<\/div>\n\n\n\n<div class=\"wp-block-column is-vertically-aligned-center is-layout-flow wp-block-column-is-layout-flow\"><div class=\"wp-block-image animated fadeInUp slow\">\n<figure class=\"aligncenter size-full is-resized\"><a href=\"https:\/\/www.camping-loupignada.com\/wp-content\/uploads\/2023\/10\/Lou-pignada12.jpg\"><img decoding=\"async\" width=\"1000\" height=\"667\" src=\"https:\/\/www.camping-loupignada.com\/wp-content\/uploads\/2023\/10\/Lou-pignada12.jpg\" alt=\"snack bar y pizzeria en el camping de ondres\" class=\"wp-image-12960\" style=\"width:335px;height:670px\" srcset=\"https:\/\/www.camping-loupignada.com\/wp-content\/uploads\/2023\/10\/Lou-pignada12.jpg 1000w, https:\/\/www.camping-loupignada.com\/wp-content\/uploads\/2023\/10\/Lou-pignada12-300x200.jpg 300w, https:\/\/www.camping-loupignada.com\/wp-content\/uploads\/2023\/10\/Lou-pignada12-768x512.jpg 768w\" sizes=\"(max-width: 1000px) 100vw, 1000px\" \/><\/a><\/figure>\n<\/div><\/div>\n\n\n\n<div class=\"wp-block-column is-vertically-aligned-center column-text-parallax is-layout-flow wp-block-column-is-layout-flow\">\n<h2 class=\"ls__heading wp-block-heading\">El restaurante<\/h2>\n\n\n\n<p class=\"ls-paragraph\">Dir\u00edjase a la Parada de la Playa de Ondres para degustar deliciosos platos, desde especialidades locales hasta platos brasile\u00f1os y opciones para toda la familia. Deje que nuestro bar y restaurante sean su base para una comida inolvidable. Cada temporada, el restaurante abrir\u00e1 sus puertas y organizar\u00e1 veladas tem\u00e1ticas con ofertas especiales, como noches de \u00abtodo lo que puedas comer\u00bb de mejillones con patatas fritas y paellas gigantes. Viva la experiencia de un camping 4 estrellas en las Landas.<\/p>\n\n\n\n<h2 class=\"ls__heading wp-block-heading\">Cafeter\u00eda \/ Pizzer\u00eda<\/h2>\n\n\n\n<p class=\"ls-paragraph\">A partir de las 8 de la ma\u00f1ana, en temporada, saboree pan y boller\u00eda reci\u00e9n horneados. Disfrute de una pizza o un panini con una bebida fresca o un refrescante helado antes de deleitarse con una bandeja de patatas fritas en su alojamiento de alquiler o en el camping.<\/p>\n<\/div>\n<\/div>\n\n\r\n    <\/div>\r\n<\/section><section id=\"ls-section-block_74bf4406d95769986a15a063dc57d75b\" class=\"ls-section  home-sixth page-two has-p-t p-t-0\" >\r\n        <div class=\"container container--full\">\r\n        \n\n<div class=\"wp-block-columns are-vertically-aligned-center is-layout-flex wp-container-core-columns-is-layout-9d6595d7 wp-block-columns-is-layout-flex\">\n<div class=\"wp-block-column is-vertically-aligned-center column-text-parallax is-layout-flow wp-block-column-is-layout-flow\">\n<h2 class=\"ls__heading wp-block-heading\">Wifi<\/h2>\n\n\n\n<p class=\"ls-paragraph\">Nuestro camping ofrece una conexi\u00f3n wifi completa con paquetes adaptados a sus necesidades individuales. Para m\u00e1s informaci\u00f3n, visite la recepci\u00f3n.<\/p>\n\n\n\n<h2 class=\"ls__heading wp-block-heading\">Alquiler de material<\/h2>\n\n\n\n<p class=\"ls-paragraph\">\u00a1Reserva ya tu kit de beb\u00e9 por s\u00f3lo 40 euros a la semana! Nuestra selecci\u00f3n de art\u00edculos disponibles (cuna, ba\u00f1era y trona) es limitada. Por favor, ind\u00edquelo lo antes posible al hacer su reserva.<\/p>\n\n\n\n<h2 class=\"ls__heading wp-block-heading\">Alquiler de bicicletas<\/h2>\n\n\n\n<p class=\"ls-paragraph\">Nuestra ubicaci\u00f3n ideal entre el oc\u00e9ano y los bosques de las Landas le permitir\u00e1 explorar la regi\u00f3n a su ritmo. Las empresas de alquiler de bicicletas cercanas ofrecen opciones adecuadas, que le permitir\u00e1n planificar paseos memorables durante su estancia en las Landas.<\/p>\n<\/div>\n\n\n\n<div class=\"wp-block-column is-vertically-aligned-center is-layout-flow wp-block-column-is-layout-flow\">\n<figure class=\"wp-block-image size-full animated fadeIn delay-200ms slow\"><a href=\"https:\/\/www.camping-loupignada.com\/wp-content\/uploads\/2023\/10\/Lou-pignada-avec-acces-wifi.jpg\"><img decoding=\"async\" width=\"1000\" height=\"667\" src=\"https:\/\/www.camping-loupignada.com\/wp-content\/uploads\/2023\/10\/Lou-pignada-avec-acces-wifi.jpg\" alt=\"Lou pignada con acceso wifi\" class=\"wp-image-13007\" srcset=\"https:\/\/www.camping-loupignada.com\/wp-content\/uploads\/2023\/10\/Lou-pignada-avec-acces-wifi.jpg 1000w, https:\/\/www.camping-loupignada.com\/wp-content\/uploads\/2023\/10\/Lou-pignada-avec-acces-wifi-300x200.jpg 300w, https:\/\/www.camping-loupignada.com\/wp-content\/uploads\/2023\/10\/Lou-pignada-avec-acces-wifi-768x512.jpg 768w\" sizes=\"(max-width: 1000px) 100vw, 1000px\" \/><\/a><\/figure>\n<\/div>\n\n\n\n<div class=\"wp-block-column is-vertically-aligned-center is-layout-flow wp-block-column-is-layout-flow\">\n<figure class=\"wp-block-image size-full animated fadeIn delay-500ms slow\"><a href=\"https:\/\/www.camping-loupignada.com\/wp-content\/uploads\/2023\/10\/Lou-pignada6.jpg\"><img decoding=\"async\" width=\"1000\" height=\"667\" src=\"https:\/\/www.camping-loupignada.com\/wp-content\/uploads\/2023\/10\/Lou-pignada6.jpg\" alt=\"alquiler de bicicletas camping lou pignada ondres\" class=\"wp-image-12966\" srcset=\"https:\/\/www.camping-loupignada.com\/wp-content\/uploads\/2023\/10\/Lou-pignada6.jpg 1000w, https:\/\/www.camping-loupignada.com\/wp-content\/uploads\/2023\/10\/Lou-pignada6-300x200.jpg 300w, https:\/\/www.camping-loupignada.com\/wp-content\/uploads\/2023\/10\/Lou-pignada6-768x512.jpg 768w\" sizes=\"(max-width: 1000px) 100vw, 1000px\" \/><\/a><\/figure>\n<\/div>\n<\/div>\n\n\r\n    <\/div>\r\n<\/section><section id=\"ls-section-block_98eaa2eb5ca81eaba542ed2d3c4d844f\" class=\"ls-section  home-sixth page-three has-p-t p-t-0\" >\r\n        <div class=\"container container--full\">\r\n        \n\n<div class=\"wp-block-columns are-vertically-aligned-center is-layout-flex wp-container-core-columns-is-layout-9d6595d7 wp-block-columns-is-layout-flex\">\n<div class=\"wp-block-column is-vertically-aligned-center is-layout-flow wp-block-column-is-layout-flow\">\n<figure class=\"wp-block-image size-full animated fadeIn slow\"><a href=\"https:\/\/www.camping-loupignada.com\/wp-content\/uploads\/2023\/12\/espace-laverie.webp\"><img decoding=\"async\" width=\"1000\" height=\"667\" src=\"https:\/\/www.camping-loupignada.com\/wp-content\/uploads\/2023\/12\/espace-laverie.webp\" alt=\"&#xE1;rea de lavander&#xED;a\" class=\"wp-image-17923\" srcset=\"https:\/\/www.camping-loupignada.com\/wp-content\/uploads\/2023\/12\/espace-laverie.webp 1000w, https:\/\/www.camping-loupignada.com\/wp-content\/uploads\/2023\/12\/espace-laverie-300x200.webp 300w, https:\/\/www.camping-loupignada.com\/wp-content\/uploads\/2023\/12\/espace-laverie-768x512.webp 768w\" sizes=\"(max-width: 1000px) 100vw, 1000px\" \/><\/a><\/figure>\n<\/div>\n\n\n\n<div class=\"wp-block-column is-vertically-aligned-center is-layout-flow wp-block-column-is-layout-flow\">\n<figure class=\"wp-block-image size-full animated fadeIn delay-200ms slow\"><a href=\"https:\/\/www.camping-loupignada.com\/wp-content\/uploads\/2023\/10\/Lou-pignada8.jpg\"><img decoding=\"async\" width=\"1000\" height=\"667\" src=\"https:\/\/www.camping-loupignada.com\/wp-content\/uploads\/2023\/10\/Lou-pignada8.jpg\" alt=\"camping comprometido con el medio ambiente\" class=\"wp-image-12982\" srcset=\"https:\/\/www.camping-loupignada.com\/wp-content\/uploads\/2023\/10\/Lou-pignada8.jpg 1000w, https:\/\/www.camping-loupignada.com\/wp-content\/uploads\/2023\/10\/Lou-pignada8-300x200.jpg 300w, https:\/\/www.camping-loupignada.com\/wp-content\/uploads\/2023\/10\/Lou-pignada8-768x512.jpg 768w\" sizes=\"(max-width: 1000px) 100vw, 1000px\" \/><\/a><\/figure>\n<\/div>\n\n\n\n<div class=\"wp-block-column is-vertically-aligned-center column-text-parallax is-layout-flow wp-block-column-is-layout-flow\">\n<h2 class=\"ls__heading wp-block-heading\">La lavander\u00eda<\/h2>\n\n\n\n<p class=\"ls-paragraph\">En el camping hay una lavander\u00eda con lavadoras y secadoras. Prestamos planchas gratuitamente.<\/p>\n\n\n\n<h2 class=\"ls__heading wp-block-heading\">Comprometidos con el medio ambiente<\/h2>\n\n\n\n<p class=\"ls-paragraph\">El camping Lou Pignada es un apasionado de la conservaci\u00f3n del medio ambiente, por lo que ha obtenido la etiqueta Cl\u00e9 Verte. El centro se esfuerza por clasificar selectivamente los residuos, minimizar el consumo de energ\u00eda y agua e introducir especies vegetales locales para crear un entorno equilibrado.<\/p>\n\n\n\n<p class=\"ls-paragraph\">\u00bfEs usted un adicto a la adrenalina? Nuestro colaborador 1 V\u00e9lo, a un kil\u00f3metro de distancia, le ofrece bicicletas de monta\u00f1a, t\u00e1ndems, bicicletas para ni\u00f1os, remolques&#8230; todo tipo de ruedas que pueda imaginar. Y nos los llevan directamente al camping.<\/p>\n\n\n\n<p class=\"ls-paragraph\">Para que su estancia en Las Landas sea lo m\u00e1s agradable posible, todo nuestro equipo estar\u00e1 a su disposici\u00f3n para facilitarle toda la informaci\u00f3n que necesite.<\/p>\n<\/div>\n<\/div>\n\n\r\n    <\/div>\r\n<\/section><section id=\"ls-section-block_312426f50602b0587bc54cd7658673ef\" class=\"ls-section  page-four\" >\r\n        <div class=\"container container--wide\">\r\n        \n\n<div id=\"ls-heading ls-titre-div-block_a5c55e86c75c60067c5ee0bb81b04e35\" class=\"ls-titre-div aligncenter h2-like\" >\n    Descubra la animaci\u00f3n, la piscina y el paseo mar\u00edtimo<\/div>\n\n\n<div id=\"ls-maillage-block_0ed7300d95d634db0a7bebd9a2ee9f71\" class=\"ls-maillage cta-style-normal\" data-rows=\"3\">\r\n    <div class=\"wp-block-columns\"><div class=\"wp-block-column\"><div class=\"ls-cta\">\n\n<a href=\"https:\/\/www.camping-loupignada.com\/es\/camping-en-landes-con-piscina\/\" target=\"\" rel=\"noopener\" class=\"ls-cta__link\">\n\n\t<div class=\"ls-cta__image\"><img decoding=\"async\" src=\"https:\/\/www.camping-loupignada.com\/wp-content\/uploads\/2023\/12\/camping-avec-piscine-ondres.webp\" alt=\"camping con piscina ondres\"><\/div>\n\t<div class=\"ls-cta__title\">\n\t\tLa piscina\t\t<span class=\"lou-pignada-return\"><\/span>\n\t<\/div>\n\n\t\t\n<\/a><\/div><\/div><div class=\"wp-block-column\"><div class=\"ls-cta\">\n\n<a href=\"https:\/\/www.camping-loupignada.com\/es\/camping-en-las-landas-con-animaciones\/\" target=\"\" rel=\"noopener\" class=\"ls-cta__link\">\n\n\t<div class=\"ls-cta__image\"><img decoding=\"async\" src=\"https:\/\/www.camping-loupignada.com\/wp-content\/uploads\/2023\/11\/camping-animations-ondres_resultat.webp\" alt=\"camping animaciones ondres resultado\"><\/div>\n\t<div class=\"ls-cta__title\">\n\t\tEntretenimiento\t\t<span class=\"lou-pignada-return\"><\/span>\n\t<\/div>\n\n\t\t\n<\/a><\/div><\/div><div class=\"wp-block-column\"><div class=\"ls-cta\">\n\n<a href=\"https:\/\/www.camping-loupignada.com\/es\/camping-a-orillas-del-mar-landas\/\" target=\"\" rel=\"noopener\" class=\"ls-cta__link\">\n\n\t<div class=\"ls-cta__image\"><img decoding=\"async\" src=\"https:\/\/www.camping-loupignada.com\/wp-content\/uploads\/2023\/11\/decouvrir-la-plage-dondres-1.jpg\" alt=\"descubra la playa de ondres\"><\/div>\n\t<div class=\"ls-cta__title\">\n\t\tCamping a orillas del mar Landas\t\t<span class=\"lou-pignada-return\"><\/span>\n\t<\/div>\n\n\t\t\n<\/a><\/div><\/div><\/div><\/div>\n\r\n    <\/div>\r\n<\/section>","protected":false},"excerpt":{"rendered":"","protected":false},"author":1,"featured_media":17738,"parent":0,"menu_order":0,"comment_status":"closed","ping_status":"closed","template":"","meta":{"_acf_changed":false,"footnotes":""},"sujet":[],"class_list":["post-17203","page","type-page","status-publish","has-post-thumbnail","hentry"],"acf":[],"yoast_head":"<!-- This site is optimized with the Yoast SEO plugin v23.4 - https:\/\/yoast.com\/wordpress\/plugins\/seo\/ -->\n<title>Servicios del camping Lou Pignada en Ondres<\/title>\n<meta name=\"description\" content=\"Descubra los servicios del camping Lou Pignada: restaurante, bar, alquiler de bicicletas y otros servicios, etc.\" \/>\n<meta name=\"robots\" content=\"index, follow, max-snippet:-1, max-image-preview:large, max-video-preview:-1\" \/>\n<link rel=\"canonical\" href=\"https:\/\/www.camping-loupignada.com\/es\/nuestros-servicios\/\" \/>\n<meta property=\"og:locale\" content=\"es_ES\" \/>\n<meta property=\"og:type\" content=\"article\" \/>\n<meta property=\"og:title\" content=\"Servicios del camping Lou Pignada en Ondres\" \/>\n<meta property=\"og:description\" content=\"Descubra los servicios del camping Lou Pignada: restaurante, bar, alquiler de bicicletas y otros servicios, etc.\" \/>\n<meta property=\"og:url\" content=\"https:\/\/www.camping-loupignada.com\/es\/nuestros-servicios\/\" \/>\n<meta property=\"og:site_name\" content=\"Camping Lou Pignada\" \/>\n<meta property=\"article:modified_time\" content=\"2023-12-22T15:09:08+00:00\" \/>\n<meta property=\"og:image\" content=\"https:\/\/www.camping-loupignada.com\/wp-content\/uploads\/2023\/11\/services-camping-ondres.webp\" \/>\n\t<meta property=\"og:image:width\" content=\"2000\" \/>\n\t<meta property=\"og:image:height\" content=\"1333\" \/>\n\t<meta property=\"og:image:type\" content=\"image\/webp\" \/>\n<meta name=\"twitter:card\" content=\"summary_large_image\" \/>\n<meta name=\"twitter:label1\" content=\"Tiempo de lectura\" \/>\n\t<meta name=\"twitter:data1\" content=\"3 minutos\" \/>\n<script type=\"application\/ld+json\" class=\"yoast-schema-graph\">{\"@context\":\"https:\/\/schema.org\",\"@graph\":[{\"@type\":\"WebPage\",\"@id\":\"https:\/\/www.camping-loupignada.com\/es\/nuestros-servicios\/\",\"url\":\"https:\/\/www.camping-loupignada.com\/es\/nuestros-servicios\/\",\"name\":\"Servicios del camping Lou Pignada en Ondres\",\"isPartOf\":{\"@id\":\"https:\/\/www.camping-loupignada.com\/#website\"},\"primaryImageOfPage\":{\"@id\":\"https:\/\/www.camping-loupignada.com\/es\/nuestros-servicios\/#primaryimage\"},\"image\":{\"@id\":\"https:\/\/www.camping-loupignada.com\/es\/nuestros-servicios\/#primaryimage\"},\"thumbnailUrl\":\"https:\/\/www.camping-loupignada.com\/wp-content\/uploads\/2023\/11\/services-camping-ondres.webp\",\"datePublished\":\"2023-11-21T12:37:50+00:00\",\"dateModified\":\"2023-12-22T15:09:08+00:00\",\"description\":\"Descubra los servicios del camping Lou Pignada: restaurante, bar, alquiler de bicicletas y otros servicios, etc.\",\"breadcrumb\":{\"@id\":\"https:\/\/www.camping-loupignada.com\/es\/nuestros-servicios\/#breadcrumb\"},\"inLanguage\":\"es\",\"potentialAction\":[{\"@type\":\"ReadAction\",\"target\":[\"https:\/\/www.camping-loupignada.com\/es\/nuestros-servicios\/\"]}]},{\"@type\":\"ImageObject\",\"inLanguage\":\"es\",\"@id\":\"https:\/\/www.camping-loupignada.com\/es\/nuestros-servicios\/#primaryimage\",\"url\":\"https:\/\/www.camping-loupignada.com\/wp-content\/uploads\/2023\/11\/services-camping-ondres.webp\",\"contentUrl\":\"https:\/\/www.camping-loupignada.com\/wp-content\/uploads\/2023\/11\/services-camping-ondres.webp\",\"width\":2000,\"height\":1333,\"caption\":\"servicios camping ondres\"},{\"@type\":\"BreadcrumbList\",\"@id\":\"https:\/\/www.camping-loupignada.com\/es\/nuestros-servicios\/#breadcrumb\",\"itemListElement\":[{\"@type\":\"ListItem\",\"position\":1,\"name\":\"Camping Landas\",\"item\":\"https:\/\/www.camping-loupignada.com\/es\/\"},{\"@type\":\"ListItem\",\"position\":2,\"name\":\"Servicios\"}]},{\"@type\":\"WebSite\",\"@id\":\"https:\/\/www.camping-loupignada.com\/#website\",\"url\":\"https:\/\/www.camping-loupignada.com\/\",\"name\":\"Camping Lou Pignada\",\"description\":\"\",\"publisher\":{\"@id\":\"https:\/\/www.camping-loupignada.com\/#organization\"},\"potentialAction\":[{\"@type\":\"SearchAction\",\"target\":{\"@type\":\"EntryPoint\",\"urlTemplate\":\"https:\/\/www.camping-loupignada.com\/?s={search_term_string}\"},\"query-input\":{\"@type\":\"PropertyValueSpecification\",\"valueRequired\":true,\"valueName\":\"search_term_string\"}}],\"inLanguage\":\"es\"},{\"@type\":\"Organization\",\"@id\":\"https:\/\/www.camping-loupignada.com\/#organization\",\"name\":\"Camping Lou Pignada\",\"url\":\"https:\/\/www.camping-loupignada.com\/\",\"logo\":{\"@type\":\"ImageObject\",\"inLanguage\":\"es\",\"@id\":\"https:\/\/www.camping-loupignada.com\/#\/schema\/logo\/image\/\",\"url\":\"https:\/\/www.camping-loupignada.com\/wp-content\/uploads\/2023\/10\/cropped-logo.png\",\"contentUrl\":\"https:\/\/www.camping-loupignada.com\/wp-content\/uploads\/2023\/10\/cropped-logo.png\",\"width\":300,\"height\":300,\"caption\":\"Camping Lou Pignada\"},\"image\":{\"@id\":\"https:\/\/www.camping-loupignada.com\/#\/schema\/logo\/image\/\"}}]}<\/script>\n<!-- \/ Yoast SEO plugin. -->","yoast_head_json":{"title":"Servicios del camping Lou Pignada en Ondres","description":"Descubra los servicios del camping Lou Pignada: restaurante, bar, alquiler de bicicletas y otros servicios, etc.","robots":{"index":"index","follow":"follow","max-snippet":"max-snippet:-1","max-image-preview":"max-image-preview:large","max-video-preview":"max-video-preview:-1"},"canonical":"https:\/\/www.camping-loupignada.com\/es\/nuestros-servicios\/","og_locale":"es_ES","og_type":"article","og_title":"Servicios del camping Lou Pignada en Ondres","og_description":"Descubra los servicios del camping Lou Pignada: restaurante, bar, alquiler de bicicletas y otros servicios, etc.","og_url":"https:\/\/www.camping-loupignada.com\/es\/nuestros-servicios\/","og_site_name":"Camping Lou Pignada","article_modified_time":"2023-12-22T15:09:08+00:00","og_image":[{"width":2000,"height":1333,"url":"https:\/\/www.camping-loupignada.com\/wp-content\/uploads\/2023\/11\/services-camping-ondres.webp","type":"image\/webp"}],"twitter_card":"summary_large_image","twitter_misc":{"Tiempo de lectura":"3 minutos"},"schema":{"@context":"https:\/\/schema.org","@graph":[{"@type":"WebPage","@id":"https:\/\/www.camping-loupignada.com\/es\/nuestros-servicios\/","url":"https:\/\/www.camping-loupignada.com\/es\/nuestros-servicios\/","name":"Servicios del camping Lou Pignada en Ondres","isPartOf":{"@id":"https:\/\/www.camping-loupignada.com\/#website"},"primaryImageOfPage":{"@id":"https:\/\/www.camping-loupignada.com\/es\/nuestros-servicios\/#primaryimage"},"image":{"@id":"https:\/\/www.camping-loupignada.com\/es\/nuestros-servicios\/#primaryimage"},"thumbnailUrl":"https:\/\/www.camping-loupignada.com\/wp-content\/uploads\/2023\/11\/services-camping-ondres.webp","datePublished":"2023-11-21T12:37:50+00:00","dateModified":"2023-12-22T15:09:08+00:00","description":"Descubra los servicios del camping Lou Pignada: restaurante, bar, alquiler de bicicletas y otros servicios, etc.","breadcrumb":{"@id":"https:\/\/www.camping-loupignada.com\/es\/nuestros-servicios\/#breadcrumb"},"inLanguage":"es","potentialAction":[{"@type":"ReadAction","target":["https:\/\/www.camping-loupignada.com\/es\/nuestros-servicios\/"]}]},{"@type":"ImageObject","inLanguage":"es","@id":"https:\/\/www.camping-loupignada.com\/es\/nuestros-servicios\/#primaryimage","url":"https:\/\/www.camping-loupignada.com\/wp-content\/uploads\/2023\/11\/services-camping-ondres.webp","contentUrl":"https:\/\/www.camping-loupignada.com\/wp-content\/uploads\/2023\/11\/services-camping-ondres.webp","width":2000,"height":1333,"caption":"servicios camping ondres"},{"@type":"BreadcrumbList","@id":"https:\/\/www.camping-loupignada.com\/es\/nuestros-servicios\/#breadcrumb","itemListElement":[{"@type":"ListItem","position":1,"name":"Camping Landas","item":"https:\/\/www.camping-loupignada.com\/es\/"},{"@type":"ListItem","position":2,"name":"Servicios"}]},{"@type":"WebSite","@id":"https:\/\/www.camping-loupignada.com\/#website","url":"https:\/\/www.camping-loupignada.com\/","name":"Camping Lou Pignada","description":"","publisher":{"@id":"https:\/\/www.camping-loupignada.com\/#organization"},"potentialAction":[{"@type":"SearchAction","target":{"@type":"EntryPoint","urlTemplate":"https:\/\/www.camping-loupignada.com\/?s={search_term_string}"},"query-input":{"@type":"PropertyValueSpecification","valueRequired":true,"valueName":"search_term_string"}}],"inLanguage":"es"},{"@type":"Organization","@id":"https:\/\/www.camping-loupignada.com\/#organization","name":"Camping Lou Pignada","url":"https:\/\/www.camping-loupignada.com\/","logo":{"@type":"ImageObject","inLanguage":"es","@id":"https:\/\/www.camping-loupignada.com\/#\/schema\/logo\/image\/","url":"https:\/\/www.camping-loupignada.com\/wp-content\/uploads\/2023\/10\/cropped-logo.png","contentUrl":"https:\/\/www.camping-loupignada.com\/wp-content\/uploads\/2023\/10\/cropped-logo.png","width":300,"height":300,"caption":"Camping Lou Pignada"},"image":{"@id":"https:\/\/www.camping-loupignada.com\/#\/schema\/logo\/image\/"}}]}},"_links":{"self":[{"href":"https:\/\/www.camping-loupignada.com\/es\/wp-json\/wp\/v2\/pages\/17203","targetHints":{"allow":["GET"]}}],"collection":[{"href":"https:\/\/www.camping-loupignada.com\/es\/wp-json\/wp\/v2\/pages"}],"about":[{"href":"https:\/\/www.camping-loupignada.com\/es\/wp-json\/wp\/v2\/types\/page"}],"author":[{"embeddable":true,"href":"https:\/\/www.camping-loupignada.com\/es\/wp-json\/wp\/v2\/users\/1"}],"replies":[{"embeddable":true,"href":"https:\/\/www.camping-loupignada.com\/es\/wp-json\/wp\/v2\/comments?post=17203"}],"version-history":[{"count":10,"href":"https:\/\/www.camping-loupignada.com\/es\/wp-json\/wp\/v2\/pages\/17203\/revisions"}],"predecessor-version":[{"id":18293,"href":"https:\/\/www.camping-loupignada.com\/es\/wp-json\/wp\/v2\/pages\/17203\/revisions\/18293"}],"wp:featuredmedia":[{"embeddable":true,"href":"https:\/\/www.camping-loupignada.com\/es\/wp-json\/wp\/v2\/media\/17738"}],"wp:attachment":[{"href":"https:\/\/www.camping-loupignada.com\/es\/wp-json\/wp\/v2\/media?parent=17203"}],"wp:term":[{"taxonomy":"sujet","embeddable":true,"href":"https:\/\/www.camping-loupignada.com\/es\/wp-json\/wp\/v2\/sujet?post=17203"}],"curies":[{"name":"wp","href":"https:\/\/api.w.org\/{rel}","templated":true}]}}