{"id":17260,"date":"2023-11-21T13:44:16","date_gmt":"2023-11-21T12:44:16","guid":{"rendered":"https:\/\/www.camping-loupignada.com\/spanish-basque-country-holidays\/"},"modified":"2023-11-22T10:39:10","modified_gmt":"2023-11-22T09:39:10","slug":"spanish-basque-country-holidays","status":"publish","type":"page","link":"https:\/\/www.camping-loupignada.com\/es\/spanish-basque-country-holidays\/","title":{"rendered":"Pa\u00eds Vasco espa\u00f1ol"},"content":{"rendered":"<section id=\"ls-section-block_32104f20f9d2de0beaf91285d6bca010\" class=\"ls-section   page-one has-p-t p-t-5 has-p-b p-b-3\" >\r\n        <div class=\"container container--wide\">\r\n        \n\n<h1 class=\"ls__heading wp-block-heading has-text-align-center\">Turismo en el Pa\u00eds Vasco espa\u00f1ol  <\/h1>\n\n\n\n<p class=\"ls-paragraph has-text-align-center\">La situaci\u00f3n geogr\u00e1fica de Lou Pignada, un <a href=\"https:\/\/www.camping-loupignada.com\/es\/\">camping en las Landas<\/a>, le permitir\u00e1 descubrir el Pa\u00eds Vasco espa\u00f1ol. Durante sus vacaciones familiares en la costa atl\u00e1ntica en parcelas de camping o mobil homes en Loupignada, estar\u00e1 cerca de la costa vasca, de sus playas de arena fina y de las famosas olas del oc\u00e9ano Atl\u00e1ntico, \u00a1ideales para practicar surf!<\/p>\n\n\n\n<p class=\"ls-paragraph has-text-align-center\">Surf en <strong>las playas de Arrietara<\/strong> y Atxabiribil en Sopela, alquiler de embarcaciones en<strong> la playa de La Concha en San Sebasti\u00e1n<\/strong>  aventurarse en la bah\u00eda en forma de concha, subir a la cima del monte Jaizkibel para disfrutar de unas vistas panor\u00e1micas sobre el Cant\u00e1brico y la r\u00eda del Bidasoa desde las ruinas del castillo de San Enriqu\u00e9, calzarse las botas de monta\u00f1a y tomar el sendero GR38 para f<strong>ruta del vino de abuleuse<\/strong>  y pescar en Laguardia, alquilar una bicicleta para recorrer la costa o seguir la ruta de la Cl\u00e1sica donostiarra, probar la pelota vasca o los juegos de fuerza vascos (levantar piedras, cortar le\u00f1a, tirar de la cuerda), o relajarse en un campo de golf rodeado de exuberante vegetaci\u00f3n&#8230;<\/p>\n\n\n\n<p class=\"ls-paragraph has-text-align-center\">El <strong>Pa\u00eds<\/strong> Vasco espa\u00f1ol es una tierra de magn\u00edficos paisajes costeros y monta\u00f1osos y un vasto terreno de juego donde podr\u00e1 disfrutar de una amplia gama de actividades deportivas y de ocio con su familia o amigos. Los veraneantes que vienen a disfrutar de una estancia en un camping en el Pa\u00eds Vasco espa\u00f1ol <strong>junto<\/strong> al mar tienen donde elegir: desde mobil homes cerca de la<strong>zona acu\u00e1tica<\/strong> con piscina climatizada hasta parcelas verdes para autocaravanas a los pies de los Pirineos.<\/p>\n\n\r\n    <\/div>\r\n<\/section>\n\n<section id=\"ls-section-block_a25118dedb5917aa45c7b22bbee38d7a\" class=\"ls-section  home-sixth page-two has-p-t p-t-0\" >\r\n        <div class=\"container container--full\">\r\n        \n\n<div class=\"wp-block-columns are-vertically-aligned-center is-layout-flex wp-container-core-columns-is-layout-9d6595d7 wp-block-columns-is-layout-flex\">\n<div class=\"wp-block-column is-vertically-aligned-center column-text-parallax is-layout-flow wp-block-column-is-layout-flow\">\n<h2 class=\"ls__heading wp-block-heading\">Cultura en el Pa\u00eds Vasco<br><\/h2>\n\n\n\n<p class=\"ls-paragraph\">En sus pr\u00f3ximas vacaciones en el Pa\u00eds Vasco espa\u00f1ol, quedar\u00e1 encantado por la cultura de esta magn\u00edfica regi\u00f3n. No puede visitar el Pa\u00eds Vasco sin hacer una parada en un bar de tapas para degustar unos deliciosos pintxos. En la terraza o en el bar, suelen degustarse con una cerveza artesana o una copa de vino.  <\/p>\n\n\n\n<p class=\"ls-paragraph\">Ver\u00e1 diversas variedades elegantemente presentadas, a veces docenas de ellas. Los pintxos con jam\u00f3n serrano, berenjena y bacalao son imprescindibles, pero cada bar tiene sus propias especialidades. Dif\u00edcil de comprender a primera vista, el euskera es una de las mayores se\u00f1as de identidad de la regi\u00f3n y ha sido reconocido como lengua oficial junto con el espa\u00f1ol. Aproveche su estancia para aprender algunas palabras: los tenderos y los lugare\u00f1os se lo agradecer\u00e1n.<\/p>\n\n\n\n<p class=\"ls-paragraph addReadMore showlesscontent\">El Pa\u00eds Vasco espa\u00f1ol acoge cada a\u00f1o grandes acontecimientos culturales, como el Festival Internacional de Cine de San Sebasti\u00e1n. Para una inmersi\u00f3n total en la cultura vasca, ad\u00e9ntrese en el coraz\u00f3n de San Sebasti\u00e1n durante la Semana Grande y asista a las fiestas de la Virgen Blanca de Vitoria en agosto.  El <a href=\"https:\/\/www.camping-loupignada.com\/es\/vacaciones-en-el-pais-vasco\/\">Pa\u00eds Vasco<\/a> tambi\u00e9n es famoso por sus danzas tradicionales, como la kaxarranka, la ezpatadantza y la arku datza, que pueden verse en procesiones y festividades diversas.<\/p>\n<\/div>\n\n\n\n<div class=\"wp-block-column is-vertically-aligned-center is-layout-flow wp-block-column-is-layout-flow\">\n<iframe width=\"100%\" height=\"500\" src=\"https:\/\/www.youtube.com\/embed\/dtJBJwCVXrc?si=655l11kP9kbHUvgD\" title=\"Reproductor de v\u00eddeo YouTube\" frameborder=\"0\" allow=\"accelerometer; autoplay; clipboard-write; encrypted-media; gyroscope; picture-in-picture; web-share\" allowfullscreen=\"\"><\/iframe>\n<\/div>\n<\/div>\n\n\r\n    <\/div>\r\n<\/section>\n\n<section id=\"ls-section-block_dd61ef0aa117f8754430eee397fc8d0b\" class=\"ls-section  home-sixth page-three has-p-t p-t-0\" >\r\n        <div class=\"container container--full\">\r\n        \n\n<div class=\"wp-block-columns are-vertically-aligned-center is-layout-flex wp-container-core-columns-is-layout-9d6595d7 wp-block-columns-is-layout-flex\">\n<div class=\"wp-block-column is-vertically-aligned-center is-layout-flow wp-block-column-is-layout-flow\">\n<iframe width=\"100%\" height=\"500\" src=\"https:\/\/www.youtube.com\/embed\/ygmPCoAj6zM?si=ulJcC4UIyGTjg1QY\" title=\"Reproductor de v\u00eddeo YouTube\" frameborder=\"0\" allow=\"accelerometer; autoplay; clipboard-write; encrypted-media; gyroscope; picture-in-picture; web-share\" allowfullscreen=\"\"><\/iframe>\n<\/div>\n\n\n\n<div class=\"wp-block-column is-vertically-aligned-center column-text-parallax is-layout-flow wp-block-column-is-layout-flow\">\n<h2 class=\"ls__heading wp-block-heading\">Lugares de inter\u00e9s del Pa\u00eds Vasco en territorio espa\u00f1ol<\/h2>\n\n\n\n<p class=\"ls-paragraph\">El Museo Guggenheim de Bilbao, con su impactante dise\u00f1o moderno, es la joya de la corona del patrimonio cultural del Pa\u00eds Vasco espa\u00f1ol.  <\/p>\n\n\n\n<p class=\"ls-paragraph\">La capital de Vizcaya, en el Pa\u00eds Vasco, alberga tambi\u00e9n una hermosa catedral (la de Santiago), varias iglesias (San Antonio, San Pedro, San Nicol\u00e1s, San Francisco de As\u00eds) y varios edificios de gran belleza, como el Palacio Ch\u00e1varri.<\/p>\n\n\n\n<p class=\"ls-paragraph\">En San Sebasti\u00e1n, le maravillar\u00e1n la Catedral del Buen Pastor y el Castillo de la Mota, construido en el monte Urgull, entre la ciudad y el mar Cant\u00e1brico.<\/p>\n<\/div>\n<\/div>\n\n\r\n    <\/div>\r\n<\/section>\n\n<section id=\"ls-section-block_a25118dedb5917aa45c7b22bbee38d7a\" class=\"ls-section  home-sixth page-two has-p-t p-t-0\" >\r\n        <div class=\"container container--full\">\r\n        \n\n<div class=\"wp-block-columns are-vertically-aligned-center is-layout-flex wp-container-core-columns-is-layout-9d6595d7 wp-block-columns-is-layout-flex\">\n<div class=\"wp-block-column is-vertically-aligned-center column-text-parallax is-layout-flow wp-block-column-is-layout-flow\">\n<p class=\"ls-paragraph\">El Pa\u00eds Vasco espa\u00f1ol est\u00e1 salpicado de magn\u00edficas localidades que combinan tradici\u00f3n y modernidad, y de extraordinarios monumentos: el pueblo pesquero de Fontarrabie, con sus coloridas casas y su centro medieval, Laguardia, con sus calles empedradas y sus bodegas, la ermita de San Juan de Gaztelugatxe, con vistas al mar, que bien merece las desviaciones, el santuario de Loyola&#8230;  <\/p>\n\n\n\n<p class=\"ls-paragraph\">Por \u00faltimo, los amantes de la cultura disfrutar\u00e1n recorriendo los pasillos de los museos de Vitoria-Gasteiz: el Museo Artium, el Museo de la Armer\u00eda de \u00c1lava, el Museo de Ciencias Naturales de \u00c1lava&#8230;<\/p>\n\n\n\n<p class=\"ls-paragraph\">El programa incluye un almuerzo de tapas (\u00abpintxos\u00bb en euskera) en  Hondarribia  para adentrarse en la \u00e9poca espa\u00f1ola, a s\u00f3lo 15 minutos en barco desde Hendaya, visita cultural a  Bilbao  incluyendo el famoso Museo Guggenheim y una visita a  la magn\u00edfica ciudad vieja y cosmopolita de San Sebasti\u00e1n  \u00a1!<\/p>\n\n\n\n<p class=\"ls-paragraph\">Como decimos en euskera: <strong>Ongi Etorri<\/strong> (\u00a1Bienvenido!)<\/p>\n<\/div>\n\n\n\n<div class=\"wp-block-column is-vertically-aligned-center is-layout-flow wp-block-column-is-layout-flow\">\n<iframe width=\"100%\" height=\"500\" src=\"https:\/\/www.youtube.com\/embed\/N3iys9P4q-w?si=ncOPHuCqofv6SFJh\" title=\"Reproductor de v\u00eddeo YouTube\" frameborder=\"0\" allow=\"accelerometer; autoplay; clipboard-write; encrypted-media; gyroscope; picture-in-picture; web-share\" allowfullscreen=\"\"><\/iframe>\n<\/div>\n<\/div>\n\n\r\n    <\/div>\r\n<\/section>","protected":false},"excerpt":{"rendered":"","protected":false},"author":1,"featured_media":14043,"parent":0,"menu_order":0,"comment_status":"closed","ping_status":"closed","template":"","meta":{"_acf_changed":false,"footnotes":""},"sujet":[],"class_list":["post-17260","page","type-page","status-publish","has-post-thumbnail","hentry"],"acf":[],"yoast_head":"<!-- This site is optimized with the Yoast SEO plugin v23.4 - https:\/\/yoast.com\/wordpress\/plugins\/seo\/ -->\n<title>Vacaciones en el Pa\u00eds Vasco espa\u00f1ol | \u00bfQu\u00e9 ver en el Pa\u00eds Vasco espa\u00f1ol?<\/title>\n<meta name=\"description\" content=\"La regi\u00f3n del Pa\u00eds Vasco espa\u00f1ol rebosa de todo tipo de riquezas: desde nuestro camping Lou Piagnada, estar\u00e1 a dos pasos del Pa\u00eds Vasco espa\u00f1ol.\" \/>\n<meta name=\"robots\" content=\"index, follow, max-snippet:-1, max-image-preview:large, max-video-preview:-1\" \/>\n<link rel=\"canonical\" href=\"https:\/\/www.camping-loupignada.com\/es\/spanish-basque-country-holidays\/\" \/>\n<meta property=\"og:locale\" content=\"es_ES\" \/>\n<meta property=\"og:type\" content=\"article\" \/>\n<meta property=\"og:title\" content=\"Vacaciones en el Pa\u00eds Vasco espa\u00f1ol | \u00bfQu\u00e9 ver en el Pa\u00eds Vasco espa\u00f1ol?\" \/>\n<meta property=\"og:description\" content=\"La regi\u00f3n del Pa\u00eds Vasco espa\u00f1ol rebosa de todo tipo de riquezas: desde nuestro camping Lou Piagnada, estar\u00e1 a dos pasos del Pa\u00eds Vasco espa\u00f1ol.\" \/>\n<meta property=\"og:url\" content=\"https:\/\/www.camping-loupignada.com\/es\/spanish-basque-country-holidays\/\" \/>\n<meta property=\"og:site_name\" content=\"Camping Lou Pignada\" \/>\n<meta property=\"article:modified_time\" content=\"2023-11-22T09:39:10+00:00\" \/>\n<meta property=\"og:image\" content=\"https:\/\/www.camping-loupignada.com\/wp-content\/uploads\/2023\/11\/visiter-le-pays-basque-espagnol.jpg\" \/>\n\t<meta property=\"og:image:width\" content=\"2000\" \/>\n\t<meta property=\"og:image:height\" content=\"500\" \/>\n\t<meta property=\"og:image:type\" content=\"image\/jpeg\" \/>\n<meta name=\"twitter:card\" content=\"summary_large_image\" \/>\n<meta name=\"twitter:label1\" content=\"Tiempo de lectura\" \/>\n\t<meta name=\"twitter:data1\" content=\"4 minutos\" \/>\n<script type=\"application\/ld+json\" class=\"yoast-schema-graph\">{\"@context\":\"https:\/\/schema.org\",\"@graph\":[{\"@type\":\"WebPage\",\"@id\":\"https:\/\/www.camping-loupignada.com\/es\/spanish-basque-country-holidays\/\",\"url\":\"https:\/\/www.camping-loupignada.com\/es\/spanish-basque-country-holidays\/\",\"name\":\"Vacaciones en el Pa\u00eds Vasco espa\u00f1ol | \u00bfQu\u00e9 ver en el Pa\u00eds Vasco espa\u00f1ol?\",\"isPartOf\":{\"@id\":\"https:\/\/www.camping-loupignada.com\/#website\"},\"primaryImageOfPage\":{\"@id\":\"https:\/\/www.camping-loupignada.com\/es\/spanish-basque-country-holidays\/#primaryimage\"},\"image\":{\"@id\":\"https:\/\/www.camping-loupignada.com\/es\/spanish-basque-country-holidays\/#primaryimage\"},\"thumbnailUrl\":\"https:\/\/www.camping-loupignada.com\/wp-content\/uploads\/2023\/11\/visiter-le-pays-basque-espagnol.jpg\",\"datePublished\":\"2023-11-21T12:44:16+00:00\",\"dateModified\":\"2023-11-22T09:39:10+00:00\",\"description\":\"La regi\u00f3n del Pa\u00eds Vasco espa\u00f1ol rebosa de todo tipo de riquezas: desde nuestro camping Lou Piagnada, estar\u00e1 a dos pasos del Pa\u00eds Vasco espa\u00f1ol.\",\"breadcrumb\":{\"@id\":\"https:\/\/www.camping-loupignada.com\/es\/spanish-basque-country-holidays\/#breadcrumb\"},\"inLanguage\":\"es\",\"potentialAction\":[{\"@type\":\"ReadAction\",\"target\":[\"https:\/\/www.camping-loupignada.com\/es\/spanish-basque-country-holidays\/\"]}]},{\"@type\":\"ImageObject\",\"inLanguage\":\"es\",\"@id\":\"https:\/\/www.camping-loupignada.com\/es\/spanish-basque-country-holidays\/#primaryimage\",\"url\":\"https:\/\/www.camping-loupignada.com\/wp-content\/uploads\/2023\/11\/visiter-le-pays-basque-espagnol.jpg\",\"contentUrl\":\"https:\/\/www.camping-loupignada.com\/wp-content\/uploads\/2023\/11\/visiter-le-pays-basque-espagnol.jpg\",\"width\":2000,\"height\":500,\"caption\":\"visita el pa\u00eds vasco\"},{\"@type\":\"BreadcrumbList\",\"@id\":\"https:\/\/www.camping-loupignada.com\/es\/spanish-basque-country-holidays\/#breadcrumb\",\"itemListElement\":[{\"@type\":\"ListItem\",\"position\":1,\"name\":\"Camping Landas\",\"item\":\"https:\/\/www.camping-loupignada.com\/es\/\"},{\"@type\":\"ListItem\",\"position\":2,\"name\":\"Vacaciones Pa\u00eds Vasco\"}]},{\"@type\":\"WebSite\",\"@id\":\"https:\/\/www.camping-loupignada.com\/#website\",\"url\":\"https:\/\/www.camping-loupignada.com\/\",\"name\":\"Camping Lou Pignada\",\"description\":\"\",\"publisher\":{\"@id\":\"https:\/\/www.camping-loupignada.com\/#organization\"},\"potentialAction\":[{\"@type\":\"SearchAction\",\"target\":{\"@type\":\"EntryPoint\",\"urlTemplate\":\"https:\/\/www.camping-loupignada.com\/?s={search_term_string}\"},\"query-input\":{\"@type\":\"PropertyValueSpecification\",\"valueRequired\":true,\"valueName\":\"search_term_string\"}}],\"inLanguage\":\"es\"},{\"@type\":\"Organization\",\"@id\":\"https:\/\/www.camping-loupignada.com\/#organization\",\"name\":\"Camping Lou Pignada\",\"url\":\"https:\/\/www.camping-loupignada.com\/\",\"logo\":{\"@type\":\"ImageObject\",\"inLanguage\":\"es\",\"@id\":\"https:\/\/www.camping-loupignada.com\/#\/schema\/logo\/image\/\",\"url\":\"https:\/\/www.camping-loupignada.com\/wp-content\/uploads\/2023\/10\/cropped-logo.png\",\"contentUrl\":\"https:\/\/www.camping-loupignada.com\/wp-content\/uploads\/2023\/10\/cropped-logo.png\",\"width\":300,\"height\":300,\"caption\":\"Camping Lou Pignada\"},\"image\":{\"@id\":\"https:\/\/www.camping-loupignada.com\/#\/schema\/logo\/image\/\"}}]}<\/script>\n<!-- \/ Yoast SEO plugin. -->","yoast_head_json":{"title":"Vacaciones en el Pa\u00eds Vasco espa\u00f1ol | \u00bfQu\u00e9 ver en el Pa\u00eds Vasco espa\u00f1ol?","description":"La regi\u00f3n del Pa\u00eds Vasco espa\u00f1ol rebosa de todo tipo de riquezas: desde nuestro camping Lou Piagnada, estar\u00e1 a dos pasos del Pa\u00eds Vasco espa\u00f1ol.","robots":{"index":"index","follow":"follow","max-snippet":"max-snippet:-1","max-image-preview":"max-image-preview:large","max-video-preview":"max-video-preview:-1"},"canonical":"https:\/\/www.camping-loupignada.com\/es\/spanish-basque-country-holidays\/","og_locale":"es_ES","og_type":"article","og_title":"Vacaciones en el Pa\u00eds Vasco espa\u00f1ol | \u00bfQu\u00e9 ver en el Pa\u00eds Vasco espa\u00f1ol?","og_description":"La regi\u00f3n del Pa\u00eds Vasco espa\u00f1ol rebosa de todo tipo de riquezas: desde nuestro camping Lou Piagnada, estar\u00e1 a dos pasos del Pa\u00eds Vasco espa\u00f1ol.","og_url":"https:\/\/www.camping-loupignada.com\/es\/spanish-basque-country-holidays\/","og_site_name":"Camping Lou Pignada","article_modified_time":"2023-11-22T09:39:10+00:00","og_image":[{"width":2000,"height":500,"url":"https:\/\/www.camping-loupignada.com\/wp-content\/uploads\/2023\/11\/visiter-le-pays-basque-espagnol.jpg","type":"image\/jpeg"}],"twitter_card":"summary_large_image","twitter_misc":{"Tiempo de lectura":"4 minutos"},"schema":{"@context":"https:\/\/schema.org","@graph":[{"@type":"WebPage","@id":"https:\/\/www.camping-loupignada.com\/es\/spanish-basque-country-holidays\/","url":"https:\/\/www.camping-loupignada.com\/es\/spanish-basque-country-holidays\/","name":"Vacaciones en el Pa\u00eds Vasco espa\u00f1ol | \u00bfQu\u00e9 ver en el Pa\u00eds Vasco espa\u00f1ol?","isPartOf":{"@id":"https:\/\/www.camping-loupignada.com\/#website"},"primaryImageOfPage":{"@id":"https:\/\/www.camping-loupignada.com\/es\/spanish-basque-country-holidays\/#primaryimage"},"image":{"@id":"https:\/\/www.camping-loupignada.com\/es\/spanish-basque-country-holidays\/#primaryimage"},"thumbnailUrl":"https:\/\/www.camping-loupignada.com\/wp-content\/uploads\/2023\/11\/visiter-le-pays-basque-espagnol.jpg","datePublished":"2023-11-21T12:44:16+00:00","dateModified":"2023-11-22T09:39:10+00:00","description":"La regi\u00f3n del Pa\u00eds Vasco espa\u00f1ol rebosa de todo tipo de riquezas: desde nuestro camping Lou Piagnada, estar\u00e1 a dos pasos del Pa\u00eds Vasco espa\u00f1ol.","breadcrumb":{"@id":"https:\/\/www.camping-loupignada.com\/es\/spanish-basque-country-holidays\/#breadcrumb"},"inLanguage":"es","potentialAction":[{"@type":"ReadAction","target":["https:\/\/www.camping-loupignada.com\/es\/spanish-basque-country-holidays\/"]}]},{"@type":"ImageObject","inLanguage":"es","@id":"https:\/\/www.camping-loupignada.com\/es\/spanish-basque-country-holidays\/#primaryimage","url":"https:\/\/www.camping-loupignada.com\/wp-content\/uploads\/2023\/11\/visiter-le-pays-basque-espagnol.jpg","contentUrl":"https:\/\/www.camping-loupignada.com\/wp-content\/uploads\/2023\/11\/visiter-le-pays-basque-espagnol.jpg","width":2000,"height":500,"caption":"visita el pa\u00eds vasco"},{"@type":"BreadcrumbList","@id":"https:\/\/www.camping-loupignada.com\/es\/spanish-basque-country-holidays\/#breadcrumb","itemListElement":[{"@type":"ListItem","position":1,"name":"Camping Landas","item":"https:\/\/www.camping-loupignada.com\/es\/"},{"@type":"ListItem","position":2,"name":"Vacaciones Pa\u00eds Vasco"}]},{"@type":"WebSite","@id":"https:\/\/www.camping-loupignada.com\/#website","url":"https:\/\/www.camping-loupignada.com\/","name":"Camping Lou Pignada","description":"","publisher":{"@id":"https:\/\/www.camping-loupignada.com\/#organization"},"potentialAction":[{"@type":"SearchAction","target":{"@type":"EntryPoint","urlTemplate":"https:\/\/www.camping-loupignada.com\/?s={search_term_string}"},"query-input":{"@type":"PropertyValueSpecification","valueRequired":true,"valueName":"search_term_string"}}],"inLanguage":"es"},{"@type":"Organization","@id":"https:\/\/www.camping-loupignada.com\/#organization","name":"Camping Lou Pignada","url":"https:\/\/www.camping-loupignada.com\/","logo":{"@type":"ImageObject","inLanguage":"es","@id":"https:\/\/www.camping-loupignada.com\/#\/schema\/logo\/image\/","url":"https:\/\/www.camping-loupignada.com\/wp-content\/uploads\/2023\/10\/cropped-logo.png","contentUrl":"https:\/\/www.camping-loupignada.com\/wp-content\/uploads\/2023\/10\/cropped-logo.png","width":300,"height":300,"caption":"Camping Lou Pignada"},"image":{"@id":"https:\/\/www.camping-loupignada.com\/#\/schema\/logo\/image\/"}}]}},"_links":{"self":[{"href":"https:\/\/www.camping-loupignada.com\/es\/wp-json\/wp\/v2\/pages\/17260","targetHints":{"allow":["GET"]}}],"collection":[{"href":"https:\/\/www.camping-loupignada.com\/es\/wp-json\/wp\/v2\/pages"}],"about":[{"href":"https:\/\/www.camping-loupignada.com\/es\/wp-json\/wp\/v2\/types\/page"}],"author":[{"embeddable":true,"href":"https:\/\/www.camping-loupignada.com\/es\/wp-json\/wp\/v2\/users\/1"}],"replies":[{"embeddable":true,"href":"https:\/\/www.camping-loupignada.com\/es\/wp-json\/wp\/v2\/comments?post=17260"}],"version-history":[{"count":2,"href":"https:\/\/www.camping-loupignada.com\/es\/wp-json\/wp\/v2\/pages\/17260\/revisions"}],"predecessor-version":[{"id":17560,"href":"https:\/\/www.camping-loupignada.com\/es\/wp-json\/wp\/v2\/pages\/17260\/revisions\/17560"}],"wp:featuredmedia":[{"embeddable":true,"href":"https:\/\/www.camping-loupignada.com\/es\/wp-json\/wp\/v2\/media\/14043"}],"wp:attachment":[{"href":"https:\/\/www.camping-loupignada.com\/es\/wp-json\/wp\/v2\/media?parent=17260"}],"wp:term":[{"taxonomy":"sujet","embeddable":true,"href":"https:\/\/www.camping-loupignada.com\/es\/wp-json\/wp\/v2\/sujet?post=17260"}],"curies":[{"name":"wp","href":"https:\/\/api.w.org\/{rel}","templated":true}]}}