{"id":17304,"date":"2023-11-21T13:48:34","date_gmt":"2023-11-21T12:48:34","guid":{"rendered":"https:\/\/www.camping-loupignada.com\/vacaciones-en-el-pais-vasco\/"},"modified":"2023-12-22T16:04:54","modified_gmt":"2023-12-22T15:04:54","slug":"vacaciones-en-el-pais-vasco","status":"publish","type":"page","link":"https:\/\/www.camping-loupignada.com\/es\/vacaciones-en-el-pais-vasco\/","title":{"rendered":"Visitar el Pa\u00eds Vasco"},"content":{"rendered":"<section id=\"ls-section-block_3b0c875f4f33cdca084ef0469679ef5d\" class=\"ls-section   page-one has-p-t p-t-5 has-p-b p-b-3\" >\r\n        <div class=\"container container--wide\">\r\n        \n\n<h1 class=\"ls__heading wp-block-heading has-text-align-center\">Vacaciones Pa\u00eds Vasco<\/h1>\n\n\n\n<p class=\"ls-paragraph has-text-align-center\">El <a href=\"https:\/\/www.camping-loupignada.com\/es\/\">camping de 4 estrellas Ondres Plage<\/a> est\u00e1 situado a 10 km de Bayona, en los Pirineos Atl\u00e1nticos. Abandona la tierra de los gascones para descubrir un mundo en el que sus habitantes est\u00e1n orgullosos de su cultura y sus tradiciones.<\/p>\n\n\n\n<p class=\"ls-paragraph has-text-align-center\">D\u00e9jese guiar por el Pa\u00eds Vasco para completar su estancia. \u00a1Un cambio de aires garantizado!<\/p>\n\n\n\n<p class=\"ls-paragraph has-text-align-center\">Para unas vacaciones en el Pa\u00eds Vasco, visite Saint Jean Pied de Port y su cultura vasca, siga el sendero costero a lo largo de la costa vasca desde el Pa\u00eds Vasco franc\u00e9s hasta el <a href=\"https:\/\/www.camping-loupignada.com\/es\/spanish-basque-country-holidays\/\">Pa\u00eds Vasco espa\u00f1ol<\/a>. Disfrute de las olas del oc\u00e9ano Atl\u00e1ntico y explore las ciudades m\u00e1s bellas de la costa atl\u00e1ntica, como Biarritz o San Juan de Luz. <\/p>\n\n\r\n    <\/div>\r\n<\/section>\n\n<section id=\"ls-section-block_eac23c83ba3b5f7b0d37cd7a4bb65949\" class=\"ls-section  home-sixth page-two has-p-t p-t-0\" >\r\n        <div class=\"container container--full\">\r\n        \n\n<div class=\"wp-block-columns are-vertically-aligned-center is-layout-flex wp-container-core-columns-is-layout-9d6595d7 wp-block-columns-is-layout-flex\">\n<div class=\"wp-block-column is-vertically-aligned-center column-text-parallax is-layout-flow wp-block-column-is-layout-flow\">\n<p class=\"ls-paragraph\">Tanto si es un entusiasta de la monta\u00f1a como un aficionado a las playas hermosas y v\u00edrgenes, el Pa\u00eds Vasco le encantar\u00e1 con sus m\u00faltiples facetas.  <\/p>\n\n\n\n<p class=\"ls-paragraph\">Las ciudades costeras le deleitar\u00e1n con la belleza de sus paisajes escarpados, sus playas de arena y su variedad de deportes acu\u00e1ticos (surf, kayak, stand-up paddle, submarinismo, vela, etc.), mientras que los pueblos del interior le seducir\u00e1n con sus colores (rojo guindilla), sus costumbres (fiestas locales con canciones y danzas vascas, el deporte tradicional de la pelota vasca), su car\u00e1cter, sus monta\u00f1as (el Col d&#8217;Ibardin, la Rhune) y su inigualable gastronom\u00eda (queso de oveja, pimiento de Espelette, axoa de ternera, pastel vasco y, por supuesto, el famoso jam\u00f3n de Bayona).  <\/p>\n\n\n\n<p class=\"ls-paragraph addReadMore showlesscontent\">El Pa\u00eds Vasco es tambi\u00e9n una historia de personas, que se muestra en los numerosos yacimientos y museos de la regi\u00f3n. Y si lo que busca es disfrutar del aire libre, hay toda una serie de paseos entre los que elegir: excursi\u00f3n a la Rhune el Ba\u00efgura, las Gargantas de Kakuetta. Tambi\u00e9n tendr\u00e1 la oportunidad de ver un pottok (un peque\u00f1o caballo local que vive en las monta\u00f1as), as\u00ed como otros muchos animales: isardos, urogallos, marmotas, buitres leonados y&#8230; osos.<br>M\u00e1s informaci\u00f3n: <a href=\"https:\/\/www.biarritz-pays-basque.com\/es\/\" target=\"_blank\" rel=\"noreferrer noopener\">https:\/\/www.biarritz-pays-basque.com\/es\/<\/a> <\/p>\n<\/div>\n\n\n\n<div class=\"wp-block-column is-vertically-aligned-center is-layout-flow wp-block-column-is-layout-flow\">\n<iframe width=\"100%\" height=\"500\" src=\"https:\/\/www.youtube.com\/embed\/IgFPYJjUE_I?si=ldG8hGG-kFeFxkh2\" title=\"Reproductor de v\u00eddeo YouTube\" frameborder=\"0\" allow=\"accelerometer; autoplay; clipboard-write; encrypted-media; gyroscope; picture-in-picture; web-share\" allowfullscreen=\"\"><\/iframe>\n<\/div>\n<\/div>\n\n\r\n    <\/div>\r\n<\/section>\n\n<section id=\"ls-section-block_9e5ea443ddde54b3ec04a7647598a27a\" class=\"ls-section  home-sixth page-three has-p-t p-t-0\" >\r\n        <div class=\"container container--full\">\r\n        \n\n<div class=\"wp-block-columns are-vertically-aligned-center is-layout-flex wp-container-core-columns-is-layout-9d6595d7 wp-block-columns-is-layout-flex\">\n<div class=\"wp-block-column is-vertically-aligned-center is-layout-flow wp-block-column-is-layout-flow\">\n<figure class=\"wp-block-image size-full animated fadeIn delay-200ms slow\"><a href=\"https:\/\/www.camping-loupignada.com\/wp-content\/uploads\/2023\/11\/bayonne.webp\"><img decoding=\"async\" width=\"2000\" height=\"1333\" src=\"https:\/\/www.camping-loupignada.com\/wp-content\/uploads\/2023\/11\/bayonne.webp\" alt=\"tourisme bayonne\" class=\"wp-image-14946\" srcset=\"https:\/\/www.camping-loupignada.com\/wp-content\/uploads\/2023\/11\/bayonne.webp 2000w, https:\/\/www.camping-loupignada.com\/wp-content\/uploads\/2023\/11\/bayonne-300x200.webp 300w, https:\/\/www.camping-loupignada.com\/wp-content\/uploads\/2023\/11\/bayonne-1024x682.webp 1024w, https:\/\/www.camping-loupignada.com\/wp-content\/uploads\/2023\/11\/bayonne-768x512.webp 768w, https:\/\/www.camping-loupignada.com\/wp-content\/uploads\/2023\/11\/bayonne-1536x1024.webp 1536w\" sizes=\"(max-width: 2000px) 100vw, 2000px\" \/><\/a><\/figure>\n<\/div>\n\n\n\n<div class=\"wp-block-column is-vertically-aligned-center is-layout-flow wp-block-column-is-layout-flow\"><div class=\"wp-block-image animated fadeInUp slow\">\n<figure class=\"aligncenter size-full is-resized\"><a href=\"https:\/\/www.camping-loupignada.com\/wp-content\/uploads\/2023\/11\/espelette-lou-pignada.jpg\"><img decoding=\"async\" width=\"800\" height=\"600\" src=\"https:\/\/www.camping-loupignada.com\/wp-content\/uploads\/2023\/11\/espelette-lou-pignada.jpg\" alt=\"espelette lou pignada\" class=\"wp-image-14168\" style=\"width:335px;height:670px\" srcset=\"https:\/\/www.camping-loupignada.com\/wp-content\/uploads\/2023\/11\/espelette-lou-pignada.jpg 800w, https:\/\/www.camping-loupignada.com\/wp-content\/uploads\/2023\/11\/espelette-lou-pignada-300x225.jpg 300w, https:\/\/www.camping-loupignada.com\/wp-content\/uploads\/2023\/11\/espelette-lou-pignada-768x576.jpg 768w\" sizes=\"(max-width: 800px) 100vw, 800px\" \/><\/a><\/figure>\n<\/div><\/div>\n\n\n\n<div class=\"wp-block-column is-vertically-aligned-center column-text-parallax is-layout-flow wp-block-column-is-layout-flow\">\n<h2 class=\"ls__heading wp-block-heading\">Bayona<\/h2>\n\n\n\n<p class=\"ls-paragraph\">Ciudad de arte e historia, con su catedral g\u00f3tica, sus murallas, su claustro, su Museo Vasco y su Ch\u00e2teau-Vieux. Descubra los diferentes barrios de la ciudad, su centro peatonal, el mercado de las Halles, el taller del Jam\u00f3n de Bayona y el taller del chocolate. Ciudad deportiva (remo, rugby, pelota, golf) y festiva con sus Fiestas en julio, Bayona es tambi\u00e9n una ciudad tranquila gracias a los dos r\u00edos que la atraviesan. Ver la p\u00e1gina del camping de Bayona.<\/p>\n\n\n\n<h2 class=\"ls__heading wp-block-heading\">Espelette<\/h2>\n\n\n\n<p class=\"ls-paragraph\">Espelette es un t\u00edpico pueblo vasco, con sus callejuelas estrechas, sus casas blancas con marcos y carpinter\u00edas rojas o verdes y, sobre todo, su famosa guindilla DOP, que lo convierten en una visita obligada cuando se visita el Pa\u00eds Vasco.<\/p>\n<\/div>\n<\/div>\n\n\r\n    <\/div>\r\n<\/section>\n\n<section id=\"ls-section-block_eac23c83ba3b5f7b0d37cd7a4bb65949\" class=\"ls-section  home-sixth page-two has-p-t p-t-0\" >\r\n        <div class=\"container container--full\">\r\n        \n\n<div class=\"wp-block-columns are-vertically-aligned-center is-layout-flex wp-container-core-columns-is-layout-9d6595d7 wp-block-columns-is-layout-flex\">\n<div class=\"wp-block-column is-vertically-aligned-center column-text-parallax is-layout-flow wp-block-column-is-layout-flow\">\n<h2 class=\"ls__heading wp-block-heading\">St Jean Pied de Port<\/h2>\n\n\n\n<p class=\"ls-paragraph\">Imprescindible durante su estancia, St Jean Pied de Port es una ciudad medieval que combina tradici\u00f3n<a href=\"https:\/\/www.guide-espadrille.com\/\" target=\"_blank\" rel=\"noreferrer noopener nofollow\">(f\u00e1bricas de alpargatas<\/a>) y arte de vivir. No se pierda: el coraz\u00f3n hist\u00f3rico de la ciudadela, redise\u00f1ada por Vauban, la Porte St Jacques, la arquitectura de las casas de los comerciantes y artesanos vascos, la prisi\u00f3n de los obispos, etc.<br>La ciudad es tambi\u00e9n el punto de partida de numerosos descubrimientos: las Aldudes y sus productos locales de gran calidad, los vi\u00f1edos de Iroul\u00e9guy, las aguas bravas del Nive (barranquismo, rafting) e Iraty, donde se encuentra el mayor hayedo de Europa.<\/p>\n\n\n\n<h2 class=\"ls__heading wp-block-heading\">Gu\u00e9tary<\/h2>\n\n\n\n<p class=\"ls-paragraph\">Un peque\u00f1o pueblo de pescadores con un fuerte car\u00e1cter vasco y magn\u00edficas playas v\u00edrgenes donde el surf es el rey.<br>El sendero costero que une Bidart con Hendaya pasa por este escarpado litoral.<\/p>\n<\/div>\n\n\n\n<div class=\"wp-block-column is-vertically-aligned-center is-layout-flow wp-block-column-is-layout-flow\">\n<figure class=\"wp-block-image size-full animated fadeIn delay-200ms slow\"><a href=\"https:\/\/www.camping-loupignada.com\/wp-content\/uploads\/2023\/11\/garazi-lou-pignada.jpg\"><img decoding=\"async\" width=\"800\" height=\"600\" src=\"https:\/\/www.camping-loupignada.com\/wp-content\/uploads\/2023\/11\/garazi-lou-pignada.jpg\" alt=\"garazi lou pignada\" class=\"wp-image-14174\" srcset=\"https:\/\/www.camping-loupignada.com\/wp-content\/uploads\/2023\/11\/garazi-lou-pignada.jpg 800w, https:\/\/www.camping-loupignada.com\/wp-content\/uploads\/2023\/11\/garazi-lou-pignada-300x225.jpg 300w, https:\/\/www.camping-loupignada.com\/wp-content\/uploads\/2023\/11\/garazi-lou-pignada-768x576.jpg 768w\" sizes=\"(max-width: 800px) 100vw, 800px\" \/><\/a><\/figure>\n<\/div>\n\n\n\n<div class=\"wp-block-column is-vertically-aligned-center is-layout-flow wp-block-column-is-layout-flow\">\n<figure class=\"wp-block-image size-full animated fadeIn delay-500ms slow\"><a href=\"https:\/\/www.camping-loupignada.com\/wp-content\/uploads\/2023\/11\/guetary.jpg\"><img decoding=\"async\" width=\"800\" height=\"600\" src=\"https:\/\/www.camping-loupignada.com\/wp-content\/uploads\/2023\/11\/guetary.jpg\" alt=\"guetary\" class=\"wp-image-14180\" srcset=\"https:\/\/www.camping-loupignada.com\/wp-content\/uploads\/2023\/11\/guetary.jpg 800w, https:\/\/www.camping-loupignada.com\/wp-content\/uploads\/2023\/11\/guetary-300x225.jpg 300w, https:\/\/www.camping-loupignada.com\/wp-content\/uploads\/2023\/11\/guetary-768x576.jpg 768w\" sizes=\"(max-width: 800px) 100vw, 800px\" \/><\/a><\/figure>\n<\/div>\n<\/div>\n\n\r\n    <\/div>\r\n<\/section>\n\n<section id=\"ls-section-block_9e5ea443ddde54b3ec04a7647598a27a\" class=\"ls-section  home-sixth page-three has-p-t p-t-0\" >\r\n        <div class=\"container container--full\">\r\n        \n\n<div class=\"wp-block-columns are-vertically-aligned-center is-layout-flex wp-container-core-columns-is-layout-9d6595d7 wp-block-columns-is-layout-flex\">\n<div class=\"wp-block-column is-vertically-aligned-center is-layout-flow wp-block-column-is-layout-flow\">\n<figure class=\"wp-block-image size-full animated fadeIn slow\"><a href=\"https:\/\/www.camping-loupignada.com\/wp-content\/uploads\/2023\/11\/socoa-lou-pignada.jpg\"><img decoding=\"async\" width=\"800\" height=\"600\" src=\"https:\/\/www.camping-loupignada.com\/wp-content\/uploads\/2023\/11\/socoa-lou-pignada.jpg\" alt=\"socoa lou pignada\" class=\"wp-image-14193\" srcset=\"https:\/\/www.camping-loupignada.com\/wp-content\/uploads\/2023\/11\/socoa-lou-pignada.jpg 800w, https:\/\/www.camping-loupignada.com\/wp-content\/uploads\/2023\/11\/socoa-lou-pignada-300x225.jpg 300w, https:\/\/www.camping-loupignada.com\/wp-content\/uploads\/2023\/11\/socoa-lou-pignada-768x576.jpg 768w\" sizes=\"(max-width: 800px) 100vw, 800px\" \/><\/a><\/figure>\n<\/div>\n\n\n\n<div class=\"wp-block-column is-vertically-aligned-center is-layout-flow wp-block-column-is-layout-flow\">\n<figure class=\"wp-block-image size-full animated fadeIn delay-200ms slow\"><a href=\"https:\/\/www.camping-loupignada.com\/wp-content\/uploads\/2023\/11\/la-rhune-lou-pignada_resultat.webp\"><img decoding=\"async\" width=\"800\" height=\"600\" src=\"https:\/\/www.camping-loupignada.com\/wp-content\/uploads\/2023\/11\/la-rhune-lou-pignada_resultat.webp\" alt=\"resultados de la rhune lou pignada\" class=\"wp-image-16715\" srcset=\"https:\/\/www.camping-loupignada.com\/wp-content\/uploads\/2023\/11\/la-rhune-lou-pignada_resultat.webp 800w, https:\/\/www.camping-loupignada.com\/wp-content\/uploads\/2023\/11\/la-rhune-lou-pignada_resultat-300x225.webp 300w, https:\/\/www.camping-loupignada.com\/wp-content\/uploads\/2023\/11\/la-rhune-lou-pignada_resultat-768x576.webp 768w\" sizes=\"(max-width: 800px) 100vw, 800px\" \/><\/a><\/figure>\n<\/div>\n\n\n\n<div class=\"wp-block-column is-vertically-aligned-center column-text-parallax is-layout-flow wp-block-column-is-layout-flow\">\n<h2 class=\"ls__heading wp-block-heading\">San Juan de Luz\/Ciboure<\/h2>\n\n\n\n<p class=\"ls-paragraph\">La ciudad de San Juan de Luz ha experimentado recientemente un resurgimiento de fama y reconocimiento gracias a la boda real de Luis XIV y Mar\u00eda Teresa. Su paseo mar\u00edtimo est\u00e1 salpicado de casas con entramado de madera, lo que lo convierte en un destino ideal para quienes buscan pintorescos puertos pesqueros. La bah\u00eda est\u00e1 ba\u00f1ada por suaves olas, lo que la convierte en un lugar ideal para nadar en familia, mientras que las monta\u00f1as que bordean Labourd y Guip\u00fazcoa ofrecen emocionantes oportunidades para practicar deportes acu\u00e1ticos.<\/p>\n\n\n\n<h2 class=\"ls__heading wp-block-heading\">Ascain<\/h2>\n\n\n\n<p class=\"ls-paragraph\">Un pueblecito encantador con arquitectura t\u00edpica vasca y labordina. Qu\u00e9 ver y hacer: su front\u00f3n y trinquet en el centro del pueblo, su iglesia, su sidrer\u00eda y sus numerosos paseos.<br>Se puede subir a La Rhune (905 m) desde Ascain: 10 km, 4 h 30 para un buen excursionista (panorama excepcional); los menos deportistas pueden tomar el trenecito de cremallera desde Sare.<\/p>\n<\/div>\n<\/div>\n\n\r\n    <\/div>\r\n<\/section>","protected":false},"excerpt":{"rendered":"","protected":false},"author":1,"featured_media":14203,"parent":0,"menu_order":0,"comment_status":"closed","ping_status":"closed","template":"","meta":{"_acf_changed":false,"footnotes":""},"sujet":[],"class_list":["post-17304","page","type-page","status-publish","has-post-thumbnail","hentry"],"acf":[],"yoast_head":"<!-- This site is optimized with the Yoast SEO plugin v23.4 - https:\/\/yoast.com\/wordpress\/plugins\/seo\/ -->\n<title>Vacaciones y turismo en el Pa\u00eds Vasco | \u00bfQu\u00e9 ver y hacer en el Pa\u00eds Vasco?<\/title>\n<meta name=\"description\" content=\"Para unas vacaciones en camping en las Landas, nuestro camping es la base perfecta para descubrir el Pa\u00eds Vasco.\" \/>\n<meta name=\"robots\" content=\"index, follow, max-snippet:-1, max-image-preview:large, max-video-preview:-1\" \/>\n<link rel=\"canonical\" href=\"https:\/\/www.camping-loupignada.com\/es\/vacaciones-en-el-pais-vasco\/\" \/>\n<meta property=\"og:locale\" content=\"es_ES\" \/>\n<meta property=\"og:type\" content=\"article\" \/>\n<meta property=\"og:title\" content=\"Vacaciones y turismo en el Pa\u00eds Vasco | \u00bfQu\u00e9 ver y hacer en el Pa\u00eds Vasco?\" \/>\n<meta property=\"og:description\" content=\"Para unas vacaciones en camping en las Landas, nuestro camping es la base perfecta para descubrir el Pa\u00eds Vasco.\" \/>\n<meta property=\"og:url\" content=\"https:\/\/www.camping-loupignada.com\/es\/vacaciones-en-el-pais-vasco\/\" \/>\n<meta property=\"og:site_name\" content=\"Camping Lou Pignada\" \/>\n<meta property=\"article:modified_time\" content=\"2023-12-22T15:04:54+00:00\" \/>\n<meta property=\"og:image\" content=\"https:\/\/www.camping-loupignada.com\/wp-content\/uploads\/2023\/11\/decouvrir-le-pays-basque.jpg\" \/>\n\t<meta property=\"og:image:width\" content=\"1920\" \/>\n\t<meta property=\"og:image:height\" content=\"500\" \/>\n\t<meta property=\"og:image:type\" content=\"image\/jpeg\" \/>\n<meta name=\"twitter:card\" content=\"summary_large_image\" \/>\n<meta name=\"twitter:label1\" content=\"Tiempo de lectura\" \/>\n\t<meta name=\"twitter:data1\" content=\"5 minutos\" \/>\n<script type=\"application\/ld+json\" class=\"yoast-schema-graph\">{\"@context\":\"https:\/\/schema.org\",\"@graph\":[{\"@type\":\"WebPage\",\"@id\":\"https:\/\/www.camping-loupignada.com\/es\/vacaciones-en-el-pais-vasco\/\",\"url\":\"https:\/\/www.camping-loupignada.com\/es\/vacaciones-en-el-pais-vasco\/\",\"name\":\"Vacaciones y turismo en el Pa\u00eds Vasco | \u00bfQu\u00e9 ver y hacer en el Pa\u00eds Vasco?\",\"isPartOf\":{\"@id\":\"https:\/\/www.camping-loupignada.com\/#website\"},\"primaryImageOfPage\":{\"@id\":\"https:\/\/www.camping-loupignada.com\/es\/vacaciones-en-el-pais-vasco\/#primaryimage\"},\"image\":{\"@id\":\"https:\/\/www.camping-loupignada.com\/es\/vacaciones-en-el-pais-vasco\/#primaryimage\"},\"thumbnailUrl\":\"https:\/\/www.camping-loupignada.com\/wp-content\/uploads\/2023\/11\/decouvrir-le-pays-basque.jpg\",\"datePublished\":\"2023-11-21T12:48:34+00:00\",\"dateModified\":\"2023-12-22T15:04:54+00:00\",\"description\":\"Para unas vacaciones en camping en las Landas, nuestro camping es la base perfecta para descubrir el Pa\u00eds Vasco.\",\"breadcrumb\":{\"@id\":\"https:\/\/www.camping-loupignada.com\/es\/vacaciones-en-el-pais-vasco\/#breadcrumb\"},\"inLanguage\":\"es\",\"potentialAction\":[{\"@type\":\"ReadAction\",\"target\":[\"https:\/\/www.camping-loupignada.com\/es\/vacaciones-en-el-pais-vasco\/\"]}]},{\"@type\":\"ImageObject\",\"inLanguage\":\"es\",\"@id\":\"https:\/\/www.camping-loupignada.com\/es\/vacaciones-en-el-pais-vasco\/#primaryimage\",\"url\":\"https:\/\/www.camping-loupignada.com\/wp-content\/uploads\/2023\/11\/decouvrir-le-pays-basque.jpg\",\"contentUrl\":\"https:\/\/www.camping-loupignada.com\/wp-content\/uploads\/2023\/11\/decouvrir-le-pays-basque.jpg\",\"width\":1920,\"height\":500,\"caption\":\"descubra el pa\u00eds vasco\"},{\"@type\":\"BreadcrumbList\",\"@id\":\"https:\/\/www.camping-loupignada.com\/es\/vacaciones-en-el-pais-vasco\/#breadcrumb\",\"itemListElement\":[{\"@type\":\"ListItem\",\"position\":1,\"name\":\"Camping Landas\",\"item\":\"https:\/\/www.camping-loupignada.com\/es\/\"},{\"@type\":\"ListItem\",\"position\":2,\"name\":\"Visitar el Pa\u00eds Vasco\"}]},{\"@type\":\"WebSite\",\"@id\":\"https:\/\/www.camping-loupignada.com\/#website\",\"url\":\"https:\/\/www.camping-loupignada.com\/\",\"name\":\"Camping Lou Pignada\",\"description\":\"\",\"publisher\":{\"@id\":\"https:\/\/www.camping-loupignada.com\/#organization\"},\"potentialAction\":[{\"@type\":\"SearchAction\",\"target\":{\"@type\":\"EntryPoint\",\"urlTemplate\":\"https:\/\/www.camping-loupignada.com\/?s={search_term_string}\"},\"query-input\":{\"@type\":\"PropertyValueSpecification\",\"valueRequired\":true,\"valueName\":\"search_term_string\"}}],\"inLanguage\":\"es\"},{\"@type\":\"Organization\",\"@id\":\"https:\/\/www.camping-loupignada.com\/#organization\",\"name\":\"Camping Lou Pignada\",\"url\":\"https:\/\/www.camping-loupignada.com\/\",\"logo\":{\"@type\":\"ImageObject\",\"inLanguage\":\"es\",\"@id\":\"https:\/\/www.camping-loupignada.com\/#\/schema\/logo\/image\/\",\"url\":\"https:\/\/www.camping-loupignada.com\/wp-content\/uploads\/2023\/10\/cropped-logo.png\",\"contentUrl\":\"https:\/\/www.camping-loupignada.com\/wp-content\/uploads\/2023\/10\/cropped-logo.png\",\"width\":300,\"height\":300,\"caption\":\"Camping Lou Pignada\"},\"image\":{\"@id\":\"https:\/\/www.camping-loupignada.com\/#\/schema\/logo\/image\/\"}}]}<\/script>\n<!-- \/ Yoast SEO plugin. -->","yoast_head_json":{"title":"Vacaciones y turismo en el Pa\u00eds Vasco | \u00bfQu\u00e9 ver y hacer en el Pa\u00eds Vasco?","description":"Para unas vacaciones en camping en las Landas, nuestro camping es la base perfecta para descubrir el Pa\u00eds Vasco.","robots":{"index":"index","follow":"follow","max-snippet":"max-snippet:-1","max-image-preview":"max-image-preview:large","max-video-preview":"max-video-preview:-1"},"canonical":"https:\/\/www.camping-loupignada.com\/es\/vacaciones-en-el-pais-vasco\/","og_locale":"es_ES","og_type":"article","og_title":"Vacaciones y turismo en el Pa\u00eds Vasco | \u00bfQu\u00e9 ver y hacer en el Pa\u00eds Vasco?","og_description":"Para unas vacaciones en camping en las Landas, nuestro camping es la base perfecta para descubrir el Pa\u00eds Vasco.","og_url":"https:\/\/www.camping-loupignada.com\/es\/vacaciones-en-el-pais-vasco\/","og_site_name":"Camping Lou Pignada","article_modified_time":"2023-12-22T15:04:54+00:00","og_image":[{"width":1920,"height":500,"url":"https:\/\/www.camping-loupignada.com\/wp-content\/uploads\/2023\/11\/decouvrir-le-pays-basque.jpg","type":"image\/jpeg"}],"twitter_card":"summary_large_image","twitter_misc":{"Tiempo de lectura":"5 minutos"},"schema":{"@context":"https:\/\/schema.org","@graph":[{"@type":"WebPage","@id":"https:\/\/www.camping-loupignada.com\/es\/vacaciones-en-el-pais-vasco\/","url":"https:\/\/www.camping-loupignada.com\/es\/vacaciones-en-el-pais-vasco\/","name":"Vacaciones y turismo en el Pa\u00eds Vasco | \u00bfQu\u00e9 ver y hacer en el Pa\u00eds Vasco?","isPartOf":{"@id":"https:\/\/www.camping-loupignada.com\/#website"},"primaryImageOfPage":{"@id":"https:\/\/www.camping-loupignada.com\/es\/vacaciones-en-el-pais-vasco\/#primaryimage"},"image":{"@id":"https:\/\/www.camping-loupignada.com\/es\/vacaciones-en-el-pais-vasco\/#primaryimage"},"thumbnailUrl":"https:\/\/www.camping-loupignada.com\/wp-content\/uploads\/2023\/11\/decouvrir-le-pays-basque.jpg","datePublished":"2023-11-21T12:48:34+00:00","dateModified":"2023-12-22T15:04:54+00:00","description":"Para unas vacaciones en camping en las Landas, nuestro camping es la base perfecta para descubrir el Pa\u00eds Vasco.","breadcrumb":{"@id":"https:\/\/www.camping-loupignada.com\/es\/vacaciones-en-el-pais-vasco\/#breadcrumb"},"inLanguage":"es","potentialAction":[{"@type":"ReadAction","target":["https:\/\/www.camping-loupignada.com\/es\/vacaciones-en-el-pais-vasco\/"]}]},{"@type":"ImageObject","inLanguage":"es","@id":"https:\/\/www.camping-loupignada.com\/es\/vacaciones-en-el-pais-vasco\/#primaryimage","url":"https:\/\/www.camping-loupignada.com\/wp-content\/uploads\/2023\/11\/decouvrir-le-pays-basque.jpg","contentUrl":"https:\/\/www.camping-loupignada.com\/wp-content\/uploads\/2023\/11\/decouvrir-le-pays-basque.jpg","width":1920,"height":500,"caption":"descubra el pa\u00eds vasco"},{"@type":"BreadcrumbList","@id":"https:\/\/www.camping-loupignada.com\/es\/vacaciones-en-el-pais-vasco\/#breadcrumb","itemListElement":[{"@type":"ListItem","position":1,"name":"Camping Landas","item":"https:\/\/www.camping-loupignada.com\/es\/"},{"@type":"ListItem","position":2,"name":"Visitar el Pa\u00eds Vasco"}]},{"@type":"WebSite","@id":"https:\/\/www.camping-loupignada.com\/#website","url":"https:\/\/www.camping-loupignada.com\/","name":"Camping Lou Pignada","description":"","publisher":{"@id":"https:\/\/www.camping-loupignada.com\/#organization"},"potentialAction":[{"@type":"SearchAction","target":{"@type":"EntryPoint","urlTemplate":"https:\/\/www.camping-loupignada.com\/?s={search_term_string}"},"query-input":{"@type":"PropertyValueSpecification","valueRequired":true,"valueName":"search_term_string"}}],"inLanguage":"es"},{"@type":"Organization","@id":"https:\/\/www.camping-loupignada.com\/#organization","name":"Camping Lou Pignada","url":"https:\/\/www.camping-loupignada.com\/","logo":{"@type":"ImageObject","inLanguage":"es","@id":"https:\/\/www.camping-loupignada.com\/#\/schema\/logo\/image\/","url":"https:\/\/www.camping-loupignada.com\/wp-content\/uploads\/2023\/10\/cropped-logo.png","contentUrl":"https:\/\/www.camping-loupignada.com\/wp-content\/uploads\/2023\/10\/cropped-logo.png","width":300,"height":300,"caption":"Camping Lou Pignada"},"image":{"@id":"https:\/\/www.camping-loupignada.com\/#\/schema\/logo\/image\/"}}]}},"_links":{"self":[{"href":"https:\/\/www.camping-loupignada.com\/es\/wp-json\/wp\/v2\/pages\/17304","targetHints":{"allow":["GET"]}}],"collection":[{"href":"https:\/\/www.camping-loupignada.com\/es\/wp-json\/wp\/v2\/pages"}],"about":[{"href":"https:\/\/www.camping-loupignada.com\/es\/wp-json\/wp\/v2\/types\/page"}],"author":[{"embeddable":true,"href":"https:\/\/www.camping-loupignada.com\/es\/wp-json\/wp\/v2\/users\/1"}],"replies":[{"embeddable":true,"href":"https:\/\/www.camping-loupignada.com\/es\/wp-json\/wp\/v2\/comments?post=17304"}],"version-history":[{"count":5,"href":"https:\/\/www.camping-loupignada.com\/es\/wp-json\/wp\/v2\/pages\/17304\/revisions"}],"predecessor-version":[{"id":18262,"href":"https:\/\/www.camping-loupignada.com\/es\/wp-json\/wp\/v2\/pages\/17304\/revisions\/18262"}],"wp:featuredmedia":[{"embeddable":true,"href":"https:\/\/www.camping-loupignada.com\/es\/wp-json\/wp\/v2\/media\/14203"}],"wp:attachment":[{"href":"https:\/\/www.camping-loupignada.com\/es\/wp-json\/wp\/v2\/media?parent=17304"}],"wp:term":[{"taxonomy":"sujet","embeddable":true,"href":"https:\/\/www.camping-loupignada.com\/es\/wp-json\/wp\/v2\/sujet?post=17304"}],"curies":[{"name":"wp","href":"https:\/\/api.w.org\/{rel}","templated":true}]}}