{"id":17419,"date":"2023-11-22T08:43:20","date_gmt":"2023-11-22T07:43:20","guid":{"rendered":"https:\/\/www.camping-loupignada.com\/camping-familiar-landes\/"},"modified":"2023-11-24T15:37:50","modified_gmt":"2023-11-24T14:37:50","slug":"camping-familiar-landes","status":"publish","type":"page","link":"https:\/\/www.camping-loupignada.com\/es\/camping-familiar-landes\/","title":{"rendered":"Camping familiar en las Landas"},"content":{"rendered":"<section id=\"ls-section-block_1a5b1ef5719143fb9004c76408709c9f\" class=\"ls-section   page-one has-p-t p-t-5 has-p-b p-b-3\" >\r\n        <div class=\"container container--wide\">\r\n        \n\n<h1 class=\"ls__heading wp-block-heading has-text-align-center\">Lou Pignada, un camping familiar en las Landas<\/h1>\n\n\n\n<p class=\"ls-paragraph has-text-align-center\">\u00bfHa planeado ya sus pr\u00f3ximas vacaciones en Francia? \u00bfLe parece el departamento de Las Landas el destino perfecto? \u00bfBusca alojamiento en la costa entre Capbreton y Biscarrosse? \u00bfLe interesar\u00eda un <strong>camping familiar en las Landas<\/strong>? Reserve hoy mismo su alquiler de vacaciones en <a href=\"https:\/\/www.camping-loupignada.com\/es\/\">Lou Pignada<\/a>, su <strong>camping familiar de 4 estrellas en las Landas<\/strong>, y disfrute de una estancia inolvidable en una casa m\u00f3vil en plena naturaleza, entre lago, oc\u00e9ano y pinar: \u00a1el marco perfecto!<\/p>\n\n\r\n    <\/div>\r\n<\/section><section id=\"ls-section-block_281a3316598ac7f6649ebb00c2ce48da\" class=\"ls-section  home-sixth page-two has-p-t p-t-0\" >\r\n        <div class=\"container container--full\">\r\n        \n\n<div class=\"wp-block-columns are-vertically-aligned-center is-layout-flex wp-container-core-columns-is-layout-9d6595d7 wp-block-columns-is-layout-flex\">\n<div class=\"wp-block-column is-vertically-aligned-center column-text-parallax is-layout-flow wp-block-column-is-layout-flow\">\n<h2 class=\"ls__heading wp-block-heading\">El alojamiento ideal para unas vacaciones en familia en nuestro camping de las Landas<\/h2>\n\n\n\n<p class=\"ls-paragraph\">Para descubrir las Landas, reserve su alojamiento en Lou Pignada, <strong>su camping familiar en las Landas<\/strong>. Nuestro establecimiento ofrece una amplia gama de alojamientos que se adaptan tanto a su familia como a su presupuesto.<\/p>\n\n\n\n<p class=\"ls-paragraph\">Disponemos de bungalows para 5 \u00f3 6 personas, <a href=\"https:\/\/www.camping-loupignada.com\/es\/mobil-homes-en-las-landas\/\">casas m\u00f3viles<\/a> de varios tama\u00f1os e incluso chal\u00e9s para un ambiente r\u00fastico. No dude en hacernos saber lo que necesita en cualquier momento. Nos aseguraremos de ofrecerle el alojamiento que mejor se adapte a sus necesidades.<\/p>\n\n\n\n<p class=\"ls-paragraph addReadMore showlesscontent\">Ya sea para un fin de semana o para una estancia m\u00e1s larga, Lou Pignada, <strong>camping familiar de las Landas<\/strong>, le da la bienvenida y le ofrece alojamientos de alquiler a precios muy competitivos, as\u00ed como parcelas estrat\u00e9gicas para sus tiendas, autocaravanas y caravanas en la zona de acampada tradicional.<\/p>\n<\/div>\n\n\n\n<div class=\"wp-block-column is-vertically-aligned-center is-layout-flow wp-block-column-is-layout-flow\">\n<figure class=\"wp-block-image size-full animated fadeIn delay-100ms slow\"><a href=\"https:\/\/www.camping-loupignada.com\/wp-content\/uploads\/2023\/11\/louer-mobil-home-camping-familiale-landes_resultat.webp\"><img decoding=\"async\" width=\"800\" height=\"533\" src=\"https:\/\/www.camping-loupignada.com\/wp-content\/uploads\/2023\/11\/louer-mobil-home-camping-familiale-landes_resultat.webp\" alt=\"alquiler mobil home camping familiale landes resultado\" class=\"wp-image-14724\" srcset=\"https:\/\/www.camping-loupignada.com\/wp-content\/uploads\/2023\/11\/louer-mobil-home-camping-familiale-landes_resultat.webp 800w, https:\/\/www.camping-loupignada.com\/wp-content\/uploads\/2023\/11\/louer-mobil-home-camping-familiale-landes_resultat-300x200.webp 300w, https:\/\/www.camping-loupignada.com\/wp-content\/uploads\/2023\/11\/louer-mobil-home-camping-familiale-landes_resultat-768x512.webp 768w\" sizes=\"(max-width: 800px) 100vw, 800px\" \/><\/a><\/figure>\n<\/div>\n\n\n\n<div class=\"wp-block-column is-vertically-aligned-center is-layout-flow wp-block-column-is-layout-flow\">\n<figure class=\"wp-block-image size-full animated fadeIn slow\"><a href=\"https:\/\/www.camping-loupignada.com\/wp-content\/uploads\/2023\/11\/mobil-hoem-famille-dans-les-landes_resultat.webp\"><img decoding=\"async\" width=\"800\" height=\"533\" src=\"https:\/\/www.camping-loupignada.com\/wp-content\/uploads\/2023\/11\/mobil-hoem-famille-dans-les-landes_resultat.webp\" alt=\"movilizaci&#xF3;n de la familia hoem en las landas resultados\" class=\"wp-image-14783\" srcset=\"https:\/\/www.camping-loupignada.com\/wp-content\/uploads\/2023\/11\/mobil-hoem-famille-dans-les-landes_resultat.webp 800w, https:\/\/www.camping-loupignada.com\/wp-content\/uploads\/2023\/11\/mobil-hoem-famille-dans-les-landes_resultat-300x200.webp 300w, https:\/\/www.camping-loupignada.com\/wp-content\/uploads\/2023\/11\/mobil-hoem-famille-dans-les-landes_resultat-768x512.webp 768w\" sizes=\"(max-width: 800px) 100vw, 800px\" \/><\/a><\/figure>\n<\/div>\n<\/div>\n\n\r\n    <\/div>\r\n<\/section><section id=\"ls-section-block_9b35c22a32befa9b605c1ff0dffc74f9\" class=\"ls-section  home-sixth page-three has-p-t p-t-0\" >\r\n        <div class=\"container container--full\">\r\n        \n\n<div class=\"wp-block-columns are-vertically-aligned-center is-layout-flex wp-container-core-columns-is-layout-9d6595d7 wp-block-columns-is-layout-flex\">\n<div class=\"wp-block-column is-vertically-aligned-center is-layout-flow wp-block-column-is-layout-flow\">\n<figure class=\"wp-block-image size-full animated fadeIn delay-200ms slow\"><a href=\"https:\/\/www.camping-loupignada.com\/wp-content\/uploads\/2023\/11\/camping-activites-familiales-dans-les-landes_resultat.webp\"><img decoding=\"async\" width=\"800\" height=\"533\" src=\"https:\/\/www.camping-loupignada.com\/wp-content\/uploads\/2023\/11\/camping-activites-familiales-dans-les-landes_resultat.webp\" alt=\"camping actividades familiares en las landas resultados\" class=\"wp-image-14763\" srcset=\"https:\/\/www.camping-loupignada.com\/wp-content\/uploads\/2023\/11\/camping-activites-familiales-dans-les-landes_resultat.webp 800w, https:\/\/www.camping-loupignada.com\/wp-content\/uploads\/2023\/11\/camping-activites-familiales-dans-les-landes_resultat-300x200.webp 300w, https:\/\/www.camping-loupignada.com\/wp-content\/uploads\/2023\/11\/camping-activites-familiales-dans-les-landes_resultat-768x512.webp 768w\" sizes=\"(max-width: 800px) 100vw, 800px\" \/><\/a><\/figure>\n<\/div>\n\n\n\n<div class=\"wp-block-column is-vertically-aligned-center is-layout-flow wp-block-column-is-layout-flow\"><div class=\"wp-block-image animated fadeInUp slow\">\n<figure class=\"aligncenter size-full is-resized\"><a href=\"https:\/\/www.camping-loupignada.com\/wp-content\/uploads\/2023\/11\/camping-animations-familiales-dans-les-landes.jpg\"><img decoding=\"async\" width=\"2000\" height=\"1333\" src=\"https:\/\/www.camping-loupignada.com\/wp-content\/uploads\/2023\/11\/camping-animations-familiales-dans-les-landes.jpg\" alt=\"camping de ocio familiar en las landas\" class=\"wp-image-14735\" style=\"width:335px;height:670px\" srcset=\"https:\/\/www.camping-loupignada.com\/wp-content\/uploads\/2023\/11\/camping-animations-familiales-dans-les-landes.jpg 2000w, https:\/\/www.camping-loupignada.com\/wp-content\/uploads\/2023\/11\/camping-animations-familiales-dans-les-landes-300x200.jpg 300w, https:\/\/www.camping-loupignada.com\/wp-content\/uploads\/2023\/11\/camping-animations-familiales-dans-les-landes-1024x682.jpg 1024w, https:\/\/www.camping-loupignada.com\/wp-content\/uploads\/2023\/11\/camping-animations-familiales-dans-les-landes-768x512.jpg 768w, https:\/\/www.camping-loupignada.com\/wp-content\/uploads\/2023\/11\/camping-animations-familiales-dans-les-landes-1536x1024.jpg 1536w\" sizes=\"(max-width: 2000px) 100vw, 2000px\" \/><\/a><\/figure>\n<\/div><\/div>\n\n\n\n<div class=\"wp-block-column is-vertically-aligned-center column-text-parallax is-layout-flow wp-block-column-is-layout-flow\">\n<h2 class=\"ls__heading wp-block-heading\">Actividades y animaciones para toda la familia en nuestro camping de las Landas<\/h2>\n\n\n\n<p class=\"ls-paragraph\">Mucho m\u00e1s que un camping que ofrece alquiler de mobil-homes, Lou Pignada es un magn\u00edfico establecimiento especialmente dise\u00f1ado para que sus vacaciones en familia sean a\u00fan m\u00e1s emocionantes. Adem\u00e1s, nuestro <strong>camping familiar<\/strong> ofrece una serie de <a href=\"https:\/\/www.camping-loupignada.com\/es\/camping-en-las-landas-con-animaciones\/\">actividades y animaciones<\/a> para ni\u00f1os y adultos que le mantendr\u00e1n entretenido y satisfar\u00e1n todas sus expectativas. El camping tambi\u00e9n dispone de un <strong>club<\/strong> infantil para que los m\u00e1s peque\u00f1os disfruten al m\u00e1ximo de sus <strong>vacaciones familiares en las Landas<\/strong>.<\/p>\n\n\n\n<p class=\"ls-paragraph\">Lou Pignada es un <strong>camping familiar con piscina en las Landas<\/strong>. Incluso tiene toda una zona acu\u00e1tica con<a href=\"https:\/\/www.camping-loupignada.com\/es\/camping-en-landes-con-piscina\/\">una piscina climatizada<\/a> para disfrutar todo el a\u00f1o, dos piscinas exteriores con chapoteaderos para divertirse al m\u00e1ximo y un sol\u00e1rium para llenarse de vitamina D.<\/p>\n\n\n\n<p class=\"ls-paragraph addReadMore showlesscontent\">Para divertirse a\u00fan m\u00e1s, Lou Pignada, <strong>su camping familiar de 4 estrellas en las Landas<\/strong>, ofrece un completo programa de actividades y veladas para grandes y peque\u00f1os durante todo el a\u00f1o.<\/p>\n<\/div>\n<\/div>\n\n\r\n    <\/div>\r\n<\/section><section id=\"ls-section-block_281a3316598ac7f6649ebb00c2ce48da\" class=\"ls-section  home-sixth page-two has-p-t p-t-0\" >\r\n        <div class=\"container container--full\">\r\n        \n\n<div class=\"wp-block-columns are-vertically-aligned-center is-layout-flex wp-container-core-columns-is-layout-9d6595d7 wp-block-columns-is-layout-flex\">\n<div class=\"wp-block-column is-vertically-aligned-center column-text-parallax is-layout-flow wp-block-column-is-layout-flow\">\n<h2 class=\"ls__heading wp-block-heading\">Actividades de ocio familiar alrededor de nuestro camping en Ondres<\/h2>\n\n\n\n<p class=\"ls-paragraph\">Si busca un <strong>camping familiar junto al mar en las Landas<\/strong>, el pueblo de vacaciones Lou Pignada es sin duda su mejor opci\u00f3n. El camping est\u00e1 situado en Ondres, en pleno bosque de las Landas y a dos pasos de las playas m\u00e1s bonitas de la regi\u00f3n: les Sabl\u00e8res, l&#8217;Estacade, les ch\u00eanes li\u00e8ges, Soustons y Moliets-et-Maa.<\/p>\n\n\n\n<p class=\"ls-paragraph\">Disfrute de los pinares que cubren todo el departamento, de las arenas finas de la costa atl\u00e1ntica, de los lagos en torno a Biscarrosse y Azur y, sobre todo, del esplendor de la campi\u00f1a de las Landas, a s\u00f3lo unos kil\u00f3metros de nuestra residencia de vacaciones. En nuestro camping familiar de las Landas, podr\u00e1 descubrir y explorar las Landas en bicicleta, el litoral que se extiende desde la cuenca de Arcachon hasta el Pa\u00eds Vasco.<\/p>\n\n\n\n<p class=\"ls-paragraph addReadMore showlesscontent\">No olvide visitar Ondres, Vieux Boucau, Mont-de-Marsan, Capbreton, Mimizan, Seignosse y Hossegor. La belleza de las Landas le sorprender\u00e1 gratamente.<br\/><br\/>Esc\u00e1pese a Aquitania y d\u00e9jese llevar por el encanto de las Landas gracias a nuestro <strong>camping<\/strong> familiar, Lou Pignada, \u00a1uno de los mejores campings del departamento! \u00bfNo puede esperar? Le invitamos a echar un vistazo a las opiniones de nuestros hu\u00e9spedes para hacerse una idea de lo que le espera en el <strong>camping familiar Landes <\/strong>Lou Pignada.<\/p>\n<\/div>\n\n\n\n<div class=\"wp-block-column is-vertically-aligned-center is-layout-flow wp-block-column-is-layout-flow\">\n<figure class=\"wp-block-image size-full animated fadeIn delay-200ms slow\"><a href=\"https:\/\/www.camping-loupignada.com\/wp-content\/uploads\/2023\/11\/decouvrir-les-plages-dondres.jpg\"><img decoding=\"async\" width=\"800\" height=\"600\" src=\"https:\/\/www.camping-loupignada.com\/wp-content\/uploads\/2023\/11\/decouvrir-les-plages-dondres.jpg\" alt=\"descubra las playas de ondres\" class=\"wp-image-14247\" srcset=\"https:\/\/www.camping-loupignada.com\/wp-content\/uploads\/2023\/11\/decouvrir-les-plages-dondres.jpg 800w, https:\/\/www.camping-loupignada.com\/wp-content\/uploads\/2023\/11\/decouvrir-les-plages-dondres-300x225.jpg 300w, https:\/\/www.camping-loupignada.com\/wp-content\/uploads\/2023\/11\/decouvrir-les-plages-dondres-768x576.jpg 768w\" sizes=\"(max-width: 800px) 100vw, 800px\" \/><\/a><\/figure>\n<\/div>\n\n\n\n<div class=\"wp-block-column is-vertically-aligned-center is-layout-flow wp-block-column-is-layout-flow\">\n<figure class=\"wp-block-image size-full animated fadeIn delay-500ms slow\"><a href=\"https:\/\/www.camping-loupignada.com\/wp-content\/uploads\/2023\/09\/velo-plage-landes-camping-lou-pignada_resultat.webp\"><img decoding=\"async\" width=\"650\" height=\"900\" src=\"https:\/\/www.camping-loupignada.com\/wp-content\/uploads\/2023\/09\/velo-plage-landes-camping-lou-pignada_resultat.webp\" alt=\"Bicicleta playa Landas Camping Lou Pignada\" class=\"wp-image-368\" srcset=\"https:\/\/www.camping-loupignada.com\/wp-content\/uploads\/2023\/09\/velo-plage-landes-camping-lou-pignada_resultat.webp 650w, https:\/\/www.camping-loupignada.com\/wp-content\/uploads\/2023\/09\/velo-plage-landes-camping-lou-pignada_resultat-217x300.webp 217w\" sizes=\"(max-width: 650px) 100vw, 650px\" \/><\/a><\/figure>\n<\/div>\n<\/div>\n\n\r\n    <\/div>\r\n<\/section><section id=\"ls-section-block_80d3a4a14504205cad3ccb905681f34b\" class=\"ls-section  page-four\" >\r\n        <div class=\"container container--wide\">\r\n        \n\n<div id=\"ls-heading ls-titre-div-block_f9483dbe6fcbe6db3cf6db467f134899\" class=\"ls-titre-div aligncenter h2-like\" >\n    Descubra nuestros servicios, piscina y alojamiento<\/div>\n\n\n<div id=\"ls-maillage-block_3e0999d4554c5a490dfc6ced806e4fdc\" class=\"ls-maillage cta-style-normal\" data-rows=\"3\">\r\n    <div class=\"wp-block-columns\"><div class=\"wp-block-column\"><div class=\"ls-cta\">\n\n<a href=\"https:\/\/www.camping-loupignada.com\/es\/camping-en-landes-con-piscina\/\" target=\"\" rel=\"noopener\" class=\"ls-cta__link\">\n\n\t<div class=\"ls-cta__image\"><img decoding=\"async\" src=\"https:\/\/www.camping-loupignada.com\/wp-content\/uploads\/2023\/12\/camping-avec-piscine-ondres.webp\" alt=\"camping con piscina ondres\"><\/div>\n\t<div class=\"ls-cta__title\">\n\t\tLa piscina\t\t<span class=\"lou-pignada-return\"><\/span>\n\t<\/div>\n\n\t\t\n<\/a><\/div><\/div><div class=\"wp-block-column\"><div class=\"ls-cta\">\n\n<a href=\"https:\/\/www.camping-loupignada.com\/es\/alojamiento-vacaciones-landas\/\" target=\"\" rel=\"noopener\" class=\"ls-cta__link\">\n\n\t<div class=\"ls-cta__image\"><img decoding=\"async\" src=\"https:\/\/www.camping-loupignada.com\/wp-content\/uploads\/2023\/11\/louer-un-mobilhome-dans-les-landes.jpg\" alt=\"alquilar una autocaravana en las landas\"><\/div>\n\t<div class=\"ls-cta__title\">\n\t\tAlojamiento\t\t<span class=\"lou-pignada-return\"><\/span>\n\t<\/div>\n\n\t\t\n<\/a><\/div><\/div><div class=\"wp-block-column\"><div class=\"ls-cta\">\n\n<a href=\"https:\/\/www.camping-loupignada.com\/es\/nuestros-servicios\/\" target=\"\" rel=\"noopener\" class=\"ls-cta__link\">\n\n\t<div class=\"ls-cta__image\"><img decoding=\"async\" src=\"https:\/\/www.camping-loupignada.com\/wp-content\/uploads\/2023\/11\/Lou-pignada-restaurant_resultat_resultat.webp\" alt=\"Lou pignada restaurant resultat resultat\"><\/div>\n\t<div class=\"ls-cta__title\">\n\t\tLos servicios\t\t<span class=\"lou-pignada-return\"><\/span>\n\t<\/div>\n\n\t\t\n<\/a><\/div><\/div><\/div><\/div>\n\r\n    <\/div>\r\n<\/section>","protected":false},"excerpt":{"rendered":"","protected":false},"author":1,"featured_media":14781,"parent":0,"menu_order":0,"comment_status":"closed","ping_status":"closed","template":"","meta":{"_acf_changed":false,"footnotes":""},"sujet":[],"class_list":["post-17419","page","type-page","status-publish","has-post-thumbnail","hentry"],"acf":[],"yoast_head":"<!-- This site is optimized with the Yoast SEO plugin v23.4 - https:\/\/yoast.com\/wordpress\/plugins\/seo\/ -->\n<title>Camping familiar en Landas | Vacaciones en familia en Ondres, Landas<\/title>\n<meta name=\"description\" content=\"Vacaciones en familia en nuestro camping familiar Lou Pignada, en las Landas: actividades acu\u00e1ticas, zonas de juegos, animaciones y mucho m\u00e1s.\" \/>\n<meta name=\"robots\" content=\"index, follow, max-snippet:-1, max-image-preview:large, max-video-preview:-1\" \/>\n<link rel=\"canonical\" href=\"https:\/\/www.camping-loupignada.com\/es\/camping-familiar-landes\/\" \/>\n<meta property=\"og:locale\" content=\"es_ES\" \/>\n<meta property=\"og:type\" content=\"article\" \/>\n<meta property=\"og:title\" content=\"Camping familiar en Landas | Vacaciones en familia en Ondres, Landas\" \/>\n<meta property=\"og:description\" content=\"Vacaciones en familia en nuestro camping familiar Lou Pignada, en las Landas: actividades acu\u00e1ticas, zonas de juegos, animaciones y mucho m\u00e1s.\" \/>\n<meta property=\"og:url\" content=\"https:\/\/www.camping-loupignada.com\/es\/camping-familiar-landes\/\" \/>\n<meta property=\"og:site_name\" content=\"Camping Lou Pignada\" \/>\n<meta property=\"article:modified_time\" content=\"2023-11-24T14:37:50+00:00\" \/>\n<meta property=\"og:image\" content=\"https:\/\/www.camping-loupignada.com\/wp-content\/uploads\/2023\/11\/camping-familial-a-ondres.jpg\" \/>\n\t<meta property=\"og:image:width\" content=\"1920\" \/>\n\t<meta property=\"og:image:height\" content=\"600\" \/>\n\t<meta property=\"og:image:type\" content=\"image\/jpeg\" \/>\n<meta name=\"twitter:card\" content=\"summary_large_image\" \/>\n<meta name=\"twitter:label1\" content=\"Tiempo de lectura\" \/>\n\t<meta name=\"twitter:data1\" content=\"3 minutos\" \/>\n<script type=\"application\/ld+json\" class=\"yoast-schema-graph\">{\"@context\":\"https:\/\/schema.org\",\"@graph\":[{\"@type\":\"WebPage\",\"@id\":\"https:\/\/www.camping-loupignada.com\/es\/camping-familiar-landes\/\",\"url\":\"https:\/\/www.camping-loupignada.com\/es\/camping-familiar-landes\/\",\"name\":\"Camping familiar en Landas | Vacaciones en familia en Ondres, Landas\",\"isPartOf\":{\"@id\":\"https:\/\/www.camping-loupignada.com\/#website\"},\"primaryImageOfPage\":{\"@id\":\"https:\/\/www.camping-loupignada.com\/es\/camping-familiar-landes\/#primaryimage\"},\"image\":{\"@id\":\"https:\/\/www.camping-loupignada.com\/es\/camping-familiar-landes\/#primaryimage\"},\"thumbnailUrl\":\"https:\/\/www.camping-loupignada.com\/wp-content\/uploads\/2023\/11\/camping-familial-a-ondres.jpg\",\"datePublished\":\"2023-11-22T07:43:20+00:00\",\"dateModified\":\"2023-11-24T14:37:50+00:00\",\"description\":\"Vacaciones en familia en nuestro camping familiar Lou Pignada, en las Landas: actividades acu\u00e1ticas, zonas de juegos, animaciones y mucho m\u00e1s.\",\"breadcrumb\":{\"@id\":\"https:\/\/www.camping-loupignada.com\/es\/camping-familiar-landes\/#breadcrumb\"},\"inLanguage\":\"es\",\"potentialAction\":[{\"@type\":\"ReadAction\",\"target\":[\"https:\/\/www.camping-loupignada.com\/es\/camping-familiar-landes\/\"]}]},{\"@type\":\"ImageObject\",\"inLanguage\":\"es\",\"@id\":\"https:\/\/www.camping-loupignada.com\/es\/camping-familiar-landes\/#primaryimage\",\"url\":\"https:\/\/www.camping-loupignada.com\/wp-content\/uploads\/2023\/11\/camping-familial-a-ondres.jpg\",\"contentUrl\":\"https:\/\/www.camping-loupignada.com\/wp-content\/uploads\/2023\/11\/camping-familial-a-ondres.jpg\",\"width\":1920,\"height\":600,\"caption\":\"camping familiar en ondres\"},{\"@type\":\"BreadcrumbList\",\"@id\":\"https:\/\/www.camping-loupignada.com\/es\/camping-familiar-landes\/#breadcrumb\",\"itemListElement\":[{\"@type\":\"ListItem\",\"position\":1,\"name\":\"Camping Landas\",\"item\":\"https:\/\/www.camping-loupignada.com\/es\/\"},{\"@type\":\"ListItem\",\"position\":2,\"name\":\"Camping familiar en Ondres\"}]},{\"@type\":\"WebSite\",\"@id\":\"https:\/\/www.camping-loupignada.com\/#website\",\"url\":\"https:\/\/www.camping-loupignada.com\/\",\"name\":\"Camping Lou Pignada\",\"description\":\"\",\"publisher\":{\"@id\":\"https:\/\/www.camping-loupignada.com\/#organization\"},\"potentialAction\":[{\"@type\":\"SearchAction\",\"target\":{\"@type\":\"EntryPoint\",\"urlTemplate\":\"https:\/\/www.camping-loupignada.com\/?s={search_term_string}\"},\"query-input\":{\"@type\":\"PropertyValueSpecification\",\"valueRequired\":true,\"valueName\":\"search_term_string\"}}],\"inLanguage\":\"es\"},{\"@type\":\"Organization\",\"@id\":\"https:\/\/www.camping-loupignada.com\/#organization\",\"name\":\"Camping Lou Pignada\",\"url\":\"https:\/\/www.camping-loupignada.com\/\",\"logo\":{\"@type\":\"ImageObject\",\"inLanguage\":\"es\",\"@id\":\"https:\/\/www.camping-loupignada.com\/#\/schema\/logo\/image\/\",\"url\":\"https:\/\/www.camping-loupignada.com\/wp-content\/uploads\/2023\/10\/cropped-logo.png\",\"contentUrl\":\"https:\/\/www.camping-loupignada.com\/wp-content\/uploads\/2023\/10\/cropped-logo.png\",\"width\":300,\"height\":300,\"caption\":\"Camping Lou Pignada\"},\"image\":{\"@id\":\"https:\/\/www.camping-loupignada.com\/#\/schema\/logo\/image\/\"}}]}<\/script>\n<!-- \/ Yoast SEO plugin. -->","yoast_head_json":{"title":"Camping familiar en Landas | Vacaciones en familia en Ondres, Landas","description":"Vacaciones en familia en nuestro camping familiar Lou Pignada, en las Landas: actividades acu\u00e1ticas, zonas de juegos, animaciones y mucho m\u00e1s.","robots":{"index":"index","follow":"follow","max-snippet":"max-snippet:-1","max-image-preview":"max-image-preview:large","max-video-preview":"max-video-preview:-1"},"canonical":"https:\/\/www.camping-loupignada.com\/es\/camping-familiar-landes\/","og_locale":"es_ES","og_type":"article","og_title":"Camping familiar en Landas | Vacaciones en familia en Ondres, Landas","og_description":"Vacaciones en familia en nuestro camping familiar Lou Pignada, en las Landas: actividades acu\u00e1ticas, zonas de juegos, animaciones y mucho m\u00e1s.","og_url":"https:\/\/www.camping-loupignada.com\/es\/camping-familiar-landes\/","og_site_name":"Camping Lou Pignada","article_modified_time":"2023-11-24T14:37:50+00:00","og_image":[{"width":1920,"height":600,"url":"https:\/\/www.camping-loupignada.com\/wp-content\/uploads\/2023\/11\/camping-familial-a-ondres.jpg","type":"image\/jpeg"}],"twitter_card":"summary_large_image","twitter_misc":{"Tiempo de lectura":"3 minutos"},"schema":{"@context":"https:\/\/schema.org","@graph":[{"@type":"WebPage","@id":"https:\/\/www.camping-loupignada.com\/es\/camping-familiar-landes\/","url":"https:\/\/www.camping-loupignada.com\/es\/camping-familiar-landes\/","name":"Camping familiar en Landas | Vacaciones en familia en Ondres, Landas","isPartOf":{"@id":"https:\/\/www.camping-loupignada.com\/#website"},"primaryImageOfPage":{"@id":"https:\/\/www.camping-loupignada.com\/es\/camping-familiar-landes\/#primaryimage"},"image":{"@id":"https:\/\/www.camping-loupignada.com\/es\/camping-familiar-landes\/#primaryimage"},"thumbnailUrl":"https:\/\/www.camping-loupignada.com\/wp-content\/uploads\/2023\/11\/camping-familial-a-ondres.jpg","datePublished":"2023-11-22T07:43:20+00:00","dateModified":"2023-11-24T14:37:50+00:00","description":"Vacaciones en familia en nuestro camping familiar Lou Pignada, en las Landas: actividades acu\u00e1ticas, zonas de juegos, animaciones y mucho m\u00e1s.","breadcrumb":{"@id":"https:\/\/www.camping-loupignada.com\/es\/camping-familiar-landes\/#breadcrumb"},"inLanguage":"es","potentialAction":[{"@type":"ReadAction","target":["https:\/\/www.camping-loupignada.com\/es\/camping-familiar-landes\/"]}]},{"@type":"ImageObject","inLanguage":"es","@id":"https:\/\/www.camping-loupignada.com\/es\/camping-familiar-landes\/#primaryimage","url":"https:\/\/www.camping-loupignada.com\/wp-content\/uploads\/2023\/11\/camping-familial-a-ondres.jpg","contentUrl":"https:\/\/www.camping-loupignada.com\/wp-content\/uploads\/2023\/11\/camping-familial-a-ondres.jpg","width":1920,"height":600,"caption":"camping familiar en ondres"},{"@type":"BreadcrumbList","@id":"https:\/\/www.camping-loupignada.com\/es\/camping-familiar-landes\/#breadcrumb","itemListElement":[{"@type":"ListItem","position":1,"name":"Camping Landas","item":"https:\/\/www.camping-loupignada.com\/es\/"},{"@type":"ListItem","position":2,"name":"Camping familiar en Ondres"}]},{"@type":"WebSite","@id":"https:\/\/www.camping-loupignada.com\/#website","url":"https:\/\/www.camping-loupignada.com\/","name":"Camping Lou Pignada","description":"","publisher":{"@id":"https:\/\/www.camping-loupignada.com\/#organization"},"potentialAction":[{"@type":"SearchAction","target":{"@type":"EntryPoint","urlTemplate":"https:\/\/www.camping-loupignada.com\/?s={search_term_string}"},"query-input":{"@type":"PropertyValueSpecification","valueRequired":true,"valueName":"search_term_string"}}],"inLanguage":"es"},{"@type":"Organization","@id":"https:\/\/www.camping-loupignada.com\/#organization","name":"Camping Lou Pignada","url":"https:\/\/www.camping-loupignada.com\/","logo":{"@type":"ImageObject","inLanguage":"es","@id":"https:\/\/www.camping-loupignada.com\/#\/schema\/logo\/image\/","url":"https:\/\/www.camping-loupignada.com\/wp-content\/uploads\/2023\/10\/cropped-logo.png","contentUrl":"https:\/\/www.camping-loupignada.com\/wp-content\/uploads\/2023\/10\/cropped-logo.png","width":300,"height":300,"caption":"Camping Lou Pignada"},"image":{"@id":"https:\/\/www.camping-loupignada.com\/#\/schema\/logo\/image\/"}}]}},"_links":{"self":[{"href":"https:\/\/www.camping-loupignada.com\/es\/wp-json\/wp\/v2\/pages\/17419","targetHints":{"allow":["GET"]}}],"collection":[{"href":"https:\/\/www.camping-loupignada.com\/es\/wp-json\/wp\/v2\/pages"}],"about":[{"href":"https:\/\/www.camping-loupignada.com\/es\/wp-json\/wp\/v2\/types\/page"}],"author":[{"embeddable":true,"href":"https:\/\/www.camping-loupignada.com\/es\/wp-json\/wp\/v2\/users\/1"}],"replies":[{"embeddable":true,"href":"https:\/\/www.camping-loupignada.com\/es\/wp-json\/wp\/v2\/comments?post=17419"}],"version-history":[{"count":4,"href":"https:\/\/www.camping-loupignada.com\/es\/wp-json\/wp\/v2\/pages\/17419\/revisions"}],"predecessor-version":[{"id":17895,"href":"https:\/\/www.camping-loupignada.com\/es\/wp-json\/wp\/v2\/pages\/17419\/revisions\/17895"}],"wp:featuredmedia":[{"embeddable":true,"href":"https:\/\/www.camping-loupignada.com\/es\/wp-json\/wp\/v2\/media\/14781"}],"wp:attachment":[{"href":"https:\/\/www.camping-loupignada.com\/es\/wp-json\/wp\/v2\/media?parent=17419"}],"wp:term":[{"taxonomy":"sujet","embeddable":true,"href":"https:\/\/www.camping-loupignada.com\/es\/wp-json\/wp\/v2\/sujet?post=17419"}],"curies":[{"name":"wp","href":"https:\/\/api.w.org\/{rel}","templated":true}]}}