{"id":17411,"date":"2023-11-22T08:42:51","date_gmt":"2023-11-22T07:42:51","guid":{"rendered":"https:\/\/www.camping-loupignada.com\/familiecamping-in-landes\/"},"modified":"2023-11-24T15:37:40","modified_gmt":"2023-11-24T14:37:40","slug":"familiecamping-in-landes","status":"publish","type":"page","link":"https:\/\/www.camping-loupignada.com\/nl\/familiecamping-in-landes\/","title":{"rendered":"Familiecamping in de Landes"},"content":{"rendered":"<section id=\"ls-section-block_ba10ece5fa7ead4fc4b68ccade2cbd5e\" class=\"ls-section   page-one has-p-t p-t-5 has-p-b p-b-3\" >\r\n        <div class=\"container container--wide\">\r\n        \n\n<h1 class=\"ls__heading wp-block-heading has-text-align-center\">Lou Pignada, een familiecamping in de Landes<\/h1>\n\n\n\n<p class=\"ls-paragraph has-text-align-center\">Heb je je volgende vakantie in Frankrijk al gepland? Lijkt het departement Landes je de perfecte bestemming? Ben je op zoek naar een accommodatie aan de kust tussen Capbreton en Biscarrosse? Ge\u00efnteresseerd in een <strong>familiecamping in de Landes<\/strong>? Reserveer vandaag nog uw vakantieverblijf op <a href=\"https:\/\/www.camping-loupignada.com\/nl\/\">Lou Pignada<\/a>, uw <strong>4-sterren familiecamping in de Landes<\/strong> en geniet van een onvergetelijk verblijf in een stacaravan midden in de natuur, tussen meer, oceaan en dennenbos &#8211; de perfecte omgeving!<\/p>\n\n\r\n    <\/div>\r\n<\/section><section id=\"ls-section-block_e5ca9e6d425b41d189525eea2757e819\" class=\"ls-section  home-sixth page-two has-p-t p-t-0\" >\r\n        <div class=\"container container--full\">\r\n        \n\n<div class=\"wp-block-columns are-vertically-aligned-center is-layout-flex wp-container-core-columns-is-layout-9d6595d7 wp-block-columns-is-layout-flex\">\n<div class=\"wp-block-column is-vertically-aligned-center column-text-parallax is-layout-flow wp-block-column-is-layout-flow\">\n<h2 class=\"ls__heading wp-block-heading\">De ideale accommodatie voor een gezinsvakantie op onze camping in Landes<\/h2>\n\n\n\n<p class=\"ls-paragraph\">Om de Landes te ontdekken, boek uw accommodatie bij Lou Pignada, <strong>uw familiecamping in de Landes<\/strong>! Ons etablissement biedt een ruime keuze aan accommodaties voor zowel uw gezin als uw budget.<\/p>\n\n\n\n<p class=\"ls-paragraph\">We hebben bungalows voor 5 of 6 personen, <a href=\"https:\/\/www.camping-loupignada.com\/nl\/verhuur-stacaravan-landes\/\">stacaravans<\/a> van verschillende groottes en zelfs chalets voor een rustiek gevoel. Aarzel niet om ons te laten weten wat je nodig hebt! We zorgen voor de accommodatie die het beste bij je past.<\/p>\n\n\n\n<p class=\"ls-paragraph addReadMore showlesscontent\">Voor een weekend of een langer verblijf, Lou Pignada, een <strong>familiecamping in de Landes<\/strong>, heet je welkom en biedt je huuraccommodaties tegen zeer concurrerende prijzen, evenals strategische plaatsen voor je tenten, campers en caravans op het traditionele kampeerterrein.<\/p>\n<\/div>\n\n\n\n<div class=\"wp-block-column is-vertically-aligned-center is-layout-flow wp-block-column-is-layout-flow\">\n<figure class=\"wp-block-image size-full animated fadeIn delay-100ms slow\"><a href=\"https:\/\/www.camping-loupignada.com\/wp-content\/uploads\/2023\/11\/louer-mobil-home-camping-familiale-landes_resultat.webp\"><img decoding=\"async\" width=\"800\" height=\"533\" src=\"https:\/\/www.camping-loupignada.com\/wp-content\/uploads\/2023\/11\/louer-mobil-home-camping-familiale-landes_resultat.webp\" alt=\"verhuur stacaravan camping familiale landes resultaat\" class=\"wp-image-14724\" srcset=\"https:\/\/www.camping-loupignada.com\/wp-content\/uploads\/2023\/11\/louer-mobil-home-camping-familiale-landes_resultat.webp 800w, https:\/\/www.camping-loupignada.com\/wp-content\/uploads\/2023\/11\/louer-mobil-home-camping-familiale-landes_resultat-300x200.webp 300w, https:\/\/www.camping-loupignada.com\/wp-content\/uploads\/2023\/11\/louer-mobil-home-camping-familiale-landes_resultat-768x512.webp 768w\" sizes=\"(max-width: 800px) 100vw, 800px\" \/><\/a><\/figure>\n<\/div>\n\n\n\n<div class=\"wp-block-column is-vertically-aligned-center is-layout-flow wp-block-column-is-layout-flow\">\n<figure class=\"wp-block-image size-full animated fadeIn slow\"><a href=\"https:\/\/www.camping-loupignada.com\/wp-content\/uploads\/2023\/11\/mobil-hoem-famille-dans-les-landes_resultat.webp\"><img decoding=\"async\" width=\"800\" height=\"533\" src=\"https:\/\/www.camping-loupignada.com\/wp-content\/uploads\/2023\/11\/mobil-hoem-famille-dans-les-landes_resultat.webp\" alt=\"mobil hoem familie in de landes resultaten\" class=\"wp-image-14783\" srcset=\"https:\/\/www.camping-loupignada.com\/wp-content\/uploads\/2023\/11\/mobil-hoem-famille-dans-les-landes_resultat.webp 800w, https:\/\/www.camping-loupignada.com\/wp-content\/uploads\/2023\/11\/mobil-hoem-famille-dans-les-landes_resultat-300x200.webp 300w, https:\/\/www.camping-loupignada.com\/wp-content\/uploads\/2023\/11\/mobil-hoem-famille-dans-les-landes_resultat-768x512.webp 768w\" sizes=\"(max-width: 800px) 100vw, 800px\" \/><\/a><\/figure>\n<\/div>\n<\/div>\n\n\r\n    <\/div>\r\n<\/section><section id=\"ls-section-block_f4c3e9fb32140c21d368ddbf7d758551\" class=\"ls-section  home-sixth page-three has-p-t p-t-0\" >\r\n        <div class=\"container container--full\">\r\n        \n\n<div class=\"wp-block-columns are-vertically-aligned-center is-layout-flex wp-container-core-columns-is-layout-9d6595d7 wp-block-columns-is-layout-flex\">\n<div class=\"wp-block-column is-vertically-aligned-center is-layout-flow wp-block-column-is-layout-flow\">\n<figure class=\"wp-block-image size-full animated fadeIn delay-200ms slow\"><a href=\"https:\/\/www.camping-loupignada.com\/wp-content\/uploads\/2023\/11\/camping-activites-familiales-dans-les-landes_resultat.webp\"><img decoding=\"async\" width=\"800\" height=\"533\" src=\"https:\/\/www.camping-loupignada.com\/wp-content\/uploads\/2023\/11\/camping-activites-familiales-dans-les-landes_resultat.webp\" alt=\"camping gezinsactiviteiten in de landes resultaten\" class=\"wp-image-14763\" srcset=\"https:\/\/www.camping-loupignada.com\/wp-content\/uploads\/2023\/11\/camping-activites-familiales-dans-les-landes_resultat.webp 800w, https:\/\/www.camping-loupignada.com\/wp-content\/uploads\/2023\/11\/camping-activites-familiales-dans-les-landes_resultat-300x200.webp 300w, https:\/\/www.camping-loupignada.com\/wp-content\/uploads\/2023\/11\/camping-activites-familiales-dans-les-landes_resultat-768x512.webp 768w\" sizes=\"(max-width: 800px) 100vw, 800px\" \/><\/a><\/figure>\n<\/div>\n\n\n\n<div class=\"wp-block-column is-vertically-aligned-center is-layout-flow wp-block-column-is-layout-flow\"><div class=\"wp-block-image animated fadeInUp slow\">\n<figure class=\"aligncenter size-full is-resized\"><a href=\"https:\/\/www.camping-loupignada.com\/wp-content\/uploads\/2023\/11\/camping-animations-familiales-dans-les-landes.jpg\"><img decoding=\"async\" width=\"2000\" height=\"1333\" src=\"https:\/\/www.camping-loupignada.com\/wp-content\/uploads\/2023\/11\/camping-animations-familiales-dans-les-landes.jpg\" alt=\"familiecamping in de landes\" class=\"wp-image-14735\" style=\"width:335px;height:670px\" srcset=\"https:\/\/www.camping-loupignada.com\/wp-content\/uploads\/2023\/11\/camping-animations-familiales-dans-les-landes.jpg 2000w, https:\/\/www.camping-loupignada.com\/wp-content\/uploads\/2023\/11\/camping-animations-familiales-dans-les-landes-300x200.jpg 300w, https:\/\/www.camping-loupignada.com\/wp-content\/uploads\/2023\/11\/camping-animations-familiales-dans-les-landes-1024x682.jpg 1024w, https:\/\/www.camping-loupignada.com\/wp-content\/uploads\/2023\/11\/camping-animations-familiales-dans-les-landes-768x512.jpg 768w, https:\/\/www.camping-loupignada.com\/wp-content\/uploads\/2023\/11\/camping-animations-familiales-dans-les-landes-1536x1024.jpg 1536w\" sizes=\"(max-width: 2000px) 100vw, 2000px\" \/><\/a><\/figure>\n<\/div><\/div>\n\n\n\n<div class=\"wp-block-column is-vertically-aligned-center column-text-parallax is-layout-flow wp-block-column-is-layout-flow\">\n<h2 class=\"ls__heading wp-block-heading\">Activiteiten en animaties voor het hele gezin op onze camping in Landes<\/h2>\n\n\n\n<p class=\"ls-paragraph\">Lou Pignada is veel meer dan alleen een camping waar je stacaravans kunt huren, het is een prachtig etablissement dat speciaal is ontworpen om je gezinsvakantie nog spannender te maken. Bovendien biedt onze <strong>familiecamping<\/strong> een scala aan<a href=\"https:\/\/www.camping-loupignada.com\/nl\/camping-landes-met-animaties\/\">activiteiten en entertainment<\/a> voor kinderen en volwassenen om je te vermaken en aan al je verwachtingen te voldoen. De camping heeft ook een <strong>kinderclub<\/strong> zodat de kleintjes optimaal kunnen genieten van hun <strong>gezinsvakantie in de Landes<\/strong>.<\/p>\n\n\n\n<p class=\"ls-paragraph\">Lou Pignada is een <strong>familiecamping met zwembad in de Landes<\/strong>. Het heeft zelfs een heel zwemparadijs met<a href=\"https:\/\/www.camping-loupignada.com\/nl\/camping-landes-met-zwembad\/\">een verwarmd zwembad<\/a> om het hele jaar door van te genieten, twee buitenzwembaden met peuterbaden voor maximaal plezier en een solarium om vitamine D op te nemen.<\/p>\n\n\n\n<p class=\"ls-paragraph addReadMore showlesscontent\">Voor nog meer vermaak biedt Lou Pignada, <strong>uw 4-sterren familiecamping in de Landes<\/strong>, het hele jaar door een vol programma met activiteiten en avonden voor jong en oud.<\/p>\n<\/div>\n<\/div>\n\n\r\n    <\/div>\r\n<\/section><section id=\"ls-section-block_e5ca9e6d425b41d189525eea2757e819\" class=\"ls-section  home-sixth page-two has-p-t p-t-0\" >\r\n        <div class=\"container container--full\">\r\n        \n\n<div class=\"wp-block-columns are-vertically-aligned-center is-layout-flex wp-container-core-columns-is-layout-9d6595d7 wp-block-columns-is-layout-flex\">\n<div class=\"wp-block-column is-vertically-aligned-center column-text-parallax is-layout-flow wp-block-column-is-layout-flow\">\n<h2 class=\"ls__heading wp-block-heading\">Vrijetijdsactiviteiten voor het hele gezin rond onze camping in Ondres<\/h2>\n\n\n\n<p class=\"ls-paragraph\">Als je op zoek bent naar een <strong>familiecamping aan zee in de Landes<\/strong>, dan is het vakantiedorp Lou Pignada zeker je beste keuze. De camping ligt in Ondres, in het hart van het Landes bos en op een steenworp afstand van de mooiste stranden van de regio: les Sabl\u00e8res, l&#8217;Estacade, les ch\u00eanes li\u00e8ges, Soustons en Moliets-et-Maa.<\/p>\n\n\n\n<p class=\"ls-paragraph\">Geniet van de dennenbossen die het hele departement bedekken, het fijne zand van de Atlantische kust, de meren rond Biscarrosse en Azur, en vooral van de pracht van het Landes platteland, op slechts een paar kilometer van ons vakantiedomein! Op onze familiecamping in de Landes kun je de Landes op de fiets ontdekken en verkennen, de kustlijn die zich uitstrekt van het Bassin van Arcachon tot aan het Baskenland.<\/p>\n\n\n\n<p class=\"ls-paragraph addReadMore showlesscontent\">Vergeet niet om Ondres, Vieux Boucau, Mont-de-Marsan, Capbreton, Mimizan, Seignosse en Hossegor te bezoeken! Je zult aangenaam verrast zijn door de schoonheid van de Landes.<br\/><br\/>Ontsnap naar Aquitaine en laat u meeslepen door de charme van de Landes dankzij onze <strong>familiecamping<\/strong> Lou Pignada, een van de beste campings van het departement! Kun je niet wachten? We nodigen je uit om de beoordelingen van onze gasten te bekijken om een voorproefje te krijgen van wat je kunt verwachten op <strong>familiecamping Landes <\/strong>Lou Pignada.<\/p>\n<\/div>\n\n\n\n<div class=\"wp-block-column is-vertically-aligned-center is-layout-flow wp-block-column-is-layout-flow\">\n<figure class=\"wp-block-image size-full animated fadeIn delay-200ms slow\"><a href=\"https:\/\/www.camping-loupignada.com\/wp-content\/uploads\/2023\/11\/decouvrir-les-plages-dondres.jpg\"><img decoding=\"async\" width=\"800\" height=\"600\" src=\"https:\/\/www.camping-loupignada.com\/wp-content\/uploads\/2023\/11\/decouvrir-les-plages-dondres.jpg\" alt=\"ontdek de stranden van ondres\" class=\"wp-image-14247\" srcset=\"https:\/\/www.camping-loupignada.com\/wp-content\/uploads\/2023\/11\/decouvrir-les-plages-dondres.jpg 800w, https:\/\/www.camping-loupignada.com\/wp-content\/uploads\/2023\/11\/decouvrir-les-plages-dondres-300x225.jpg 300w, https:\/\/www.camping-loupignada.com\/wp-content\/uploads\/2023\/11\/decouvrir-les-plages-dondres-768x576.jpg 768w\" sizes=\"(max-width: 800px) 100vw, 800px\" \/><\/a><\/figure>\n<\/div>\n\n\n\n<div class=\"wp-block-column is-vertically-aligned-center is-layout-flow wp-block-column-is-layout-flow\">\n<figure class=\"wp-block-image size-full animated fadeIn delay-500ms slow\"><a href=\"https:\/\/www.camping-loupignada.com\/wp-content\/uploads\/2023\/09\/velo-plage-landes-camping-lou-pignada_resultat.webp\"><img decoding=\"async\" width=\"650\" height=\"900\" src=\"https:\/\/www.camping-loupignada.com\/wp-content\/uploads\/2023\/09\/velo-plage-landes-camping-lou-pignada_resultat.webp\" alt=\"Fietsstrand Landes Camping Lou Pignada\" class=\"wp-image-368\" srcset=\"https:\/\/www.camping-loupignada.com\/wp-content\/uploads\/2023\/09\/velo-plage-landes-camping-lou-pignada_resultat.webp 650w, https:\/\/www.camping-loupignada.com\/wp-content\/uploads\/2023\/09\/velo-plage-landes-camping-lou-pignada_resultat-217x300.webp 217w\" sizes=\"(max-width: 650px) 100vw, 650px\" \/><\/a><\/figure>\n<\/div>\n<\/div>\n\n\r\n    <\/div>\r\n<\/section><section id=\"ls-section-block_6e316f71a136c841fb7939e1626d7b05\" class=\"ls-section  page-four\" >\r\n        <div class=\"container container--wide\">\r\n        \n\n<div id=\"ls-heading ls-titre-div-block_daf0a6ab505363bbf9aca845ec128d85\" class=\"ls-titre-div aligncenter h2-like\" >\n    Ontdek onze diensten, zwembad en accommodatie<\/div>\n\n\n<div id=\"ls-maillage-block_fbe3254d86a85fe2ef029225c5aa3b45\" class=\"ls-maillage cta-style-normal\" data-rows=\"3\">\r\n    <div class=\"wp-block-columns\"><div class=\"wp-block-column\"><div class=\"ls-cta\">\n\n<a href=\"https:\/\/www.camping-loupignada.com\/nl\/camping-landes-met-zwembad\/\" target=\"\" rel=\"noopener\" class=\"ls-cta__link\">\n\n\t<div class=\"ls-cta__image\"><img decoding=\"async\" src=\"https:\/\/www.camping-loupignada.com\/wp-content\/uploads\/2023\/12\/camping-avec-piscine-ondres.webp\" alt=\"camping met zwembad ondres\"><\/div>\n\t<div class=\"ls-cta__title\">\n\t\tHet zwembad\t\t<span class=\"lou-pignada-return\"><\/span>\n\t<\/div>\n\n\t\t\n<\/a><\/div><\/div><div class=\"wp-block-column\"><div class=\"ls-cta\">\n\n<a href=\"https:\/\/www.camping-loupignada.com\/nl\/vakantieaccommodatie-landes\/\" target=\"\" rel=\"noopener\" class=\"ls-cta__link\">\n\n\t<div class=\"ls-cta__image\"><img decoding=\"async\" src=\"https:\/\/www.camping-loupignada.com\/wp-content\/uploads\/2023\/11\/louer-un-mobilhome-dans-les-landes.jpg\" alt=\"een stacaravan huren in de landes\"><\/div>\n\t<div class=\"ls-cta__title\">\n\t\tAccommodatie\t\t<span class=\"lou-pignada-return\"><\/span>\n\t<\/div>\n\n\t\t\n<\/a><\/div><\/div><div class=\"wp-block-column\"><div class=\"ls-cta\">\n\n<a href=\"https:\/\/www.camping-loupignada.com\/nl\/onze-services\/\" target=\"\" rel=\"noopener\" class=\"ls-cta__link\">\n\n\t<div class=\"ls-cta__image\"><img decoding=\"async\" src=\"https:\/\/www.camping-loupignada.com\/wp-content\/uploads\/2023\/11\/Lou-pignada-restaurant_resultat_resultat.webp\" alt=\"Lou pignada restaurant resultaat\"><\/div>\n\t<div class=\"ls-cta__title\">\n\t\tDe diensten\t\t<span class=\"lou-pignada-return\"><\/span>\n\t<\/div>\n\n\t\t\n<\/a><\/div><\/div><\/div><\/div>\n\r\n    <\/div>\r\n<\/section>","protected":false},"excerpt":{"rendered":"","protected":false},"author":1,"featured_media":14778,"parent":0,"menu_order":0,"comment_status":"closed","ping_status":"closed","template":"","meta":{"_acf_changed":false,"footnotes":""},"sujet":[],"class_list":["post-17411","page","type-page","status-publish","has-post-thumbnail","hentry"],"acf":[],"yoast_head":"<!-- This site is optimized with the Yoast SEO plugin v23.4 - https:\/\/yoast.com\/wordpress\/plugins\/seo\/ -->\n<title>Familiecamping in Landes | Familievakantie in Ondres, Landes<\/title>\n<meta name=\"description\" content=\"Familievakantie op onze familiecamping Lou Pignada in de Landes: wateractiviteiten, speeltuinen, animatie en nog veel meer.\" \/>\n<meta name=\"robots\" content=\"index, follow, max-snippet:-1, max-image-preview:large, max-video-preview:-1\" \/>\n<link rel=\"canonical\" href=\"https:\/\/www.camping-loupignada.com\/nl\/familiecamping-in-landes\/\" \/>\n<meta property=\"og:locale\" content=\"nl_NL\" \/>\n<meta property=\"og:type\" content=\"article\" \/>\n<meta property=\"og:title\" content=\"Familiecamping in Landes | Familievakantie in Ondres, Landes\" \/>\n<meta property=\"og:description\" content=\"Familievakantie op onze familiecamping Lou Pignada in de Landes: wateractiviteiten, speeltuinen, animatie en nog veel meer.\" \/>\n<meta property=\"og:url\" content=\"https:\/\/www.camping-loupignada.com\/nl\/familiecamping-in-landes\/\" \/>\n<meta property=\"og:site_name\" content=\"Camping Lou Pignada\" \/>\n<meta property=\"article:modified_time\" content=\"2023-11-24T14:37:40+00:00\" \/>\n<meta property=\"og:image\" content=\"https:\/\/www.camping-loupignada.com\/wp-content\/uploads\/2023\/11\/camping-familial-a-ondres.jpg\" \/>\n\t<meta property=\"og:image:width\" content=\"1920\" \/>\n\t<meta property=\"og:image:height\" content=\"600\" \/>\n\t<meta property=\"og:image:type\" content=\"image\/jpeg\" \/>\n<meta name=\"twitter:card\" content=\"summary_large_image\" \/>\n<meta name=\"twitter:label1\" content=\"Geschatte leestijd\" \/>\n\t<meta name=\"twitter:data1\" content=\"3 minuten\" \/>\n<script type=\"application\/ld+json\" class=\"yoast-schema-graph\">{\"@context\":\"https:\/\/schema.org\",\"@graph\":[{\"@type\":\"WebPage\",\"@id\":\"https:\/\/www.camping-loupignada.com\/nl\/familiecamping-in-landes\/\",\"url\":\"https:\/\/www.camping-loupignada.com\/nl\/familiecamping-in-landes\/\",\"name\":\"Familiecamping in Landes | Familievakantie in Ondres, Landes\",\"isPartOf\":{\"@id\":\"https:\/\/www.camping-loupignada.com\/#website\"},\"primaryImageOfPage\":{\"@id\":\"https:\/\/www.camping-loupignada.com\/nl\/familiecamping-in-landes\/#primaryimage\"},\"image\":{\"@id\":\"https:\/\/www.camping-loupignada.com\/nl\/familiecamping-in-landes\/#primaryimage\"},\"thumbnailUrl\":\"https:\/\/www.camping-loupignada.com\/wp-content\/uploads\/2023\/11\/camping-familial-a-ondres.jpg\",\"datePublished\":\"2023-11-22T07:42:51+00:00\",\"dateModified\":\"2023-11-24T14:37:40+00:00\",\"description\":\"Familievakantie op onze familiecamping Lou Pignada in de Landes: wateractiviteiten, speeltuinen, animatie en nog veel meer.\",\"breadcrumb\":{\"@id\":\"https:\/\/www.camping-loupignada.com\/nl\/familiecamping-in-landes\/#breadcrumb\"},\"inLanguage\":\"nl-NL\",\"potentialAction\":[{\"@type\":\"ReadAction\",\"target\":[\"https:\/\/www.camping-loupignada.com\/nl\/familiecamping-in-landes\/\"]}]},{\"@type\":\"ImageObject\",\"inLanguage\":\"nl-NL\",\"@id\":\"https:\/\/www.camping-loupignada.com\/nl\/familiecamping-in-landes\/#primaryimage\",\"url\":\"https:\/\/www.camping-loupignada.com\/wp-content\/uploads\/2023\/11\/camping-familial-a-ondres.jpg\",\"contentUrl\":\"https:\/\/www.camping-loupignada.com\/wp-content\/uploads\/2023\/11\/camping-familial-a-ondres.jpg\",\"width\":1920,\"height\":600,\"caption\":\"familiecamping in ondres\"},{\"@type\":\"BreadcrumbList\",\"@id\":\"https:\/\/www.camping-loupignada.com\/nl\/familiecamping-in-landes\/#breadcrumb\",\"itemListElement\":[{\"@type\":\"ListItem\",\"position\":1,\"name\":\"Kamperen Landes\",\"item\":\"https:\/\/www.camping-loupignada.com\/nl\/\"},{\"@type\":\"ListItem\",\"position\":2,\"name\":\"Familiecamping in Ondres\"}]},{\"@type\":\"WebSite\",\"@id\":\"https:\/\/www.camping-loupignada.com\/#website\",\"url\":\"https:\/\/www.camping-loupignada.com\/\",\"name\":\"Camping Lou Pignada\",\"description\":\"\",\"publisher\":{\"@id\":\"https:\/\/www.camping-loupignada.com\/#organization\"},\"potentialAction\":[{\"@type\":\"SearchAction\",\"target\":{\"@type\":\"EntryPoint\",\"urlTemplate\":\"https:\/\/www.camping-loupignada.com\/?s={search_term_string}\"},\"query-input\":{\"@type\":\"PropertyValueSpecification\",\"valueRequired\":true,\"valueName\":\"search_term_string\"}}],\"inLanguage\":\"nl-NL\"},{\"@type\":\"Organization\",\"@id\":\"https:\/\/www.camping-loupignada.com\/#organization\",\"name\":\"Camping Lou Pignada\",\"url\":\"https:\/\/www.camping-loupignada.com\/\",\"logo\":{\"@type\":\"ImageObject\",\"inLanguage\":\"nl-NL\",\"@id\":\"https:\/\/www.camping-loupignada.com\/#\/schema\/logo\/image\/\",\"url\":\"https:\/\/www.camping-loupignada.com\/wp-content\/uploads\/2023\/10\/cropped-logo.png\",\"contentUrl\":\"https:\/\/www.camping-loupignada.com\/wp-content\/uploads\/2023\/10\/cropped-logo.png\",\"width\":300,\"height\":300,\"caption\":\"Camping Lou Pignada\"},\"image\":{\"@id\":\"https:\/\/www.camping-loupignada.com\/#\/schema\/logo\/image\/\"}}]}<\/script>\n<!-- \/ Yoast SEO plugin. -->","yoast_head_json":{"title":"Familiecamping in Landes | Familievakantie in Ondres, Landes","description":"Familievakantie op onze familiecamping Lou Pignada in de Landes: wateractiviteiten, speeltuinen, animatie en nog veel meer.","robots":{"index":"index","follow":"follow","max-snippet":"max-snippet:-1","max-image-preview":"max-image-preview:large","max-video-preview":"max-video-preview:-1"},"canonical":"https:\/\/www.camping-loupignada.com\/nl\/familiecamping-in-landes\/","og_locale":"nl_NL","og_type":"article","og_title":"Familiecamping in Landes | Familievakantie in Ondres, Landes","og_description":"Familievakantie op onze familiecamping Lou Pignada in de Landes: wateractiviteiten, speeltuinen, animatie en nog veel meer.","og_url":"https:\/\/www.camping-loupignada.com\/nl\/familiecamping-in-landes\/","og_site_name":"Camping Lou Pignada","article_modified_time":"2023-11-24T14:37:40+00:00","og_image":[{"width":1920,"height":600,"url":"https:\/\/www.camping-loupignada.com\/wp-content\/uploads\/2023\/11\/camping-familial-a-ondres.jpg","type":"image\/jpeg"}],"twitter_card":"summary_large_image","twitter_misc":{"Geschatte leestijd":"3 minuten"},"schema":{"@context":"https:\/\/schema.org","@graph":[{"@type":"WebPage","@id":"https:\/\/www.camping-loupignada.com\/nl\/familiecamping-in-landes\/","url":"https:\/\/www.camping-loupignada.com\/nl\/familiecamping-in-landes\/","name":"Familiecamping in Landes | Familievakantie in Ondres, Landes","isPartOf":{"@id":"https:\/\/www.camping-loupignada.com\/#website"},"primaryImageOfPage":{"@id":"https:\/\/www.camping-loupignada.com\/nl\/familiecamping-in-landes\/#primaryimage"},"image":{"@id":"https:\/\/www.camping-loupignada.com\/nl\/familiecamping-in-landes\/#primaryimage"},"thumbnailUrl":"https:\/\/www.camping-loupignada.com\/wp-content\/uploads\/2023\/11\/camping-familial-a-ondres.jpg","datePublished":"2023-11-22T07:42:51+00:00","dateModified":"2023-11-24T14:37:40+00:00","description":"Familievakantie op onze familiecamping Lou Pignada in de Landes: wateractiviteiten, speeltuinen, animatie en nog veel meer.","breadcrumb":{"@id":"https:\/\/www.camping-loupignada.com\/nl\/familiecamping-in-landes\/#breadcrumb"},"inLanguage":"nl-NL","potentialAction":[{"@type":"ReadAction","target":["https:\/\/www.camping-loupignada.com\/nl\/familiecamping-in-landes\/"]}]},{"@type":"ImageObject","inLanguage":"nl-NL","@id":"https:\/\/www.camping-loupignada.com\/nl\/familiecamping-in-landes\/#primaryimage","url":"https:\/\/www.camping-loupignada.com\/wp-content\/uploads\/2023\/11\/camping-familial-a-ondres.jpg","contentUrl":"https:\/\/www.camping-loupignada.com\/wp-content\/uploads\/2023\/11\/camping-familial-a-ondres.jpg","width":1920,"height":600,"caption":"familiecamping in ondres"},{"@type":"BreadcrumbList","@id":"https:\/\/www.camping-loupignada.com\/nl\/familiecamping-in-landes\/#breadcrumb","itemListElement":[{"@type":"ListItem","position":1,"name":"Kamperen Landes","item":"https:\/\/www.camping-loupignada.com\/nl\/"},{"@type":"ListItem","position":2,"name":"Familiecamping in Ondres"}]},{"@type":"WebSite","@id":"https:\/\/www.camping-loupignada.com\/#website","url":"https:\/\/www.camping-loupignada.com\/","name":"Camping Lou Pignada","description":"","publisher":{"@id":"https:\/\/www.camping-loupignada.com\/#organization"},"potentialAction":[{"@type":"SearchAction","target":{"@type":"EntryPoint","urlTemplate":"https:\/\/www.camping-loupignada.com\/?s={search_term_string}"},"query-input":{"@type":"PropertyValueSpecification","valueRequired":true,"valueName":"search_term_string"}}],"inLanguage":"nl-NL"},{"@type":"Organization","@id":"https:\/\/www.camping-loupignada.com\/#organization","name":"Camping Lou Pignada","url":"https:\/\/www.camping-loupignada.com\/","logo":{"@type":"ImageObject","inLanguage":"nl-NL","@id":"https:\/\/www.camping-loupignada.com\/#\/schema\/logo\/image\/","url":"https:\/\/www.camping-loupignada.com\/wp-content\/uploads\/2023\/10\/cropped-logo.png","contentUrl":"https:\/\/www.camping-loupignada.com\/wp-content\/uploads\/2023\/10\/cropped-logo.png","width":300,"height":300,"caption":"Camping Lou Pignada"},"image":{"@id":"https:\/\/www.camping-loupignada.com\/#\/schema\/logo\/image\/"}}]}},"_links":{"self":[{"href":"https:\/\/www.camping-loupignada.com\/nl\/wp-json\/wp\/v2\/pages\/17411","targetHints":{"allow":["GET"]}}],"collection":[{"href":"https:\/\/www.camping-loupignada.com\/nl\/wp-json\/wp\/v2\/pages"}],"about":[{"href":"https:\/\/www.camping-loupignada.com\/nl\/wp-json\/wp\/v2\/types\/page"}],"author":[{"embeddable":true,"href":"https:\/\/www.camping-loupignada.com\/nl\/wp-json\/wp\/v2\/users\/1"}],"replies":[{"embeddable":true,"href":"https:\/\/www.camping-loupignada.com\/nl\/wp-json\/wp\/v2\/comments?post=17411"}],"version-history":[{"count":8,"href":"https:\/\/www.camping-loupignada.com\/nl\/wp-json\/wp\/v2\/pages\/17411\/revisions"}],"predecessor-version":[{"id":17892,"href":"https:\/\/www.camping-loupignada.com\/nl\/wp-json\/wp\/v2\/pages\/17411\/revisions\/17892"}],"wp:featuredmedia":[{"embeddable":true,"href":"https:\/\/www.camping-loupignada.com\/nl\/wp-json\/wp\/v2\/media\/14778"}],"wp:attachment":[{"href":"https:\/\/www.camping-loupignada.com\/nl\/wp-json\/wp\/v2\/media?parent=17411"}],"wp:term":[{"taxonomy":"sujet","embeddable":true,"href":"https:\/\/www.camping-loupignada.com\/nl\/wp-json\/wp\/v2\/sujet?post=17411"}],"curies":[{"name":"wp","href":"https:\/\/api.w.org\/{rel}","templated":true}]}}